{"id":24263,"date":"2021-10-07T17:45:23","date_gmt":"2021-10-07T21:45:23","guid":{"rendered":"https:\/\/www.lirapopular.cl\/lirapopularxix\/?page_id=24263"},"modified":"2021-10-07T17:45:23","modified_gmt":"2021-10-07T21:45:23","slug":"la-lira-popular-num-28","status":"publish","type":"page","link":"https:\/\/www.lirapopular.cl\/lirapopularxix\/la-lira-popular-num-28\/","title":{"rendered":"La Lira Popular \u2014 N\u00fam. 28"},"content":{"rendered":"\n<div class=\"wp-block-image\"><figure class=\"alignright size-medium\"><a href=\"https:\/\/www.lirapopular.cl\/lirapopularxix\/wp-content\/uploads\/2021\/10\/LO0012486.jpg\"><img loading=\"lazy\" decoding=\"async\" width=\"213\" height=\"300\" src=\"https:\/\/www.lirapopular.cl\/lirapopularxix\/wp-content\/uploads\/2021\/10\/LO0012486-213x300.jpg\" alt=\"\" class=\"wp-image-24266\" srcset=\"https:\/\/www.lirapopular.cl\/lirapopularxix\/wp-content\/uploads\/2021\/10\/LO0012486-213x300.jpg 213w, https:\/\/www.lirapopular.cl\/lirapopularxix\/wp-content\/uploads\/2021\/10\/LO0012486.jpg 710w\" sizes=\"auto, (max-width: 213px) 100vw, 213px\" \/><\/a><figcaption>Archivo de Literatura Oral<br \/>Colecci\u00f3n Alamiro de \u00c1vila<\/figcaption><\/figure><\/div>\n\n\n\n<p>Autor: Juan Bautista Peralta. Es propiedad del autor.\u2014 Se proh\u00edbe la reimpresi\u00f3n de estas poes\u00edas.&nbsp;G\u00e1lvez 826.<br \/>Impresor: Sin informaci\u00f3n<br \/>Tama\u00f1o: 56 x 39 cm<br \/>Clasificaci\u00f3n: BN C\u00f3digo:&nbsp;LO0012486, BN C\u00f3digo:&nbsp;LO0012123<\/p>\n\n\n\n<ul class=\"wp-block-list\"><li><a href=\"https:\/\/www.lirapopular.cl\/lirapopularxix\/2021\/10\/07\/la-lira-de-luto-2\/\">&#8220;La Lira&#8221; de luto<\/a><\/li><li><a href=\"https:\/\/www.lirapopular.cl\/lirapopularxix\/2021\/10\/07\/la-recepciondel-cadaver-de-s-e-en-santiago\/\">La recepci\u00f3n del cad\u00e1ver de S. E. en Santiago<\/a><\/li><li><a href=\"https:\/\/www.lirapopular.cl\/lirapopularxix\/2021\/10\/07\/la-muertedel-ecxmo-senor-errazuriz-2\/\">La muerte del Ecxmo. Se\u00f1or Err\u00e1zuriz<\/a><\/li><li><a href=\"https:\/\/www.lirapopular.cl\/lirapopularxix\/2021\/10\/07\/el-velorio-de-s-e-en-el-congreso\/\">El velorio de S. E. en el Congreso<\/a><\/li><li><a href=\"https:\/\/www.lirapopular.cl\/lirapopularxix\/2021\/10\/07\/los-funeralesdel-excmo-senor-errazuriz\/\">Los funerales del Excmo. Se\u00f1or Err\u00e1zuriz<\/a><\/li><\/ul>\n\n\n\n<p>Nota: La Lira se refiere a F. Err\u00e1zuriz Echaurren, quien muri\u00f3 siendo Presidente el 12 de julio de 1901 y permite datarla.<br \/>La Lira republica algunos versos.<br \/>El 1er ejemplar tiene escrito a mano con plum\u00f3n \u201c160\u201d. Por el reverso con bol\u00edgrafo &#8220;169&#8221;.<br \/>El 2\u00ba ejemplar tiene escrito a mano con l\u00e1piz azul \u201c-31-\u201d, con grafito &#8220;1901&#8221;, &#8220;35&#8221; y con un timbre &#8220;430&#8221;.<br \/>Documentos optimizados digitalmente.<\/p>\n\n\n\n<div class=\"wp-block-image is-style-default\"><figure class=\"alignright size-medium\"><a href=\"https:\/\/www.lirapopular.cl\/lirapopularxix\/wp-content\/uploads\/2021\/11\/LO0012123.jpg\"><img loading=\"lazy\" decoding=\"async\" width=\"207\" height=\"300\" src=\"https:\/\/www.lirapopular.cl\/lirapopularxix\/wp-content\/uploads\/2021\/11\/LO0012123-207x300.jpg\" alt=\"\" class=\"wp-image-26365\" srcset=\"https:\/\/www.lirapopular.cl\/lirapopularxix\/wp-content\/uploads\/2021\/11\/LO0012123-207x300.jpg 207w, https:\/\/www.lirapopular.cl\/lirapopularxix\/wp-content\/uploads\/2021\/11\/LO0012123.jpg 690w\" sizes=\"auto, (max-width: 207px) 100vw, 207px\" \/><\/a><figcaption>Archivo de Literatura Oral<br \/>Fondo Rodolfo Lenz<\/figcaption><\/figure><\/div>\n","protected":false},"excerpt":{"rendered":"<p>Autor: Juan Bautista Peralta. Es propiedad del autor.\u2014 Se proh\u00edbe la reimpresi\u00f3n de estas poes\u00edas.&nbsp;G\u00e1lvez 826.Impresor: Sin informaci\u00f3nTama\u00f1o: 56 x 39 cmClasificaci\u00f3n: BN C\u00f3digo:&nbsp;LO0012486, BN C\u00f3digo:&nbsp;LO0012123 &#8220;La Lira&#8221; de luto La recepci\u00f3n del cad\u00e1ver de S. E. en Santiago La muerte del Ecxmo. Se\u00f1or Err\u00e1zuriz El velorio de S. E. en el Congreso Los funerales [&hellip;]<\/p>\n","protected":false},"author":1,"featured_media":0,"parent":0,"menu_order":0,"comment_status":"closed","ping_status":"closed","template":"","meta":{"footnotes":""},"class_list":["post-24263","page","type-page","status-publish","hentry"],"jetpack_sharing_enabled":true,"_links":{"self":[{"href":"https:\/\/www.lirapopular.cl\/lirapopularxix\/wp-json\/wp\/v2\/pages\/24263","targetHints":{"allow":["GET"]}}],"collection":[{"href":"https:\/\/www.lirapopular.cl\/lirapopularxix\/wp-json\/wp\/v2\/pages"}],"about":[{"href":"https:\/\/www.lirapopular.cl\/lirapopularxix\/wp-json\/wp\/v2\/types\/page"}],"author":[{"embeddable":true,"href":"https:\/\/www.lirapopular.cl\/lirapopularxix\/wp-json\/wp\/v2\/users\/1"}],"replies":[{"embeddable":true,"href":"https:\/\/www.lirapopular.cl\/lirapopularxix\/wp-json\/wp\/v2\/comments?post=24263"}],"version-history":[{"count":0,"href":"https:\/\/www.lirapopular.cl\/lirapopularxix\/wp-json\/wp\/v2\/pages\/24263\/revisions"}],"wp:attachment":[{"href":"https:\/\/www.lirapopular.cl\/lirapopularxix\/wp-json\/wp\/v2\/media?parent=24263"}],"curies":[{"name":"wp","href":"https:\/\/api.w.org\/{rel}","templated":true}]}}