{"id":24225,"date":"2021-10-07T09:05:37","date_gmt":"2021-10-07T13:05:37","guid":{"rendered":"https:\/\/www.lirapopular.cl\/lirapopularxix\/?page_id=24225"},"modified":"2021-10-07T09:05:37","modified_gmt":"2021-10-07T13:05:37","slug":"la-lira-popular-num-25","status":"publish","type":"page","link":"https:\/\/www.lirapopular.cl\/lirapopularxix\/la-lira-popular-num-25\/","title":{"rendered":"La Lira Popular \u2014 N\u00fam. 25"},"content":{"rendered":"\n<div class=\"wp-block-image\"><figure class=\"alignright size-medium\"><a href=\"https:\/\/www.lirapopular.cl\/lirapopularxix\/wp-content\/uploads\/2021\/10\/LO0012483.jpg\"><img loading=\"lazy\" decoding=\"async\" width=\"214\" height=\"300\" src=\"https:\/\/www.lirapopular.cl\/lirapopularxix\/wp-content\/uploads\/2021\/10\/LO0012483-214x300.jpg\" alt=\"\" class=\"wp-image-24229\" srcset=\"https:\/\/www.lirapopular.cl\/lirapopularxix\/wp-content\/uploads\/2021\/10\/LO0012483-214x300.jpg 214w, https:\/\/www.lirapopular.cl\/lirapopularxix\/wp-content\/uploads\/2021\/10\/LO0012483.jpg 712w\" sizes=\"auto, (max-width: 214px) 100vw, 214px\" \/><\/a><figcaption>Archivo de Literatura Oral<br \/>Colecci\u00f3n Alamiro de \u00c1vila<\/figcaption><\/figure><\/div>\n\n\n\n<p>Autor: Juan Bautista Peralta. &nbsp;Es propiedad del autor.\u2014 Se proh\u00edbe la reimpresi\u00f3n de estas poes\u00edas. G\u00e1lvez 826<br \/>Impresor: Sin informaci\u00f3n<br \/>Tama\u00f1o: 56 x 39 cm<br \/>Clasificaci\u00f3n: BN C\u00f3digo:&nbsp;LO0012483<\/p>\n\n\n\n<ul class=\"wp-block-list\"><li><a href=\"https:\/\/www.lirapopular.cl\/lirapopularxix\/2021\/10\/07\/acalorada-polemicaentre-los-candidatos-montti-riesco-2\/\">Acalorada pol\u00e9mica entre los candidatos Montt y Riesco<\/a><\/li><li><a href=\"https:\/\/www.lirapopular.cl\/lirapopularxix\/2021\/10\/07\/gran-ajitacionen-el-pueblola-contienda-politica\/\">Gran agitaci\u00f3n en el pueblo. La contienda pol\u00edtica<\/a><\/li><li><a href=\"https:\/\/www.lirapopular.cl\/lirapopularxix\/2021\/10\/07\/el-reo-espinosa-que-dio-muerte\/\">El reo Espinoza que di\u00f3 muerte a un italiano en Valpara\u00edso<\/a><\/li><li><a href=\"https:\/\/www.lirapopular.cl\/lirapopularxix\/2021\/10\/07\/nacimiento-del-ninocon-cuatro-ojoscuatro-piernas-i-cuatro-brazos\/\">Nacimiento del ni\u00f1o con cuatro ojos cuatro piernas y cuatro brazos<\/a><\/li><\/ul>\n\n\n\n<p>Nota: Este ejemplar tiene escrito a mano con plum\u00f3n \u201c157\u201d. Por el reverso sobre una etiqueta &#8220;46&#8221;.<br \/>En esta lira el autor utiliza elementos tipogr\u00e1ficos compuestos en la anterior.<br \/>Documento optimizado digitalmente.<\/p>\n","protected":false},"excerpt":{"rendered":"<p>Autor: Juan Bautista Peralta. &nbsp;Es propiedad del autor.\u2014 Se proh\u00edbe la reimpresi\u00f3n de estas poes\u00edas. G\u00e1lvez 826Impresor: Sin informaci\u00f3nTama\u00f1o: 56 x 39 cmClasificaci\u00f3n: BN C\u00f3digo:&nbsp;LO0012483 Acalorada pol\u00e9mica entre los candidatos Montt y Riesco Gran agitaci\u00f3n en el pueblo. La contienda pol\u00edtica El reo Espinoza que di\u00f3 muerte a un italiano en Valpara\u00edso Nacimiento del ni\u00f1o [&hellip;]<\/p>\n","protected":false},"author":1,"featured_media":0,"parent":0,"menu_order":0,"comment_status":"closed","ping_status":"closed","template":"","meta":{"footnotes":""},"class_list":["post-24225","page","type-page","status-publish","hentry"],"jetpack_sharing_enabled":true,"_links":{"self":[{"href":"https:\/\/www.lirapopular.cl\/lirapopularxix\/wp-json\/wp\/v2\/pages\/24225","targetHints":{"allow":["GET"]}}],"collection":[{"href":"https:\/\/www.lirapopular.cl\/lirapopularxix\/wp-json\/wp\/v2\/pages"}],"about":[{"href":"https:\/\/www.lirapopular.cl\/lirapopularxix\/wp-json\/wp\/v2\/types\/page"}],"author":[{"embeddable":true,"href":"https:\/\/www.lirapopular.cl\/lirapopularxix\/wp-json\/wp\/v2\/users\/1"}],"replies":[{"embeddable":true,"href":"https:\/\/www.lirapopular.cl\/lirapopularxix\/wp-json\/wp\/v2\/comments?post=24225"}],"version-history":[{"count":0,"href":"https:\/\/www.lirapopular.cl\/lirapopularxix\/wp-json\/wp\/v2\/pages\/24225\/revisions"}],"wp:attachment":[{"href":"https:\/\/www.lirapopular.cl\/lirapopularxix\/wp-json\/wp\/v2\/media?parent=24225"}],"curies":[{"name":"wp","href":"https:\/\/api.w.org\/{rel}","templated":true}]}}