{"id":24127,"date":"2021-10-05T14:53:08","date_gmt":"2021-10-05T18:53:08","guid":{"rendered":"https:\/\/www.lirapopular.cl\/lirapopularxix\/?page_id=24127"},"modified":"2021-10-05T14:53:08","modified_gmt":"2021-10-05T18:53:08","slug":"la-lira-popular-no-95","status":"publish","type":"page","link":"https:\/\/www.lirapopular.cl\/lirapopularxix\/la-lira-popular-no-95\/","title":{"rendered":"A\u00f1o VI. La Lira Popular N\u00ba. 95<br>5 cts. n\u00famero Fundado el 15 de Agosto de 1899"},"content":{"rendered":"\n<div class=\"wp-block-image\"><figure class=\"alignright size-medium\"><a href=\"https:\/\/www.lirapopular.cl\/lirapopularxix\/wp-content\/uploads\/2021\/10\/LO0012543.jpg\"><img loading=\"lazy\" decoding=\"async\" width=\"206\" height=\"300\" src=\"https:\/\/www.lirapopular.cl\/lirapopularxix\/wp-content\/uploads\/2021\/10\/LO0012543-206x300.jpg\" alt=\"\" class=\"wp-image-24130\" srcset=\"https:\/\/www.lirapopular.cl\/lirapopularxix\/wp-content\/uploads\/2021\/10\/LO0012543-206x300.jpg 206w, https:\/\/www.lirapopular.cl\/lirapopularxix\/wp-content\/uploads\/2021\/10\/LO0012543.jpg 688w\" sizes=\"auto, (max-width: 206px) 100vw, 206px\" \/><\/a><figcaption>Archivo de Literatura Oral<br \/>Colecci\u00f3n Alamiro de \u00c1vila<\/figcaption><\/figure><\/div>\n\n\n\n<p>Autor: Juan Bautista Peralta. Se prohibe la reimpresi\u00f3n de estas poes\u00edas. Direcci\u00f3n: Bandera 827.\u2014 Pieza n\u00famero 6<br \/>Impresor: Sin informaci\u00f3n<br \/>Tama\u00f1o: 55 x 38 cm<br \/>Clasificaci\u00f3n: BN C\u00f3digo:\u00a0LO0012543<\/p>\n\n\n\n<ul class=\"wp-block-list\"><li><a href=\"https:\/\/www.lirapopular.cl\/lirapopularxix\/2021\/10\/05\/la-guerra-ruso-japonesa\/\">La guerra ruso-japonesa. La toma de Puerto Arturo. Derrota de Kuropatkine. Importantes noticias<\/a><\/li><li><a href=\"https:\/\/www.lirapopular.cl\/lirapopularxix\/2021\/10\/05\/el-intento-criminal-de-luisa-idauzon\/\">El intento criminal de Luisa Idauzon. Importantes detalles. Declaraci\u00f3n de la culpable. Revelaciones de la v\u00edctima<\/a><\/li><li><a href=\"https:\/\/www.lirapopular.cl\/lirapopularxix\/2021\/10\/05\/reminiscenciasrecuerdosdel29-de-agosto-de-1891\/\">Reminiscencias. Recuerdos del 29 de agosto de 1891<\/a><\/li><li><a href=\"https:\/\/www.lirapopular.cl\/lirapopularxix\/2021\/10\/05\/horrendo-crimen-una-muchacha\/\">Horrendo crimen. Una muchacha de 15 a\u00f1os intenta envenenar a su madre y a dos hermanos<\/a><\/li><li><a href=\"https:\/\/www.lirapopular.cl\/lirapopularxix\/2021\/10\/05\/gran-recepcional-poeta-meneses-en-santiago\/\">Gran recepci\u00f3n al poeta Meneses en Santiago<\/a><\/li><li><a href=\"https:\/\/www.lirapopular.cl\/lirapopularxix\/2021\/10\/05\/en-presencia-de-la-primaveraal-fin-respiramos\/\">En presencia de la primavera. Al fin, respiramos<\/a><\/li><\/ul>\n\n\n\n<p>Nota: Este ejemplar tiene escrito a mano con plum\u00f3n \u201c217\u201d. Por el reverso con bol\u00edgrafo &#8220;175&#8221;.<br \/>Documento optimizado digitalmente.<\/p>\n","protected":false},"excerpt":{"rendered":"<p>Autor: Juan Bautista Peralta. Se prohibe la reimpresi\u00f3n de estas poes\u00edas. Direcci\u00f3n: Bandera 827.\u2014 Pieza n\u00famero 6Impresor: Sin informaci\u00f3nTama\u00f1o: 55 x 38 cmClasificaci\u00f3n: BN C\u00f3digo:\u00a0LO0012543 La guerra ruso-japonesa. La toma de Puerto Arturo. Derrota de Kuropatkine. Importantes noticias El intento criminal de Luisa Idauzon. Importantes detalles. Declaraci\u00f3n de la culpable. Revelaciones de la v\u00edctima Reminiscencias. [&hellip;]<\/p>\n","protected":false},"author":1,"featured_media":0,"parent":0,"menu_order":0,"comment_status":"closed","ping_status":"closed","template":"","meta":{"footnotes":""},"class_list":["post-24127","page","type-page","status-publish","hentry"],"jetpack_sharing_enabled":true,"_links":{"self":[{"href":"https:\/\/www.lirapopular.cl\/lirapopularxix\/wp-json\/wp\/v2\/pages\/24127","targetHints":{"allow":["GET"]}}],"collection":[{"href":"https:\/\/www.lirapopular.cl\/lirapopularxix\/wp-json\/wp\/v2\/pages"}],"about":[{"href":"https:\/\/www.lirapopular.cl\/lirapopularxix\/wp-json\/wp\/v2\/types\/page"}],"author":[{"embeddable":true,"href":"https:\/\/www.lirapopular.cl\/lirapopularxix\/wp-json\/wp\/v2\/users\/1"}],"replies":[{"embeddable":true,"href":"https:\/\/www.lirapopular.cl\/lirapopularxix\/wp-json\/wp\/v2\/comments?post=24127"}],"version-history":[{"count":0,"href":"https:\/\/www.lirapopular.cl\/lirapopularxix\/wp-json\/wp\/v2\/pages\/24127\/revisions"}],"wp:attachment":[{"href":"https:\/\/www.lirapopular.cl\/lirapopularxix\/wp-json\/wp\/v2\/media?parent=24127"}],"curies":[{"name":"wp","href":"https:\/\/api.w.org\/{rel}","templated":true}]}}