{"id":2412,"date":"2019-08-10T18:09:29","date_gmt":"2019-08-10T22:09:29","guid":{"rendered":"https:\/\/www.lirapopular.cl\/lirapopularxix\/?page_id=2412"},"modified":"2019-08-10T18:09:29","modified_gmt":"2019-08-10T22:09:29","slug":"el-cadalzo-ultimas-palabras-de-los-reos-feroz-crimen-en-curico","status":"publish","type":"page","link":"https:\/\/www.lirapopular.cl\/lirapopularxix\/el-cadalzo-ultimas-palabras-de-los-reos-feroz-crimen-en-curico\/","title":{"rendered":"EL CADALZO <br>ULTIMAS PALABRAS DE LOS REOS-FEROZ CRIMEN EN CURICO"},"content":{"rendered":"\n<div class=\"wp-block-image\"><figure class=\"alignright\"><a href=\"https:\/\/www.lirapopular.cl\/lirapopularxix\/wp-content\/uploads\/2019\/08\/481.jpg\"><img loading=\"lazy\" decoding=\"async\" width=\"218\" height=\"300\" src=\"https:\/\/www.lirapopular.cl\/lirapopularxix\/wp-content\/uploads\/2019\/08\/481-218x300.jpg\" alt=\"\" class=\"wp-image-2413\" srcset=\"https:\/\/www.lirapopular.cl\/lirapopularxix\/wp-content\/uploads\/2019\/08\/481-218x300.jpg 218w, https:\/\/www.lirapopular.cl\/lirapopularxix\/wp-content\/uploads\/2019\/08\/481.jpg 727w\" sizes=\"auto, (max-width: 218px) 100vw, 218px\" \/><\/a><figcaption>Colecci\u00f3n Lira Popular de la <br>Universidad de Chile<\/figcaption><\/figure><\/div>\n\n\n\n<p>Autor: Pepa Araneda<br>Impresor: Sin informaci\u00f3n<br>Tama\u00f1o: 37,6 x 53,3 cm<br>Clasificaci\u00f3n: 481 A663c Caja N\u00b06b<br>BN C\u00f3digo:\u00a0LO0012078<\/p>\n\n\n\n<ul class=\"wp-block-list\"><li><a href=\"https:\/\/www.lirapopular.cl\/lirapopularxix\/2019\/08\/10\/ultimas-palabras-de-los-reos-las-cartas-a-la-familia\/\">Ultimas palabras de los reos Las cartas a la familia<\/a><\/li><li><a href=\"https:\/\/www.lirapopular.cl\/lirapopularxix\/2019\/08\/10\/el-marido-martirizo-i-degollo-a-la-mujer\/\">El marido martiriz\u00f3 y degoll\u00f3 a la mujer<\/a><\/li><li><a href=\"https:\/\/www.lirapopular.cl\/lirapopularxix\/2019\/08\/10\/despedida-de-don-cristoval\/\">Despedida de don Crist\u00f3val<\/a><\/li><li><a href=\"https:\/\/www.lirapopular.cl\/lirapopularxix\/2019\/08\/10\/la-doctrina-verdadera-2\/\">La doctrina verdadera<\/a><\/li><li><a href=\"https:\/\/www.lirapopular.cl\/lirapopularxix\/2019\/08\/10\/para-anjel\/\">para Anjel<\/a><\/li><\/ul>\n\n\n\n<p>Nota: El 1er ejemplar tiene escrito a mano con l\u00e1piz rojo \u201c481\u201d<br>El 2\u00ba ejemplar tiene escrito a mano con l\u00e1piz rojo \u201c-20-\u201d, con l\u00e1piz grafito &#8220;7&#8221; y con un timbre &#8220;66&#8221;.<br>Documento optimizado digitalmente.<\/p>\n\n\n\n<div class=\"wp-block-image\"><figure class=\"alignright size-medium\"><a href=\"https:\/\/www.lirapopular.cl\/lirapopularxix\/wp-content\/uploads\/2020\/06\/LO0012078.jpg\"><img loading=\"lazy\" decoding=\"async\" width=\"211\" height=\"300\" src=\"https:\/\/www.lirapopular.cl\/lirapopularxix\/wp-content\/uploads\/2020\/06\/LO0012078-211x300.jpg\" alt=\"\" class=\"wp-image-10017\" srcset=\"https:\/\/www.lirapopular.cl\/lirapopularxix\/wp-content\/uploads\/2020\/06\/LO0012078-211x300.jpg 211w, https:\/\/www.lirapopular.cl\/lirapopularxix\/wp-content\/uploads\/2020\/06\/LO0012078.jpg 704w\" sizes=\"auto, (max-width: 211px) 100vw, 211px\" \/><\/a><figcaption>Archivo de Literatura Oral<br>Fondo Rodolfo Lenz<\/figcaption><\/figure><\/div>\n","protected":false},"excerpt":{"rendered":"<p>Autor: Pepa AranedaImpresor: Sin informaci\u00f3nTama\u00f1o: 37,6 x 53,3 cmClasificaci\u00f3n: 481 A663c Caja N\u00b06bBN C\u00f3digo:\u00a0LO0012078 Ultimas palabras de los reos Las cartas a la familia El marido martiriz\u00f3 y degoll\u00f3 a la mujer Despedida de don Crist\u00f3val La doctrina verdadera para Anjel Nota: El 1er ejemplar tiene escrito a mano con l\u00e1piz rojo \u201c481\u201dEl 2\u00ba ejemplar [&hellip;]<\/p>\n","protected":false},"author":1,"featured_media":0,"parent":0,"menu_order":0,"comment_status":"closed","ping_status":"closed","template":"","meta":{"footnotes":""},"class_list":["post-2412","page","type-page","status-publish","hentry"],"jetpack_sharing_enabled":true,"_links":{"self":[{"href":"https:\/\/www.lirapopular.cl\/lirapopularxix\/wp-json\/wp\/v2\/pages\/2412","targetHints":{"allow":["GET"]}}],"collection":[{"href":"https:\/\/www.lirapopular.cl\/lirapopularxix\/wp-json\/wp\/v2\/pages"}],"about":[{"href":"https:\/\/www.lirapopular.cl\/lirapopularxix\/wp-json\/wp\/v2\/types\/page"}],"author":[{"embeddable":true,"href":"https:\/\/www.lirapopular.cl\/lirapopularxix\/wp-json\/wp\/v2\/users\/1"}],"replies":[{"embeddable":true,"href":"https:\/\/www.lirapopular.cl\/lirapopularxix\/wp-json\/wp\/v2\/comments?post=2412"}],"version-history":[{"count":0,"href":"https:\/\/www.lirapopular.cl\/lirapopularxix\/wp-json\/wp\/v2\/pages\/2412\/revisions"}],"wp:attachment":[{"href":"https:\/\/www.lirapopular.cl\/lirapopularxix\/wp-json\/wp\/v2\/media?parent=2412"}],"curies":[{"name":"wp","href":"https:\/\/api.w.org\/{rel}","templated":true}]}}