{"id":24103,"date":"2021-10-05T09:18:04","date_gmt":"2021-10-05T13:18:04","guid":{"rendered":"https:\/\/www.lirapopular.cl\/lirapopularxix\/?page_id=24103"},"modified":"2021-10-05T09:18:04","modified_gmt":"2021-10-05T13:18:04","slug":"la-lira-popular-no-84","status":"publish","type":"page","link":"https:\/\/www.lirapopular.cl\/lirapopularxix\/la-lira-popular-no-84\/","title":{"rendered":"LA LIRA POPULAR N\u00ba 84"},"content":{"rendered":"\n<div class=\"wp-block-image\"><figure class=\"alignright size-medium\"><a href=\"https:\/\/www.lirapopular.cl\/lirapopularxix\/wp-content\/uploads\/2021\/10\/LO0012534.jpg\"><img loading=\"lazy\" decoding=\"async\" width=\"210\" height=\"300\" src=\"https:\/\/www.lirapopular.cl\/lirapopularxix\/wp-content\/uploads\/2021\/10\/LO0012534-210x300.jpg\" alt=\"\" class=\"wp-image-24107\" srcset=\"https:\/\/www.lirapopular.cl\/lirapopularxix\/wp-content\/uploads\/2021\/10\/LO0012534-210x300.jpg 210w, https:\/\/www.lirapopular.cl\/lirapopularxix\/wp-content\/uploads\/2021\/10\/LO0012534.jpg 700w\" sizes=\"auto, (max-width: 210px) 100vw, 210px\" \/><\/a><figcaption>Archivo de Literatura Oral<br \/>Colecci\u00f3n Alamiro de \u00c1vila<\/figcaption><\/figure><\/div>\n\n\n\n<p>Autor: Juan Bautista Peralta. Es propiedad, Se proh\u00edbe la reimpresi\u00f3n de estas poes\u00edas. San Diego 767<br \/>Impresor: Imp. \u00abEsperanza\u00bb Aldunate 849<br \/>Tama\u00f1o: 55 x 39 cm<br \/>Clasificaci\u00f3n: BN C\u00f3digo:\u00a0LO0012534<\/p>\n\n\n\n<ul class=\"wp-block-list\"><li><a href=\"https:\/\/www.lirapopular.cl\/lirapopularxix\/2021\/10\/05\/espantosa-guerra-entre-rusia-i-el-japon\/\">Espantosa guerra entre Rusia y el Jap\u00f3n. Gran combate en Port Arthur. Once buques rusos fuera de combate.\u2014 Espl\u00e9ndido triunfo de los japoneses<\/a><\/li><li><a href=\"https:\/\/www.lirapopular.cl\/lirapopularxix\/2021\/10\/05\/batalla-de-chacabuco-2\/\">Batalla de Chacabuco. El 12 de febrero de 1817. Haza\u00f1a de O&#8217;Higgins.\u2014 Rasgos hist\u00f3ricos traducidos en versos<\/a><\/li><li><a href=\"https:\/\/www.lirapopular.cl\/lirapopularxix\/2021\/10\/05\/proezas-de-ohigginsen-la-cuesta-de-chacabuco\/\">Proezas de O&#8217;Higgins en la cuesta de Chacabuco. Muerte de la opresi\u00f3n<\/a><\/li><li><a href=\"https:\/\/www.lirapopular.cl\/lirapopularxix\/2021\/10\/05\/el-fin-de-la-batalla\/\">El fin de la batalla. Prisi\u00f3n de San Bruno. Fuga de Marc\u00f3. Fin del gobierno mon\u00e1rquico<\/a><\/li><li><a href=\"https:\/\/www.lirapopular.cl\/lirapopularxix\/2021\/10\/05\/la-recompensa-de-los-veteranos\/\">La recompensa de los veteranos del 79. Oposicion de don Pedro Montt a la realizaci\u00f3n de esta justicia<\/a><\/li><li><a href=\"https:\/\/www.lirapopular.cl\/lirapopularxix\/2021\/10\/05\/el-triunfode-mardoqueo\/\">El triunfo de Mardoqueo. Versos b\u00edblicos. Libro de Ester<\/a><\/li><\/ul>\n\n\n\n<p>Nota: Este ejemplar tiene escrito a mano con plum\u00f3n \u201c208\u201d. Por el reverso con un bol\u00edgrafo &#8220;177&#8221;.<br \/>Documento optimizado digitalmente.<\/p>\n","protected":false},"excerpt":{"rendered":"<p>Autor: Juan Bautista Peralta. Es propiedad, Se proh\u00edbe la reimpresi\u00f3n de estas poes\u00edas. San Diego 767Impresor: Imp. \u00abEsperanza\u00bb Aldunate 849Tama\u00f1o: 55 x 39 cmClasificaci\u00f3n: BN C\u00f3digo:\u00a0LO0012534 Espantosa guerra entre Rusia y el Jap\u00f3n. Gran combate en Port Arthur. Once buques rusos fuera de combate.\u2014 Espl\u00e9ndido triunfo de los japoneses Batalla de Chacabuco. El 12 de [&hellip;]<\/p>\n","protected":false},"author":1,"featured_media":0,"parent":0,"menu_order":0,"comment_status":"closed","ping_status":"closed","template":"","meta":{"footnotes":""},"class_list":["post-24103","page","type-page","status-publish","hentry"],"jetpack_sharing_enabled":true,"_links":{"self":[{"href":"https:\/\/www.lirapopular.cl\/lirapopularxix\/wp-json\/wp\/v2\/pages\/24103","targetHints":{"allow":["GET"]}}],"collection":[{"href":"https:\/\/www.lirapopular.cl\/lirapopularxix\/wp-json\/wp\/v2\/pages"}],"about":[{"href":"https:\/\/www.lirapopular.cl\/lirapopularxix\/wp-json\/wp\/v2\/types\/page"}],"author":[{"embeddable":true,"href":"https:\/\/www.lirapopular.cl\/lirapopularxix\/wp-json\/wp\/v2\/users\/1"}],"replies":[{"embeddable":true,"href":"https:\/\/www.lirapopular.cl\/lirapopularxix\/wp-json\/wp\/v2\/comments?post=24103"}],"version-history":[{"count":0,"href":"https:\/\/www.lirapopular.cl\/lirapopularxix\/wp-json\/wp\/v2\/pages\/24103\/revisions"}],"wp:attachment":[{"href":"https:\/\/www.lirapopular.cl\/lirapopularxix\/wp-json\/wp\/v2\/media?parent=24103"}],"curies":[{"name":"wp","href":"https:\/\/api.w.org\/{rel}","templated":true}]}}