{"id":24083,"date":"2021-10-04T17:37:36","date_gmt":"2021-10-04T21:37:36","guid":{"rendered":"https:\/\/www.lirapopular.cl\/lirapopularxix\/?page_id=24083"},"modified":"2021-10-04T17:37:36","modified_gmt":"2021-10-04T21:37:36","slug":"la-lira-popular-no-83","status":"publish","type":"page","link":"https:\/\/www.lirapopular.cl\/lirapopularxix\/la-lira-popular-no-83\/","title":{"rendered":"LA LIRA POPULAR N\u00ba 83"},"content":{"rendered":"\n<div class=\"wp-block-image\"><figure class=\"alignright size-medium\"><a href=\"https:\/\/www.lirapopular.cl\/lirapopularxix\/wp-content\/uploads\/2021\/10\/LO0012533.jpg\"><img loading=\"lazy\" decoding=\"async\" width=\"206\" height=\"300\" src=\"https:\/\/www.lirapopular.cl\/lirapopularxix\/wp-content\/uploads\/2021\/10\/LO0012533-206x300.jpg\" alt=\"\" class=\"wp-image-24087\" srcset=\"https:\/\/www.lirapopular.cl\/lirapopularxix\/wp-content\/uploads\/2021\/10\/LO0012533-206x300.jpg 206w, https:\/\/www.lirapopular.cl\/lirapopularxix\/wp-content\/uploads\/2021\/10\/LO0012533.jpg 686w\" sizes=\"auto, (max-width: 206px) 100vw, 206px\" \/><\/a><figcaption>Archivo de Literatura Oral<br \/>Colecci\u00f3n Alamiro de \u00c1vila<\/figcaption><\/figure><\/div>\n\n\n\n<p>Autor: Juan Bautista Peralta. Es propiedad. Se proh\u00edbe la reimpresi\u00f3n de estas poes\u00edas. G\u00e1lvez 521.<br \/>Impresor: Imp. de B. Rojas. San Antonio 843.<br \/>Tama\u00f1o: 56 x 39 cm<br \/>Clasificaci\u00f3n: BN C\u00f3digo: LO0012533<\/p>\n\n\n\n<ul class=\"wp-block-list\"><li><a href=\"https:\/\/www.lirapopular.cl\/lirapopularxix\/2021\/10\/05\/dos-importantes-noticiasuna-nina-jiganta-yuna-serpiente-monstruo\/\">Dos importantes noticias. Una ni\u00f1a giganta y una serpiente monstruo<\/a><\/li><li><a href=\"https:\/\/www.lirapopular.cl\/lirapopularxix\/2021\/10\/05\/un-drama-pasionaluna-novia-que-da-de-balazosa-su-novio\/\">Un drama pasional. Una novia que da de balazos a su novio<\/a><\/li><li><a href=\"https:\/\/www.lirapopular.cl\/lirapopularxix\/2021\/10\/05\/carta-de-una-ninaa-su-novio\/\">Carta de una ni\u00f1a a su novio<\/a><\/li><li><a href=\"https:\/\/www.lirapopular.cl\/lirapopularxix\/2021\/10\/05\/horribles-crimenes-un-zapatero\/\">Horribles cr\u00edmenes. Un zapatero que asesina a su mujer a martillazos. Un joven muerto por celos, con trece pu\u00f1aladas<\/a><\/li><li><a href=\"https:\/\/www.lirapopular.cl\/lirapopularxix\/2021\/10\/05\/la-sublevacion-de-la-penitenciaria\/\">La sublevaci\u00f3n de la penitenciaria. Diez de los promotores condenados a muerte. Pr\u00f3ximo fusilamiento<\/a><\/li><li><a href=\"https:\/\/www.lirapopular.cl\/lirapopularxix\/2021\/10\/05\/la-insignificancia-del-mundo\/\">La insignificancia del mundo<\/a><\/li><\/ul>\n\n\n\n<p>Nota: Este ejemplar tiene escrito a mano con plum\u00f3n \u201c207\u201d. Por el reverso con bol\u00edgrafo &#8220;156&#8221;.<br \/>Documento optimizado digitalmente.<\/p>\n","protected":false},"excerpt":{"rendered":"<p>Autor: Juan Bautista Peralta. Es propiedad. Se proh\u00edbe la reimpresi\u00f3n de estas poes\u00edas. G\u00e1lvez 521.Impresor: Imp. de B. Rojas. San Antonio 843.Tama\u00f1o: 56 x 39 cmClasificaci\u00f3n: BN C\u00f3digo: LO0012533 Dos importantes noticias. Una ni\u00f1a giganta y una serpiente monstruo Un drama pasional. Una novia que da de balazos a su novio Carta de una ni\u00f1a [&hellip;]<\/p>\n","protected":false},"author":1,"featured_media":0,"parent":0,"menu_order":0,"comment_status":"closed","ping_status":"closed","template":"","meta":{"footnotes":""},"class_list":["post-24083","page","type-page","status-publish","hentry"],"jetpack_sharing_enabled":true,"_links":{"self":[{"href":"https:\/\/www.lirapopular.cl\/lirapopularxix\/wp-json\/wp\/v2\/pages\/24083","targetHints":{"allow":["GET"]}}],"collection":[{"href":"https:\/\/www.lirapopular.cl\/lirapopularxix\/wp-json\/wp\/v2\/pages"}],"about":[{"href":"https:\/\/www.lirapopular.cl\/lirapopularxix\/wp-json\/wp\/v2\/types\/page"}],"author":[{"embeddable":true,"href":"https:\/\/www.lirapopular.cl\/lirapopularxix\/wp-json\/wp\/v2\/users\/1"}],"replies":[{"embeddable":true,"href":"https:\/\/www.lirapopular.cl\/lirapopularxix\/wp-json\/wp\/v2\/comments?post=24083"}],"version-history":[{"count":0,"href":"https:\/\/www.lirapopular.cl\/lirapopularxix\/wp-json\/wp\/v2\/pages\/24083\/revisions"}],"wp:attachment":[{"href":"https:\/\/www.lirapopular.cl\/lirapopularxix\/wp-json\/wp\/v2\/media?parent=24083"}],"curies":[{"name":"wp","href":"https:\/\/api.w.org\/{rel}","templated":true}]}}