{"id":24046,"date":"2021-10-04T13:38:03","date_gmt":"2021-10-04T17:38:03","guid":{"rendered":"https:\/\/www.lirapopular.cl\/lirapopularxix\/?page_id=24046"},"modified":"2021-10-04T13:38:03","modified_gmt":"2021-10-04T17:38:03","slug":"la-lira-popular-no-42","status":"publish","type":"page","link":"https:\/\/www.lirapopular.cl\/lirapopularxix\/la-lira-popular-no-42\/","title":{"rendered":"LA LIRA POPULAR N\u00ba 42"},"content":{"rendered":"<div class=\"wp-block-image\">\n<figure class=\"alignright size-medium\"><a href=\"https:\/\/www.lirapopular.cl\/lirapopularxix\/wp-content\/uploads\/2021\/10\/LO0012500.jpg\"><img loading=\"lazy\" decoding=\"async\" width=\"216\" height=\"300\" src=\"https:\/\/www.lirapopular.cl\/lirapopularxix\/wp-content\/uploads\/2021\/10\/LO0012500-216x300.jpg\" alt=\"\" class=\"wp-image-24049\" srcset=\"https:\/\/www.lirapopular.cl\/lirapopularxix\/wp-content\/uploads\/2021\/10\/LO0012500-216x300.jpg 216w, https:\/\/www.lirapopular.cl\/lirapopularxix\/wp-content\/uploads\/2021\/10\/LO0012500.jpg 719w\" sizes=\"auto, (max-width: 216px) 100vw, 216px\" \/><\/a><figcaption>Archivo de Literatura Oral<br \/>Colecci\u00f3n Alamiro de \u00c1vila<\/figcaption><\/figure>\n<\/div>\n\n\n<p>Autor: Juan Bautista Peralta. Es propiedad del autor.\u2014Se<br \/>proh\u00edbe la reimpresion de estas poes\u00edas. G\u00e1lvez 156<br \/>Impresor: Imp. Chilo\u00e9 1497.<br \/>Tama\u00f1o: 51 x 37 cm<br \/>Clasificaci\u00f3n: BN C\u00f3digo: LO0012500<\/p>\n\n\n\n<ul class=\"wp-block-list\"><li><a href=\"https:\/\/www.lirapopular.cl\/lirapopularxix\/2021\/10\/04\/el-alzaen-los-transviasespantoso-monopolio\/\">El alza en los tranv\u00edas. Espantoso monopolio<\/a><\/li><li><a href=\"https:\/\/www.lirapopular.cl\/lirapopularxix\/2021\/10\/04\/la-lei-sobre-alcoholes-en-vijencia\/\">La ley sobre alcoholes en vigencia. Exterminio de los huachucheros<\/a><\/li><li><a href=\"https:\/\/www.lirapopular.cl\/lirapopularxix\/2021\/10\/04\/la-fiesta-de-ramosla-entrada-de-jesusen-jerusalen\/\">La fiesta de Ramos. La entrada de Jes\u00fas en Jerusal\u00e9n<\/a><\/li><li><a href=\"https:\/\/www.lirapopular.cl\/lirapopularxix\/2021\/10\/04\/espantoso-crimenuna-mujer-da-muerte-a-su-ma-rido-por-celos\/\">Espantoso crimen. Una mujer da muerte a su marido por celos<\/a><\/li><li><a href=\"https:\/\/www.lirapopular.cl\/lirapopularxix\/2021\/10\/04\/un-ahorcadopor-aburrimiento\/\">Un ahorcado por aburrimiento<\/a><\/li><\/ul>\n\n\n\n<p>Nota: Este ejemplar tiene escrito a mano con plum\u00f3n \u201c174\u201d. Por el reverso sobre una etiqueta &#8220;62&#8221;.<br \/>Documento optimizado digitalmente.<\/p>\n","protected":false},"excerpt":{"rendered":"<p>Autor: Juan Bautista Peralta. Es propiedad del autor.\u2014Seproh\u00edbe la reimpresion de estas poes\u00edas. G\u00e1lvez 156Impresor: Imp. Chilo\u00e9 1497.Tama\u00f1o: 51 x 37 cmClasificaci\u00f3n: BN C\u00f3digo: LO0012500 El alza en los tranv\u00edas. Espantoso monopolio La ley sobre alcoholes en vigencia. Exterminio de los huachucheros La fiesta de Ramos. La entrada de Jes\u00fas en Jerusal\u00e9n Espantoso crimen. Una [&hellip;]<\/p>\n","protected":false},"author":1,"featured_media":0,"parent":0,"menu_order":0,"comment_status":"closed","ping_status":"closed","template":"","meta":{"footnotes":""},"class_list":["post-24046","page","type-page","status-publish","hentry"],"jetpack_sharing_enabled":true,"_links":{"self":[{"href":"https:\/\/www.lirapopular.cl\/lirapopularxix\/wp-json\/wp\/v2\/pages\/24046","targetHints":{"allow":["GET"]}}],"collection":[{"href":"https:\/\/www.lirapopular.cl\/lirapopularxix\/wp-json\/wp\/v2\/pages"}],"about":[{"href":"https:\/\/www.lirapopular.cl\/lirapopularxix\/wp-json\/wp\/v2\/types\/page"}],"author":[{"embeddable":true,"href":"https:\/\/www.lirapopular.cl\/lirapopularxix\/wp-json\/wp\/v2\/users\/1"}],"replies":[{"embeddable":true,"href":"https:\/\/www.lirapopular.cl\/lirapopularxix\/wp-json\/wp\/v2\/comments?post=24046"}],"version-history":[{"count":0,"href":"https:\/\/www.lirapopular.cl\/lirapopularxix\/wp-json\/wp\/v2\/pages\/24046\/revisions"}],"wp:attachment":[{"href":"https:\/\/www.lirapopular.cl\/lirapopularxix\/wp-json\/wp\/v2\/media?parent=24046"}],"curies":[{"name":"wp","href":"https:\/\/api.w.org\/{rel}","templated":true}]}}