{"id":24000,"date":"2021-10-04T09:36:28","date_gmt":"2021-10-04T13:36:28","guid":{"rendered":"https:\/\/www.lirapopular.cl\/lirapopularxix\/?page_id=24000"},"modified":"2021-10-04T09:36:28","modified_gmt":"2021-10-04T13:36:28","slug":"la-lira-popular-no-91","status":"publish","type":"page","link":"https:\/\/www.lirapopular.cl\/lirapopularxix\/la-lira-popular-no-91\/","title":{"rendered":"A\u00f1o V. La Lira Popular N\u00ba 91 <br>5 cts. N\u00fam. Fundada el 15 de Agosto de 1899 5 cts. N\u00fam."},"content":{"rendered":"\n<div class=\"wp-block-image\"><figure class=\"alignright size-medium\"><a href=\"https:\/\/www.lirapopular.cl\/lirapopularxix\/wp-content\/uploads\/2021\/10\/LO0012541.jpg\"><img loading=\"lazy\" decoding=\"async\" width=\"208\" height=\"300\" src=\"https:\/\/www.lirapopular.cl\/lirapopularxix\/wp-content\/uploads\/2021\/10\/LO0012541-208x300.jpg\" alt=\"\" class=\"wp-image-24003\" srcset=\"https:\/\/www.lirapopular.cl\/lirapopularxix\/wp-content\/uploads\/2021\/10\/LO0012541-208x300.jpg 208w, https:\/\/www.lirapopular.cl\/lirapopularxix\/wp-content\/uploads\/2021\/10\/LO0012541.jpg 694w\" sizes=\"auto, (max-width: 208px) 100vw, 208px\" \/><\/a><figcaption>Archivo de Literatura Oral<br \/>Colecci\u00f3n Alamiro de \u00c1vila<\/figcaption><\/figure><\/div>\n\n\n\n<p>Autor: Juan Bautista Peralta. Se proh\u00edbe la reimpresi\u00f3n de estas poes\u00edas.<br \/>Impresor: Imp. y Enc. El Patriota, San Diego 364<br \/>Tama\u00f1o: 56 x 39 cm<br \/>Clasificaci\u00f3n: BN C\u00f3digo: LO0012541<\/p>\n\n\n\n<ul class=\"wp-block-list\"><li><a href=\"https:\/\/www.lirapopular.cl\/lirapopularxix\/2021\/10\/04\/espeluznante-suceso-en-la-calle-san-ignacio\/\">Espeluznante suceso en la calle San Ignacio. Un culebr\u00f3n alimentado por una ni\u00f1a. Fuga del reptil<\/a><\/li><li><a href=\"https:\/\/www.lirapopular.cl\/lirapopularxix\/2021\/10\/04\/los-comentarios-sobre-el-culebron\/\">Los comentarios sobre el culebr\u00f3n. El cuento de las comadres. Una recomendaci\u00f3n a los due\u00f1os de conventillos<\/a><\/li><li><a href=\"https:\/\/www.lirapopular.cl\/lirapopularxix\/2021\/10\/04\/consejo-de-unanina-solteraa-las-ninas-de-su-pueblo\/\">Consejo de una ni\u00f1a soltera a las ni\u00f1as de su pueblo<\/a><\/li><li><a href=\"https:\/\/www.lirapopular.cl\/lirapopularxix\/2021\/10\/04\/los-pelambres-de-las-materas\/\">Los pelambres de las materas. Lo que pasa en los conventillos<\/a><\/li><li><a href=\"https:\/\/www.lirapopular.cl\/lirapopularxix\/2021\/10\/04\/desengano-2\/\">Desenga\u00f1o<\/a><\/li><li><a href=\"https:\/\/www.lirapopular.cl\/lirapopularxix\/2021\/10\/04\/luisa\/\">Luisa<\/a><\/li><li><a href=\"https:\/\/www.lirapopular.cl\/lirapopularxix\/2021\/10\/04\/a-los-mecanicosde-la-maestranza\/\">A los mec\u00e1nicos de la maestranza<\/a><\/li><li><a href=\"https:\/\/www.lirapopular.cl\/lirapopularxix\/2021\/10\/04\/cueca-de-unprisionero\/\">Cueca de un prisionero<\/a><\/li><\/ul>\n\n\n\n<p>Nota: Este ejemplar tiene escrito a mano con plum\u00f3n \u201c215\u201d. Por el reverso con bol\u00edgrafo &#8220;124&#8221;.<br \/>Documento optimizado digitalmente.<\/p>\n","protected":false},"excerpt":{"rendered":"<p>Autor: Juan Bautista Peralta. Se proh\u00edbe la reimpresi\u00f3n de estas poes\u00edas.Impresor: Imp. y Enc. El Patriota, San Diego 364Tama\u00f1o: 56 x 39 cmClasificaci\u00f3n: BN C\u00f3digo: LO0012541 Espeluznante suceso en la calle San Ignacio. Un culebr\u00f3n alimentado por una ni\u00f1a. Fuga del reptil Los comentarios sobre el culebr\u00f3n. El cuento de las comadres. Una recomendaci\u00f3n a [&hellip;]<\/p>\n","protected":false},"author":1,"featured_media":0,"parent":0,"menu_order":0,"comment_status":"closed","ping_status":"closed","template":"","meta":{"footnotes":""},"class_list":["post-24000","page","type-page","status-publish","hentry"],"jetpack_sharing_enabled":true,"_links":{"self":[{"href":"https:\/\/www.lirapopular.cl\/lirapopularxix\/wp-json\/wp\/v2\/pages\/24000","targetHints":{"allow":["GET"]}}],"collection":[{"href":"https:\/\/www.lirapopular.cl\/lirapopularxix\/wp-json\/wp\/v2\/pages"}],"about":[{"href":"https:\/\/www.lirapopular.cl\/lirapopularxix\/wp-json\/wp\/v2\/types\/page"}],"author":[{"embeddable":true,"href":"https:\/\/www.lirapopular.cl\/lirapopularxix\/wp-json\/wp\/v2\/users\/1"}],"replies":[{"embeddable":true,"href":"https:\/\/www.lirapopular.cl\/lirapopularxix\/wp-json\/wp\/v2\/comments?post=24000"}],"version-history":[{"count":0,"href":"https:\/\/www.lirapopular.cl\/lirapopularxix\/wp-json\/wp\/v2\/pages\/24000\/revisions"}],"wp:attachment":[{"href":"https:\/\/www.lirapopular.cl\/lirapopularxix\/wp-json\/wp\/v2\/media?parent=24000"}],"curies":[{"name":"wp","href":"https:\/\/api.w.org\/{rel}","templated":true}]}}