{"id":23955,"date":"2021-10-03T14:25:26","date_gmt":"2021-10-03T18:25:26","guid":{"rendered":"https:\/\/www.lirapopular.cl\/lirapopularxix\/?page_id=23955"},"modified":"2021-10-03T14:25:26","modified_gmt":"2021-10-03T18:25:26","slug":"la-lira-popular-no-89","status":"publish","type":"page","link":"https:\/\/www.lirapopular.cl\/lirapopularxix\/la-lira-popular-no-89\/","title":{"rendered":"A\u00f1o V. La Lira Popular N\u00ba 89 <br>Fundada el 15 de Agosto de 1889"},"content":{"rendered":"\n<div class=\"wp-block-image\"><figure class=\"alignright size-medium\"><a href=\"https:\/\/www.lirapopular.cl\/lirapopularxix\/wp-content\/uploads\/2021\/10\/LO0012539.jpg\"><img decoding=\"async\" src=\"https:\/\/www.lirapopular.cl\/lirapopularxix\/wp-content\/uploads\/2021\/10\/LO0012539-213x300.jpg\" alt=\"\" class=\"wp-image-23960\"\/><\/a><figcaption>Archivo de Literatura Oral<br \/>Colecci\u00f3n Alamiro de \u00c1vila<\/figcaption><\/figure><\/div>\n\n\n\n<p>Autor: Juan Bautista Peralta. Autor propietario. Se proh\u00edbe la reimpresi\u00f3n de estos versos.<br \/>Impresor: Imp. El Patriota. San Diego 364<br \/>Tama\u00f1o: 55 x 39 cm<br \/>Clasificaci\u00f3n: BN C\u00f3digo:\u00a0LO0012539<\/p>\n\n\n\n<ul class=\"wp-block-list\"><li><a href=\"https:\/\/www.lirapopular.cl\/lirapopularxix\/2021\/10\/03\/un-horrendo-drama-de-sangre\/\">Un horrendo drama de sangre. Un campesino que mata a su padre a su esposa y hiere a trece personas a bayonetazos. Importantes detalles<\/a><\/li><li><a href=\"https:\/\/www.lirapopular.cl\/lirapopularxix\/2021\/10\/03\/combate-entre-unguardian-i-un-bandido\/\">Combate entre un guardian y un bandido en la calle Huemul. Sobre el crimen de la Recoleta<\/a><\/li><li><a href=\"https:\/\/www.lirapopular.cl\/lirapopularxix\/2021\/10\/03\/las-fiestas-del-1o-de-mayo\/\">Las fiestas del 1\u00ba de Mayo. Su significado. El s\u00edmbolo de los tres ochos<\/a><\/li><li><a href=\"https:\/\/www.lirapopular.cl\/lirapopularxix\/2021\/10\/03\/el-siglo-xx-i-el-pueblo\/\">El Siglo XX y el pueblo. El \u00f3rgano de las clases trabajadoras. El deber de mantenerlo<\/a><\/li><li><a href=\"https:\/\/www.lirapopular.cl\/lirapopularxix\/2021\/10\/03\/los-avances-delsocialismoel-pueblo-pide-justicia\/\">Los avances del socialismo. El pueblo pide justicia<\/a><\/li><li><a href=\"https:\/\/www.lirapopular.cl\/lirapopularxix\/2021\/10\/03\/gran-contrapuntode-un-huaso-con-unguardian\/\">Gran contrapunto de un huaso con un guardi\u00e1n<\/a><\/li><\/ul>\n\n\n\n<p>Nota: Este ejemplar tiene escrito a mano con plum\u00f3n \u201c213\u201d. Por el reverso con bol\u00edgrafo &#8220;172&#8221;.<br \/>Documento optimizado digitalmente.<\/p>\n","protected":false},"excerpt":{"rendered":"<p>Autor: Juan Bautista Peralta. Autor propietario. Se proh\u00edbe la reimpresi\u00f3n de estos versos.Impresor: Imp. El Patriota. San Diego 364Tama\u00f1o: 55 x 39 cmClasificaci\u00f3n: BN C\u00f3digo:\u00a0LO0012539 Un horrendo drama de sangre. Un campesino que mata a su padre a su esposa y hiere a trece personas a bayonetazos. Importantes detalles Combate entre un guardian y un [&hellip;]<\/p>\n","protected":false},"author":1,"featured_media":0,"parent":0,"menu_order":0,"comment_status":"closed","ping_status":"closed","template":"","meta":{"footnotes":""},"class_list":["post-23955","page","type-page","status-publish","hentry"],"jetpack_sharing_enabled":true,"_links":{"self":[{"href":"https:\/\/www.lirapopular.cl\/lirapopularxix\/wp-json\/wp\/v2\/pages\/23955","targetHints":{"allow":["GET"]}}],"collection":[{"href":"https:\/\/www.lirapopular.cl\/lirapopularxix\/wp-json\/wp\/v2\/pages"}],"about":[{"href":"https:\/\/www.lirapopular.cl\/lirapopularxix\/wp-json\/wp\/v2\/types\/page"}],"author":[{"embeddable":true,"href":"https:\/\/www.lirapopular.cl\/lirapopularxix\/wp-json\/wp\/v2\/users\/1"}],"replies":[{"embeddable":true,"href":"https:\/\/www.lirapopular.cl\/lirapopularxix\/wp-json\/wp\/v2\/comments?post=23955"}],"version-history":[{"count":0,"href":"https:\/\/www.lirapopular.cl\/lirapopularxix\/wp-json\/wp\/v2\/pages\/23955\/revisions"}],"wp:attachment":[{"href":"https:\/\/www.lirapopular.cl\/lirapopularxix\/wp-json\/wp\/v2\/media?parent=23955"}],"curies":[{"name":"wp","href":"https:\/\/api.w.org\/{rel}","templated":true}]}}