{"id":23934,"date":"2021-10-03T11:50:12","date_gmt":"2021-10-03T15:50:12","guid":{"rendered":"https:\/\/www.lirapopular.cl\/lirapopularxix\/?page_id=23934"},"modified":"2021-10-03T11:50:12","modified_gmt":"2021-10-03T15:50:12","slug":"la-lira-popular-en-versos-de-ocho-silabas","status":"publish","type":"page","link":"https:\/\/www.lirapopular.cl\/lirapopularxix\/la-lira-popular-en-versos-de-ocho-silabas\/","title":{"rendered":"La Lira popular en versos de ocho s\u00edlabas <br>POR <br>JUAN B. PERALTA"},"content":{"rendered":"<div class=\"wp-block-image\">\n<figure class=\"alignright size-medium\"><a href=\"https:\/\/www.lirapopular.cl\/lirapopularxix\/wp-content\/uploads\/2021\/10\/LO0012459.jpg\"><img loading=\"lazy\" decoding=\"async\" width=\"215\" height=\"300\" src=\"https:\/\/www.lirapopular.cl\/lirapopularxix\/wp-content\/uploads\/2021\/10\/LO0012459-215x300.jpg\" alt=\"\" class=\"wp-image-23916\" srcset=\"https:\/\/www.lirapopular.cl\/lirapopularxix\/wp-content\/uploads\/2021\/10\/LO0012459-215x300.jpg 215w, https:\/\/www.lirapopular.cl\/lirapopularxix\/wp-content\/uploads\/2021\/10\/LO0012459.jpg 718w\" sizes=\"auto, (max-width: 215px) 100vw, 215px\" \/><\/a><figcaption>Archivo de Literatura Oral<br \/>Colecci\u00f3n Alamiro de \u00c1vila<\/figcaption><\/figure>\n<\/div>\n\n\n<p>Autor: Juan Bautista Peralta. G\u00e1lvez 820.<br \/>Impresor: Imprenta Moneda 843.<br \/>Tama\u00f1o: 54 x 39 cm<br \/>Clasificaci\u00f3n: BN C\u00f3digo: LO0012459, BN C\u00f3digo:&nbsp;LO0012132<\/p>\n\n\n\n<ul class=\"wp-block-list\"><li><a href=\"https:\/\/www.lirapopular.cl\/lirapopularxix\/2021\/10\/03\/la-huelga-de-lossuplementeros\/\">La huelga de los suplementeros<\/a><\/li><li><a href=\"https:\/\/www.lirapopular.cl\/lirapopularxix\/2021\/10\/03\/el-misterioso-crimende-la-joven-italiana\/\">El misterioso crimen de la joven italiana<\/a><\/li><li><a href=\"https:\/\/www.lirapopular.cl\/lirapopularxix\/2021\/10\/03\/sangrienta-trajedia-en-la-carcel\/\">Sangrienta tragedia en la carcel de Valpara\u00edso. Muertos y heridos<\/a><\/li><li><a href=\"https:\/\/www.lirapopular.cl\/lirapopularxix\/2021\/10\/03\/la-falsa-proteccionde-los-periodistas\/\">La falsa protecci\u00f3n de los periodistas<\/a><\/li><li><a href=\"https:\/\/www.lirapopular.cl\/lirapopularxix\/2021\/10\/03\/horrible-crimen-por-celos-un-marido\/\">Horrible crimen por celos. Un marido marca en la frente y quema viva a su esposa<\/a><\/li><li><a href=\"https:\/\/www.lirapopular.cl\/lirapopularxix\/2021\/10\/03\/acalorada-polemica-entre-un-evanjelista-i-un-catolico\/\">Acalorada pol\u00e9mica entre un evangelista y un cat\u00f3lico romano<\/a><\/li><\/ul>\n\n\n\n<p>Nota: Es muy probable que este sea el documento que inici\u00f3 la larga publicaci\u00f3n de liras populares que realiz\u00f3 J. B. Peralta, de ser cierto su fecha de publicaci\u00f3n ser\u00eda como se\u00f1ala posteriormente su autor el 15 de agosto de 1899.<br \/>Fundamenta esto su diagramaci\u00f3n, imprenta y direcci\u00f3n del autor, las mismas del n\u00famero 2.<br \/>El 1er ejemplar tiene escrito a mano con plum\u00f3n \u201c133\u201d. Por el reverso con bol\u00edgrafo &#8220;162&#8221;.<br \/>El 2\u00ba ejemplar tiene escrito a mano con l\u00e1piz rojo \u201c40\u201d, con grafito &#8220;verso N\u00ba 38&#8221;, &#8220;32&#8221; y con un timbre &#8220;427&#8221;.<br \/>Documentos optimizados digitalmente.<\/p>\n\n\n<div class=\"wp-block-image is-style-default\">\n<figure class=\"alignright size-medium\"><a href=\"https:\/\/www.lirapopular.cl\/lirapopularxix\/wp-content\/uploads\/2021\/11\/LO0012132.jpg\"><img loading=\"lazy\" decoding=\"async\" width=\"208\" height=\"300\" src=\"https:\/\/www.lirapopular.cl\/lirapopularxix\/wp-content\/uploads\/2021\/11\/LO0012132-208x300.jpg\" alt=\"\" class=\"wp-image-26342\" srcset=\"https:\/\/www.lirapopular.cl\/lirapopularxix\/wp-content\/uploads\/2021\/11\/LO0012132-208x300.jpg 208w, https:\/\/www.lirapopular.cl\/lirapopularxix\/wp-content\/uploads\/2021\/11\/LO0012132.jpg 694w\" sizes=\"auto, (max-width: 208px) 100vw, 208px\" \/><\/a><figcaption>Archivo de Literatura Oral<br \/>Fondo Rodolfo Lenz<\/figcaption><\/figure>\n<\/div>","protected":false},"excerpt":{"rendered":"<p>Autor: Juan Bautista Peralta. G\u00e1lvez 820.Impresor: Imprenta Moneda 843.Tama\u00f1o: 54 x 39 cmClasificaci\u00f3n: BN C\u00f3digo: LO0012459, BN C\u00f3digo:&nbsp;LO0012132 La huelga de los suplementeros El misterioso crimen de la joven italiana Sangrienta tragedia en la carcel de Valpara\u00edso. Muertos y heridos La falsa protecci\u00f3n de los periodistas Horrible crimen por celos. Un marido marca en la [&hellip;]<\/p>\n","protected":false},"author":1,"featured_media":0,"parent":0,"menu_order":0,"comment_status":"closed","ping_status":"closed","template":"","meta":{"footnotes":""},"class_list":["post-23934","page","type-page","status-publish","hentry"],"jetpack_sharing_enabled":true,"_links":{"self":[{"href":"https:\/\/www.lirapopular.cl\/lirapopularxix\/wp-json\/wp\/v2\/pages\/23934","targetHints":{"allow":["GET"]}}],"collection":[{"href":"https:\/\/www.lirapopular.cl\/lirapopularxix\/wp-json\/wp\/v2\/pages"}],"about":[{"href":"https:\/\/www.lirapopular.cl\/lirapopularxix\/wp-json\/wp\/v2\/types\/page"}],"author":[{"embeddable":true,"href":"https:\/\/www.lirapopular.cl\/lirapopularxix\/wp-json\/wp\/v2\/users\/1"}],"replies":[{"embeddable":true,"href":"https:\/\/www.lirapopular.cl\/lirapopularxix\/wp-json\/wp\/v2\/comments?post=23934"}],"version-history":[{"count":0,"href":"https:\/\/www.lirapopular.cl\/lirapopularxix\/wp-json\/wp\/v2\/pages\/23934\/revisions"}],"wp:attachment":[{"href":"https:\/\/www.lirapopular.cl\/lirapopularxix\/wp-json\/wp\/v2\/media?parent=23934"}],"curies":[{"name":"wp","href":"https:\/\/api.w.org\/{rel}","templated":true}]}}