{"id":23910,"date":"2021-10-03T10:28:35","date_gmt":"2021-10-03T14:28:35","guid":{"rendered":"https:\/\/www.lirapopular.cl\/lirapopularxix\/?page_id=23910"},"modified":"2021-10-03T10:28:35","modified_gmt":"2021-10-03T14:28:35","slug":"la-lira-popular-no-88","status":"publish","type":"page","link":"https:\/\/www.lirapopular.cl\/lirapopularxix\/la-lira-popular-no-88\/","title":{"rendered":"A\u00f1o V. La Lira Popular N\u00ba 88 <br>Fundada el 15 de Agosto de 1899. Precio 5 cts."},"content":{"rendered":"\n<div class=\"wp-block-image\"><figure class=\"alignright size-medium\"><a href=\"https:\/\/www.lirapopular.cl\/lirapopularxix\/wp-content\/uploads\/2021\/10\/LO0012538.jpg\"><img loading=\"lazy\" decoding=\"async\" width=\"211\" height=\"300\" src=\"https:\/\/www.lirapopular.cl\/lirapopularxix\/wp-content\/uploads\/2021\/10\/LO0012538-211x300.jpg\" alt=\"\" class=\"wp-image-23911\" srcset=\"https:\/\/www.lirapopular.cl\/lirapopularxix\/wp-content\/uploads\/2021\/10\/LO0012538-211x300.jpg 211w, https:\/\/www.lirapopular.cl\/lirapopularxix\/wp-content\/uploads\/2021\/10\/LO0012538.jpg 704w\" sizes=\"auto, (max-width: 211px) 100vw, 211px\" \/><\/a><figcaption>Archivo de Literatura Oral<br \/>Colecci\u00f3n Alamiro de \u00c1vila<\/figcaption><\/figure><\/div>\n\n\n\n<p>Autor: Juan Bautista Peralta. G\u00e1lvez 829. Se prohibe la reimpresi\u00f3n de estas poes\u00edas.<br \/>Impresor: Imp: El Patriota, San Diego 364<br \/>Tama\u00f1o: 56&#215;39 cm<br \/>Clasificaci\u00f3n: BN C\u00f3digo:\u00a0LO0012538<\/p>\n\n\n\n<ul class=\"wp-block-list\"><li><a href=\"https:\/\/www.lirapopular.cl\/lirapopularxix\/2021\/10\/03\/horrendo-drama-de-sangre-2\/\">Horrendo drama de sangre. Un hermano que mata a su hermana y a su futuro cu\u00f1ado<\/a><\/li><li><a href=\"https:\/\/www.lirapopular.cl\/lirapopularxix\/2021\/10\/03\/el-doble-asesinato-del-cerro-blanco\/\">El doble asesinato del Cerro Blanco. Confesi\u00f3n del asesino. Su fusilamiento en el mismo sitio del crimen lo exige el pueblo<\/a><\/li><li><a href=\"https:\/\/www.lirapopular.cl\/lirapopularxix\/2021\/10\/03\/dos-victimas-del-deber-asesinato\/\">Dos v\u00edctimas del deber. Asesinato de dos guardianes. Importantes detalles<\/a><\/li><li><a href=\"https:\/\/www.lirapopular.cl\/lirapopularxix\/2021\/10\/03\/cronica-criminal-un-padre-que-deguella\/\">Cr\u00f3nica criminal. Un padre que deg\u00fcella a su hijo. Un marido que asesina a su mujer<\/a><\/li><li><a href=\"https:\/\/www.lirapopular.cl\/lirapopularxix\/2021\/10\/03\/pasion-ardiente\/\">Pasi\u00f3n ardiente<\/a><\/li><li><a href=\"https:\/\/www.lirapopular.cl\/lirapopularxix\/2021\/10\/03\/carta-de-amor-un-joven\/\">Carta de amor. Un joven para una ni\u00f1a. Se\u00f1orita fulana, presen[te]<\/a><\/li><\/ul>\n\n\n\n<p>Nota: Este ejemplar tiene escrito a mano con plum\u00f3n \u201c212\u201d. Por el reverso con bol\u00edgrafo &#8220;179&#8221;.<br \/>Documento optimizado digitalmente.<\/p>\n","protected":false},"excerpt":{"rendered":"<p>Autor: Juan Bautista Peralta. G\u00e1lvez 829. Se prohibe la reimpresi\u00f3n de estas poes\u00edas.Impresor: Imp: El Patriota, San Diego 364Tama\u00f1o: 56&#215;39 cmClasificaci\u00f3n: BN C\u00f3digo:\u00a0LO0012538 Horrendo drama de sangre. Un hermano que mata a su hermana y a su futuro cu\u00f1ado El doble asesinato del Cerro Blanco. Confesi\u00f3n del asesino. Su fusilamiento en el mismo sitio del [&hellip;]<\/p>\n","protected":false},"author":1,"featured_media":0,"parent":0,"menu_order":0,"comment_status":"closed","ping_status":"closed","template":"","meta":{"footnotes":""},"class_list":["post-23910","page","type-page","status-publish","hentry"],"jetpack_sharing_enabled":true,"_links":{"self":[{"href":"https:\/\/www.lirapopular.cl\/lirapopularxix\/wp-json\/wp\/v2\/pages\/23910","targetHints":{"allow":["GET"]}}],"collection":[{"href":"https:\/\/www.lirapopular.cl\/lirapopularxix\/wp-json\/wp\/v2\/pages"}],"about":[{"href":"https:\/\/www.lirapopular.cl\/lirapopularxix\/wp-json\/wp\/v2\/types\/page"}],"author":[{"embeddable":true,"href":"https:\/\/www.lirapopular.cl\/lirapopularxix\/wp-json\/wp\/v2\/users\/1"}],"replies":[{"embeddable":true,"href":"https:\/\/www.lirapopular.cl\/lirapopularxix\/wp-json\/wp\/v2\/comments?post=23910"}],"version-history":[{"count":0,"href":"https:\/\/www.lirapopular.cl\/lirapopularxix\/wp-json\/wp\/v2\/pages\/23910\/revisions"}],"wp:attachment":[{"href":"https:\/\/www.lirapopular.cl\/lirapopularxix\/wp-json\/wp\/v2\/media?parent=23910"}],"curies":[{"name":"wp","href":"https:\/\/api.w.org\/{rel}","templated":true}]}}