{"id":23891,"date":"2021-10-02T19:58:07","date_gmt":"2021-10-02T23:58:07","guid":{"rendered":"https:\/\/www.lirapopular.cl\/lirapopularxix\/?page_id=23891"},"modified":"2021-10-02T19:58:07","modified_gmt":"2021-10-02T23:58:07","slug":"la-lira-popular-no-86","status":"publish","type":"page","link":"https:\/\/www.lirapopular.cl\/lirapopularxix\/la-lira-popular-no-86\/","title":{"rendered":"A\u00f1o V. La Lira Popular N\u00ba 86 <br>Editada en Santiago de Chile Precio 5 cts."},"content":{"rendered":"\n<div class=\"wp-block-image\"><figure class=\"alignright size-medium\"><a href=\"https:\/\/www.lirapopular.cl\/lirapopularxix\/wp-content\/uploads\/2021\/10\/LO0012536.jpg\"><img loading=\"lazy\" decoding=\"async\" width=\"211\" height=\"300\" src=\"https:\/\/www.lirapopular.cl\/lirapopularxix\/wp-content\/uploads\/2021\/10\/LO0012536-211x300.jpg\" alt=\"\" class=\"wp-image-23895\" srcset=\"https:\/\/www.lirapopular.cl\/lirapopularxix\/wp-content\/uploads\/2021\/10\/LO0012536-211x300.jpg 211w, https:\/\/www.lirapopular.cl\/lirapopularxix\/wp-content\/uploads\/2021\/10\/LO0012536.jpg 704w\" sizes=\"auto, (max-width: 211px) 100vw, 211px\" \/><\/a><figcaption>Archivo de Literatura Oral<br \/>Colecci\u00f3n Alamiro de \u00c1vila<\/figcaption><\/figure><\/div>\n\n\n\n<p>Autor: Juan Bautista Peralta. Autor Propietario. Se proh\u00edbe la reimpresi\u00f3n de estas poes\u00edas.<br \/>Impresor: Imp. El Patriota, San Diego 364.<br \/>Tama\u00f1o: 55&#215;39 cm<br \/>Clasificaci\u00f3n: BN C\u00f3digo: LO0012536<\/p>\n\n\n\n<ul class=\"wp-block-list\"><li><a href=\"https:\/\/www.lirapopular.cl\/lirapopularxix\/2021\/10\/03\/sangriento-drama-en-la-calle-de-toesca\/\">Sangriento drama en la calle de Toesca, un bandido que da muerte a su querida, a un hijito de un a\u00f1o y medio y a un semi entenado de nueve a\u00f1os, importantes detalles<\/a><\/li><li><a href=\"https:\/\/www.lirapopular.cl\/lirapopularxix\/2021\/10\/03\/la-captura-del-bandidoantecedentes-del-criminaldetalles-completos\/\">La captura del bandido. Antecedentes del criminal, detalles completos<\/a><\/li><li><a href=\"https:\/\/www.lirapopular.cl\/lirapopularxix\/2021\/10\/03\/recuerdo-historico-en-honor-de-ohiggins\/\">Recuerdo hist\u00f3rico en honor de O&#8217; Higgins. El sitio de Rancagua 1\u00ba de Octubre de 1814<\/a><\/li><li><a href=\"https:\/\/www.lirapopular.cl\/lirapopularxix\/2021\/10\/03\/sin-alma\/\">\u00a1Sin alma!<\/a><\/li><li><a href=\"https:\/\/www.lirapopular.cl\/lirapopularxix\/2021\/10\/03\/un-delirio-curioso\/\">Un delirio curioso<\/a><\/li><li><a href=\"https:\/\/www.lirapopular.cl\/lirapopularxix\/2021\/10\/03\/delirios-de-un-pobre\/\">Delirios de un pobr[e]<\/a><\/li><\/ul>\n\n\n\n<p>Nota: Este ejemplar tiene escrito a mano con plum\u00f3n \u201c210\u201d. Por el reverso con bol\u00edgrafo &#8220;178&#8221;.<br \/>Documento optimizado digitalmente.<\/p>\n","protected":false},"excerpt":{"rendered":"<p>Autor: Juan Bautista Peralta. Autor Propietario. Se proh\u00edbe la reimpresi\u00f3n de estas poes\u00edas.Impresor: Imp. El Patriota, San Diego 364.Tama\u00f1o: 55&#215;39 cmClasificaci\u00f3n: BN C\u00f3digo: LO0012536 Sangriento drama en la calle de Toesca, un bandido que da muerte a su querida, a un hijito de un a\u00f1o y medio y a un semi entenado de nueve a\u00f1os, [&hellip;]<\/p>\n","protected":false},"author":1,"featured_media":0,"parent":0,"menu_order":0,"comment_status":"closed","ping_status":"closed","template":"","meta":{"footnotes":""},"class_list":["post-23891","page","type-page","status-publish","hentry"],"jetpack_sharing_enabled":true,"_links":{"self":[{"href":"https:\/\/www.lirapopular.cl\/lirapopularxix\/wp-json\/wp\/v2\/pages\/23891","targetHints":{"allow":["GET"]}}],"collection":[{"href":"https:\/\/www.lirapopular.cl\/lirapopularxix\/wp-json\/wp\/v2\/pages"}],"about":[{"href":"https:\/\/www.lirapopular.cl\/lirapopularxix\/wp-json\/wp\/v2\/types\/page"}],"author":[{"embeddable":true,"href":"https:\/\/www.lirapopular.cl\/lirapopularxix\/wp-json\/wp\/v2\/users\/1"}],"replies":[{"embeddable":true,"href":"https:\/\/www.lirapopular.cl\/lirapopularxix\/wp-json\/wp\/v2\/comments?post=23891"}],"version-history":[{"count":0,"href":"https:\/\/www.lirapopular.cl\/lirapopularxix\/wp-json\/wp\/v2\/pages\/23891\/revisions"}],"wp:attachment":[{"href":"https:\/\/www.lirapopular.cl\/lirapopularxix\/wp-json\/wp\/v2\/media?parent=23891"}],"curies":[{"name":"wp","href":"https:\/\/api.w.org\/{rel}","templated":true}]}}