{"id":23870,"date":"2021-10-02T18:37:20","date_gmt":"2021-10-02T22:37:20","guid":{"rendered":"https:\/\/www.lirapopular.cl\/lirapopularxix\/?page_id=23870"},"modified":"2021-10-02T18:37:20","modified_gmt":"2021-10-02T22:37:20","slug":"la-lira-popular-no","status":"publish","type":"page","link":"https:\/\/www.lirapopular.cl\/lirapopularxix\/la-lira-popular-no\/","title":{"rendered":"A\u00f1o V La Lira Popular N\u00ba 85 <br>Editada en Santiago de Chile PRECIO: 5 CTS."},"content":{"rendered":"\n<div class=\"wp-block-image\"><figure class=\"alignright size-medium\"><a href=\"https:\/\/www.lirapopular.cl\/lirapopularxix\/wp-content\/uploads\/2021\/10\/LO0012535.jpg\"><img loading=\"lazy\" decoding=\"async\" width=\"214\" height=\"300\" src=\"https:\/\/www.lirapopular.cl\/lirapopularxix\/wp-content\/uploads\/2021\/10\/LO0012535-214x300.jpg\" alt=\"\" class=\"wp-image-23874\" srcset=\"https:\/\/www.lirapopular.cl\/lirapopularxix\/wp-content\/uploads\/2021\/10\/LO0012535-214x300.jpg 214w, https:\/\/www.lirapopular.cl\/lirapopularxix\/wp-content\/uploads\/2021\/10\/LO0012535.jpg 713w\" sizes=\"auto, (max-width: 214px) 100vw, 214px\" \/><\/a><figcaption>Archivo de Literatura Oral<br \/>Colecci\u00f3n Alamiro de \u00c1vila<\/figcaption><\/figure><\/div>\n\n\n\n<p>Autor: Juan Bautista Peralta. Autor Propietario. Se proh\u00edbe la reimpresi\u00f3n de estas poes\u00edas.<br \/>Impresor: Imp. El Patriota. San Diego 364.<br \/>Tama\u00f1o: 55&#215;39 cm<br \/>Clasificaci\u00f3n: BN C\u00f3digo: LO0012535<\/p>\n\n\n\n<ul class=\"wp-block-list\"><li><a href=\"https:\/\/www.lirapopular.cl\/lirapopularxix\/2021\/10\/02\/horrendo-drama-de-sangre-imjinario\/\">Horrendo drama de sangre imaginario. Un hijo que asesina hachazos a la madre en la ciudad de Concepci\u00f3n<\/a><\/li><li><a href=\"https:\/\/www.lirapopular.cl\/lirapopularxix\/2021\/10\/02\/la-linterna-nueva-edicion-de-poesias\/\">La linterna. Nueva edici\u00f3n de poes\u00edas populares. Poetiza falsificada. Mi desaf\u00edo en p\u00fablico<\/a><\/li><li><a href=\"https:\/\/www.lirapopular.cl\/lirapopularxix\/2021\/10\/02\/un-nuevo-crimen-una-mujer\/\">Un nuevo crimen. Una mujer que ahorca al marido por seguir a otro amante<\/a><\/li><li><a href=\"https:\/\/www.lirapopular.cl\/lirapopularxix\/2021\/10\/02\/dos-crimenes-un-nino-violado\/\">Dos cr\u00edmenes. Un ni\u00f1o violado en los molinos de Juan Diablo. Un hombre muerto a garrotazos en Renca y captura de un famoso bandido (alias el Buen Amigo)<\/a><\/li><li><a href=\"https:\/\/www.lirapopular.cl\/lirapopularxix\/2021\/10\/02\/carta-de-un-prisioneroa-su-esposa\/\">Carta de un prisionero a su esposa<\/a><\/li><li><a href=\"https:\/\/www.lirapopular.cl\/lirapopularxix\/2021\/10\/02\/los-dichos-populares-de-la-guajardo\/\">Los dichos populares de la Guajardo. Contrarresto a sus p\u00e9simas poesias.<\/a><\/li><\/ul>\n\n\n\n<p>Nota: Este ejemplar tiene escrito a mano con plum\u00f3n \u201c209\u201d. Por el reverso con bol\u00edgrafo &#8220;176&#8221;.<br \/>Documento optimizado digitalmente.<\/p>\n","protected":false},"excerpt":{"rendered":"<p>Autor: Juan Bautista Peralta. Autor Propietario. Se proh\u00edbe la reimpresi\u00f3n de estas poes\u00edas.Impresor: Imp. El Patriota. San Diego 364.Tama\u00f1o: 55&#215;39 cmClasificaci\u00f3n: BN C\u00f3digo: LO0012535 Horrendo drama de sangre imaginario. Un hijo que asesina hachazos a la madre en la ciudad de Concepci\u00f3n La linterna. Nueva edici\u00f3n de poes\u00edas populares. Poetiza falsificada. Mi desaf\u00edo en p\u00fablico [&hellip;]<\/p>\n","protected":false},"author":1,"featured_media":0,"parent":0,"menu_order":0,"comment_status":"closed","ping_status":"closed","template":"","meta":{"footnotes":""},"class_list":["post-23870","page","type-page","status-publish","hentry"],"jetpack_sharing_enabled":true,"_links":{"self":[{"href":"https:\/\/www.lirapopular.cl\/lirapopularxix\/wp-json\/wp\/v2\/pages\/23870","targetHints":{"allow":["GET"]}}],"collection":[{"href":"https:\/\/www.lirapopular.cl\/lirapopularxix\/wp-json\/wp\/v2\/pages"}],"about":[{"href":"https:\/\/www.lirapopular.cl\/lirapopularxix\/wp-json\/wp\/v2\/types\/page"}],"author":[{"embeddable":true,"href":"https:\/\/www.lirapopular.cl\/lirapopularxix\/wp-json\/wp\/v2\/users\/1"}],"replies":[{"embeddable":true,"href":"https:\/\/www.lirapopular.cl\/lirapopularxix\/wp-json\/wp\/v2\/comments?post=23870"}],"version-history":[{"count":0,"href":"https:\/\/www.lirapopular.cl\/lirapopularxix\/wp-json\/wp\/v2\/pages\/23870\/revisions"}],"wp:attachment":[{"href":"https:\/\/www.lirapopular.cl\/lirapopularxix\/wp-json\/wp\/v2\/media?parent=23870"}],"curies":[{"name":"wp","href":"https:\/\/api.w.org\/{rel}","templated":true}]}}