{"id":23846,"date":"2021-10-02T16:08:59","date_gmt":"2021-10-02T20:08:59","guid":{"rendered":"https:\/\/www.lirapopular.cl\/lirapopularxix\/?page_id=23846"},"modified":"2021-10-02T16:08:59","modified_gmt":"2021-10-02T20:08:59","slug":"la-lira-popular-no96","status":"publish","type":"page","link":"https:\/\/www.lirapopular.cl\/lirapopularxix\/la-lira-popular-no96\/","title":{"rendered":"A\u00d1O VI. LA LIRA POPULAR N\u00ba96"},"content":{"rendered":"<div class=\"wp-block-image\">\n<figure class=\"alignright size-medium\"><a href=\"https:\/\/www.lirapopular.cl\/lirapopularxix\/wp-content\/uploads\/2021\/10\/LO0012673.jpg\"><img loading=\"lazy\" decoding=\"async\" width=\"216\" height=\"300\" src=\"https:\/\/www.lirapopular.cl\/lirapopularxix\/wp-content\/uploads\/2021\/10\/LO0012673-216x300.jpg\" alt=\"\" class=\"wp-image-23849\" srcset=\"https:\/\/www.lirapopular.cl\/lirapopularxix\/wp-content\/uploads\/2021\/10\/LO0012673-216x300.jpg 216w, https:\/\/www.lirapopular.cl\/lirapopularxix\/wp-content\/uploads\/2021\/10\/LO0012673.jpg 719w\" sizes=\"auto, (max-width: 216px) 100vw, 216px\" \/><\/a><figcaption>Archivo de Literatura Oral<br \/>Colecci\u00f3n Alamiro de \u00c1vila<\/figcaption><\/figure>\n<\/div>\n\n\n<p>Autor: Juan Bautista Peralta. (no tiene pie de firma)<br \/>Impresor: Sin informaci\u00f3n<br \/>Tama\u00f1o: 76&#215;54 cm<br \/>Clasificaci\u00f3n: BN C\u00f3digo: LO0012673<\/p>\n\n\n\n<ul class=\"wp-block-list\"><li><a href=\"https:\/\/www.lirapopular.cl\/lirapopularxix\/2021\/10\/02\/la-emancipacion-politica-de-chileel-regocijo-popular\/\">La emancipaci\u00f3n pol\u00edtica de Chile. El regocijo popular<\/a><\/li><li><a href=\"https:\/\/www.lirapopular.cl\/lirapopularxix\/2021\/10\/02\/al-inmortal-balmaceda\/\">Al inmortal Balmaceda<\/a><\/li><li><a href=\"https:\/\/www.lirapopular.cl\/lirapopularxix\/2021\/10\/02\/a-los-padres-de-la-patria\/\">A los padres de la Patria<\/a><\/li><li><a href=\"https:\/\/www.lirapopular.cl\/lirapopularxix\/2021\/10\/02\/la-batalla-de-chacabucoi-lalibertad-de-chile\/\">La batalla de Chacabuco y la libertad de Chile<\/a><\/li><li><a href=\"https:\/\/www.lirapopular.cl\/lirapopularxix\/2021\/10\/02\/nominade-jovenes-i-ninas-que-iran-acelebrar-el-18-al-parque\/\">N\u00f3mina de j\u00f3venes y ni\u00f1as que ir\u00e1n a celebrar el 18 al parque <\/a><\/li><li><a href=\"https:\/\/www.lirapopular.cl\/lirapopularxix\/2021\/10\/02\/brindis-nuevos-para-el-18escojidospara-todos-los-gustos\/\">Brindis nuevos para el 18 escogidos para todos los gustos<\/a><\/li><li><a href=\"https:\/\/www.lirapopular.cl\/lirapopularxix\/2021\/10\/02\/cuecas-especialespara-celebrarlas-fiestas-patrias\/\">Cuecas especiales para celebrar las fiestas patrias<\/a><\/li><li><a href=\"https:\/\/www.lirapopular.cl\/lirapopularxix\/2021\/10\/02\/a-la-clarisa-guajardoi-sus-ajentes\/\">A la Clarisa Guajardo y sus agente<\/a><\/li><\/ul>\n\n\n\n<p>Nota: Este ejemplar tiene escrito a mano con plum\u00f3n \u201c347\u201d.<br \/>Documento optimizado digitalmente.<\/p>\n","protected":false},"excerpt":{"rendered":"<p>Autor: Juan Bautista Peralta. (no tiene pie de firma)Impresor: Sin informaci\u00f3nTama\u00f1o: 76&#215;54 cmClasificaci\u00f3n: BN C\u00f3digo: LO0012673 La emancipaci\u00f3n pol\u00edtica de Chile. El regocijo popular Al inmortal Balmaceda A los padres de la Patria La batalla de Chacabuco y la libertad de Chile N\u00f3mina de j\u00f3venes y ni\u00f1as que ir\u00e1n a celebrar el 18 al parque [&hellip;]<\/p>\n","protected":false},"author":1,"featured_media":0,"parent":0,"menu_order":0,"comment_status":"closed","ping_status":"closed","template":"","meta":{"footnotes":""},"class_list":["post-23846","page","type-page","status-publish","hentry"],"jetpack_sharing_enabled":true,"_links":{"self":[{"href":"https:\/\/www.lirapopular.cl\/lirapopularxix\/wp-json\/wp\/v2\/pages\/23846","targetHints":{"allow":["GET"]}}],"collection":[{"href":"https:\/\/www.lirapopular.cl\/lirapopularxix\/wp-json\/wp\/v2\/pages"}],"about":[{"href":"https:\/\/www.lirapopular.cl\/lirapopularxix\/wp-json\/wp\/v2\/types\/page"}],"author":[{"embeddable":true,"href":"https:\/\/www.lirapopular.cl\/lirapopularxix\/wp-json\/wp\/v2\/users\/1"}],"replies":[{"embeddable":true,"href":"https:\/\/www.lirapopular.cl\/lirapopularxix\/wp-json\/wp\/v2\/comments?post=23846"}],"version-history":[{"count":0,"href":"https:\/\/www.lirapopular.cl\/lirapopularxix\/wp-json\/wp\/v2\/pages\/23846\/revisions"}],"wp:attachment":[{"href":"https:\/\/www.lirapopular.cl\/lirapopularxix\/wp-json\/wp\/v2\/media?parent=23846"}],"curies":[{"name":"wp","href":"https:\/\/api.w.org\/{rel}","templated":true}]}}