{"id":23828,"date":"2021-10-02T15:13:45","date_gmt":"2021-10-02T19:13:45","guid":{"rendered":"https:\/\/www.lirapopular.cl\/lirapopularxix\/?page_id=23828"},"modified":"2021-10-02T15:13:45","modified_gmt":"2021-10-02T19:13:45","slug":"la-lira-popular-num-71","status":"publish","type":"page","link":"https:\/\/www.lirapopular.cl\/lirapopularxix\/la-lira-popular-num-71\/","title":{"rendered":"LA LIRA POPULAR NUM. 71 <br>LOS FUNERALES DE SU SANTIDAD <br>GRANDIOSA MANIFESTACION DE CARI\u00d1O.&#8212; DETALLES COMPLETOS"},"content":{"rendered":"\n<div class=\"wp-block-image\"><figure class=\"alignright size-medium\"><a href=\"https:\/\/www.lirapopular.cl\/lirapopularxix\/wp-content\/uploads\/2021\/10\/LO0012530r.jpg\"><img loading=\"lazy\" decoding=\"async\" width=\"213\" height=\"300\" src=\"https:\/\/www.lirapopular.cl\/lirapopularxix\/wp-content\/uploads\/2021\/10\/LO0012530r-213x300.jpg\" alt=\"\" class=\"wp-image-23833\" srcset=\"https:\/\/www.lirapopular.cl\/lirapopularxix\/wp-content\/uploads\/2021\/10\/LO0012530r-213x300.jpg 213w, https:\/\/www.lirapopular.cl\/lirapopularxix\/wp-content\/uploads\/2021\/10\/LO0012530r.jpg 710w\" sizes=\"auto, (max-width: 213px) 100vw, 213px\" \/><\/a><figcaption>Archivo de Literatura Oral<br \/>Colecci\u00f3n Alamiro de \u00c1vila<\/figcaption><\/figure><\/div>\n\n\n\n<p>Autor: Juan Bautista Peralta. San Diego 322. Es propiedad del autor \u2014Se prohibe la reimpresi\u00f3n de estas poesias<br \/>Impresor: Impreso por B. Rojas Bella-vista 213<br \/>Tama\u00f1o: 55&#215;39 cm<br \/>Clasificaci\u00f3n: BN C\u00f3digo: LO0012530 R, BN C\u00f3digo: LO0012523<\/p>\n\n\n\n<ul class=\"wp-block-list\"><li><a href=\"https:\/\/www.lirapopular.cl\/lirapopularxix\/2021\/10\/02\/inmenso-doloren-el-pueblo-catolico\/\">Inmenso dolor en el pueblo cat\u00f3lico<\/a><\/li><li><a href=\"https:\/\/www.lirapopular.cl\/lirapopularxix\/2021\/10\/02\/el-ultimo-adios-delmundo-catolico\/\">El \u00faltimo adi\u00f3s del mundo cat\u00f3lico<\/a><\/li><li><a href=\"https:\/\/www.lirapopular.cl\/lirapopularxix\/2021\/10\/02\/los-pensamientosde-un-flojo\/\">Los pensamientos de un flojo<\/a><\/li><li><a href=\"https:\/\/www.lirapopular.cl\/lirapopularxix\/2021\/10\/02\/entre-la-madre-i-una-hijadespues-del-matrimonio\/\">Entre la madre y una hija despu\u00e9s del matrimonio<\/a><\/li><li><a href=\"https:\/\/www.lirapopular.cl\/lirapopularxix\/2021\/10\/02\/el-fin-del-contrapuntocomo-termino-el-pleito\/\">El fin del contrapunto. C\u00f3mo termin\u00f3 el pleito<\/a><\/li><\/ul>\n\n\n\n<p>Nota: La Bib. Nacional clasifica el 1er documento como \u00fanico a pesar que por el reverso est\u00e1 impresa la lira n\u00ba 80. Las distinguimos como LO0012530 T(iro) y LO0012530 R(etiro) para evitar confusiones.<br \/>El 2\u00aa ejemplar tiene escrito a mano con plum\u00f3n \u201c197\u201d y con l\u00e1piz azul \u201c72\u201d<br \/>La lira hace referencia a la muerte del papa Le\u00f3n XIII, que se produjo el 20 de julio de 1903.<br \/>Documentos optimizados digitalmente.<\/p>\n\n\n\n<p><span class=\"has-inline-color has-white-color\">.<\/span><\/p>\n\n\n\n<p><span class=\"has-inline-color has-white-color\">,<\/span><\/p>\n\n\n\n<div class=\"wp-block-image\"><figure class=\"alignright size-medium\"><a href=\"https:\/\/www.lirapopular.cl\/lirapopularxix\/wp-content\/uploads\/2021\/10\/LO0012523.jpg\"><img loading=\"lazy\" decoding=\"async\" width=\"211\" height=\"300\" src=\"https:\/\/www.lirapopular.cl\/lirapopularxix\/wp-content\/uploads\/2021\/10\/LO0012523-211x300.jpg\" alt=\"\" class=\"wp-image-24737\" srcset=\"https:\/\/www.lirapopular.cl\/lirapopularxix\/wp-content\/uploads\/2021\/10\/LO0012523-211x300.jpg 211w, https:\/\/www.lirapopular.cl\/lirapopularxix\/wp-content\/uploads\/2021\/10\/LO0012523.jpg 704w\" sizes=\"auto, (max-width: 211px) 100vw, 211px\" \/><\/a><figcaption>Archivo de Literatura Oral<br \/>Colecci\u00f3n Alamiro de \u00c1vila<\/figcaption><\/figure><\/div>\n","protected":false},"excerpt":{"rendered":"<p>Autor: Juan Bautista Peralta. San Diego 322. Es propiedad del autor \u2014Se prohibe la reimpresi\u00f3n de estas poesiasImpresor: Impreso por B. Rojas Bella-vista 213Tama\u00f1o: 55&#215;39 cmClasificaci\u00f3n: BN C\u00f3digo: LO0012530 R, BN C\u00f3digo: LO0012523 Inmenso dolor en el pueblo cat\u00f3lico El \u00faltimo adi\u00f3s del mundo cat\u00f3lico Los pensamientos de un flojo Entre la madre y una [&hellip;]<\/p>\n","protected":false},"author":1,"featured_media":0,"parent":0,"menu_order":0,"comment_status":"closed","ping_status":"closed","template":"","meta":{"footnotes":""},"class_list":["post-23828","page","type-page","status-publish","hentry"],"jetpack_sharing_enabled":true,"_links":{"self":[{"href":"https:\/\/www.lirapopular.cl\/lirapopularxix\/wp-json\/wp\/v2\/pages\/23828","targetHints":{"allow":["GET"]}}],"collection":[{"href":"https:\/\/www.lirapopular.cl\/lirapopularxix\/wp-json\/wp\/v2\/pages"}],"about":[{"href":"https:\/\/www.lirapopular.cl\/lirapopularxix\/wp-json\/wp\/v2\/types\/page"}],"author":[{"embeddable":true,"href":"https:\/\/www.lirapopular.cl\/lirapopularxix\/wp-json\/wp\/v2\/users\/1"}],"replies":[{"embeddable":true,"href":"https:\/\/www.lirapopular.cl\/lirapopularxix\/wp-json\/wp\/v2\/comments?post=23828"}],"version-history":[{"count":0,"href":"https:\/\/www.lirapopular.cl\/lirapopularxix\/wp-json\/wp\/v2\/pages\/23828\/revisions"}],"wp:attachment":[{"href":"https:\/\/www.lirapopular.cl\/lirapopularxix\/wp-json\/wp\/v2\/media?parent=23828"}],"curies":[{"name":"wp","href":"https:\/\/api.w.org\/{rel}","templated":true}]}}