{"id":23786,"date":"2021-10-01T17:15:47","date_gmt":"2021-10-01T21:15:47","guid":{"rendered":"https:\/\/www.lirapopular.cl\/lirapopularxix\/?page_id=23786"},"modified":"2021-10-01T17:15:47","modified_gmt":"2021-10-01T21:15:47","slug":"la-lira-popular-num-79","status":"publish","type":"page","link":"https:\/\/www.lirapopular.cl\/lirapopularxix\/la-lira-popular-num-79\/","title":{"rendered":"LA LIRA POPULAR NUM. 79 <br>A\u00f1o IV Santiago de Chile"},"content":{"rendered":"\n<div class=\"wp-block-image\"><figure class=\"alignright size-medium\"><a href=\"https:\/\/www.lirapopular.cl\/lirapopularxix\/wp-content\/uploads\/2021\/10\/LO0012529.jpg\"><img loading=\"lazy\" decoding=\"async\" width=\"214\" height=\"300\" src=\"https:\/\/www.lirapopular.cl\/lirapopularxix\/wp-content\/uploads\/2021\/10\/LO0012529-214x300.jpg\" alt=\"\" class=\"wp-image-23790\" srcset=\"https:\/\/www.lirapopular.cl\/lirapopularxix\/wp-content\/uploads\/2021\/10\/LO0012529-214x300.jpg 214w, https:\/\/www.lirapopular.cl\/lirapopularxix\/wp-content\/uploads\/2021\/10\/LO0012529.jpg 714w\" sizes=\"auto, (max-width: 214px) 100vw, 214px\" \/><\/a><figcaption>Archivo de Literatura Oral<br \/>Colecci\u00f3n Alamiro de \u00c1vila<\/figcaption><\/figure><\/div>\n\n\n\n<p>Autor: Juan Bautista Peralta. Es propiedad del autor.\u2014Se prohibe la reimpresi\u00f3n de estas poes\u00edas. G\u00e1lvez 521<br \/>Se reciben avisos para la Lira Popular. Garantiza a su clientela un tiraje de 6000 ejemplares por semana. Dirijirse a G\u00e1lvez 521 y a Imprenta San Antonio 843. Se venden poemas en hoja y en libros con descuento por mayor. <br \/>Impresor: Imp. San Antonio 843<br \/>Tama\u00f1o: 55&#215;39 cm<br \/>Clasificaci\u00f3n: BN C\u00f3digo:\u00a0LO0012529, BN C\u00f3digo:\u00a0LO0012109<\/p>\n\n\n\n<ul class=\"wp-block-list\"><li><a href=\"https:\/\/www.lirapopular.cl\/lirapopularxix\/2021\/10\/01\/horrendo-crimen-una-pobre-sirviente\/\">Horrendo crimen. Una pobre sirvienta quemada viva por su patrona. Indignaci\u00f3n del pueblo. Se pide el castigo de la asesina<\/a><\/li><li><a href=\"https:\/\/www.lirapopular.cl\/lirapopularxix\/2021\/10\/01\/el-espantoso-crimen-de-la-calle-arturo-prat\/\">El espantoso crimen de la calle Arturo Prat. Reconocimiento de la v\u00edctima. Importantes declaraciones. Detalles completos<\/a><\/li><li><a href=\"https:\/\/www.lirapopular.cl\/lirapopularxix\/2021\/10\/01\/combate-de-un-hombre-con-dos-leones\/\">Combate de un hombre con dos leones. Muerte de las fieras. Desgraciado fin del Araucano<\/a><\/li><li><a href=\"https:\/\/www.lirapopular.cl\/lirapopularxix\/2021\/10\/01\/andarin-chilenoy-el-tonto-de-la-allulla\/\">Andar\u00edn chileno y el tonto de la Allulla<\/a><\/li><li><a href=\"https:\/\/www.lirapopular.cl\/lirapopularxix\/2021\/10\/01\/un-viaje-al-cementerio\/\">Un viaje al cementerio. Profanaci\u00f3n inicua. Las autoridades desentendidas<\/a><\/li><li><a href=\"https:\/\/www.lirapopular.cl\/lirapopularxix\/2021\/10\/01\/declaraciones-de-amor\/\">Declaraciones de amor<\/a><\/li><\/ul>\n\n\n\n<p>Nota: El 1er ejemplar tiene escrito a mano con plum\u00f3n \u201c203\u201d. Por el reverso sobre una etiqueta &#8220;20&#8221;.<br \/>El 2\u00ba ejemplar tiene escrito a mano con l\u00e1piz rojo \u201c14\u201d, con grafito &#8220;37&#8221; y con un timbre &#8220;432&#8221;<br \/>Documentos optimizados digitalmente.<\/p>\n\n\n\n<div class=\"wp-block-image is-style-default\"><figure class=\"alignright size-medium\"><a href=\"https:\/\/www.lirapopular.cl\/lirapopularxix\/wp-content\/uploads\/2021\/11\/LO0012109.jpg\"><img loading=\"lazy\" decoding=\"async\" width=\"207\" height=\"300\" src=\"https:\/\/www.lirapopular.cl\/lirapopularxix\/wp-content\/uploads\/2021\/11\/LO0012109-207x300.jpg\" alt=\"\" class=\"wp-image-26231\" srcset=\"https:\/\/www.lirapopular.cl\/lirapopularxix\/wp-content\/uploads\/2021\/11\/LO0012109-207x300.jpg 207w, https:\/\/www.lirapopular.cl\/lirapopularxix\/wp-content\/uploads\/2021\/11\/LO0012109.jpg 690w\" sizes=\"auto, (max-width: 207px) 100vw, 207px\" \/><\/a><figcaption>Archivo de Literatura Oral<br \/>Fondo Rodolfo Lenz<\/figcaption><\/figure><\/div>\n","protected":false},"excerpt":{"rendered":"<p>Autor: Juan Bautista Peralta. Es propiedad del autor.\u2014Se prohibe la reimpresi\u00f3n de estas poes\u00edas. G\u00e1lvez 521Se reciben avisos para la Lira Popular. Garantiza a su clientela un tiraje de 6000 ejemplares por semana. Dirijirse a G\u00e1lvez 521 y a Imprenta San Antonio 843. Se venden poemas en hoja y en libros con descuento por mayor. [&hellip;]<\/p>\n","protected":false},"author":1,"featured_media":0,"parent":0,"menu_order":0,"comment_status":"closed","ping_status":"closed","template":"","meta":{"footnotes":""},"class_list":["post-23786","page","type-page","status-publish","hentry"],"jetpack_sharing_enabled":true,"_links":{"self":[{"href":"https:\/\/www.lirapopular.cl\/lirapopularxix\/wp-json\/wp\/v2\/pages\/23786","targetHints":{"allow":["GET"]}}],"collection":[{"href":"https:\/\/www.lirapopular.cl\/lirapopularxix\/wp-json\/wp\/v2\/pages"}],"about":[{"href":"https:\/\/www.lirapopular.cl\/lirapopularxix\/wp-json\/wp\/v2\/types\/page"}],"author":[{"embeddable":true,"href":"https:\/\/www.lirapopular.cl\/lirapopularxix\/wp-json\/wp\/v2\/users\/1"}],"replies":[{"embeddable":true,"href":"https:\/\/www.lirapopular.cl\/lirapopularxix\/wp-json\/wp\/v2\/comments?post=23786"}],"version-history":[{"count":0,"href":"https:\/\/www.lirapopular.cl\/lirapopularxix\/wp-json\/wp\/v2\/pages\/23786\/revisions"}],"wp:attachment":[{"href":"https:\/\/www.lirapopular.cl\/lirapopularxix\/wp-json\/wp\/v2\/media?parent=23786"}],"curies":[{"name":"wp","href":"https:\/\/api.w.org\/{rel}","templated":true}]}}