{"id":23747,"date":"2021-10-01T09:21:39","date_gmt":"2021-10-01T13:21:39","guid":{"rendered":"https:\/\/www.lirapopular.cl\/lirapopularxix\/?page_id=23747"},"modified":"2021-10-01T09:21:39","modified_gmt":"2021-10-01T13:21:39","slug":"la-lira-popular-7-o-numero","status":"publish","type":"page","link":"https:\/\/www.lirapopular.cl\/lirapopularxix\/la-lira-popular-7-o-numero\/","title":{"rendered":"LA LIRA POPULAR. &#8211; 7.\u00ba numero <br>En versos de 8 S\u00edlabas por Juan B. Peralta"},"content":{"rendered":"<div class=\"wp-block-image\">\n<figure class=\"alignright size-medium\"><a href=\"https:\/\/www.lirapopular.cl\/lirapopularxix\/wp-content\/uploads\/2021\/10\/LO0012466.jpg\"><img decoding=\"async\" src=\"https:\/\/www.lirapopular.cl\/lirapopularxix\/wp-content\/uploads\/2021\/10\/LO0012466-213x300.jpg\" alt=\"\" class=\"wp-image-23750\"\/><\/a><figcaption>Archivo de Literatura Oral<br \/>Colecci\u00f3n Alamiro de \u00c1vila<\/figcaption><\/figure>\n<\/div>\n\n\n<p>Autor: Juan Bautista Peralta.<br \/>Impresor: Imp. Maturana 884.<br \/>Tama\u00f1o: 55&#215;39 cm<br \/>Clasificaci\u00f3n: BN C\u00f3digo: LO0012466<\/p>\n\n\n\n<ul class=\"wp-block-list\"><li><a href=\"https:\/\/www.lirapopular.cl\/lirapopularxix\/2021\/10\/01\/preparativosde-la-noche-buena\/\">Preparativos de la Noche Buena<\/a><\/li><li><a href=\"https:\/\/www.lirapopular.cl\/lirapopularxix\/2021\/10\/01\/cuecas-especialespara-la-pascua\/\">Cuecas especiales para la Pascua<\/a><\/li><li><a href=\"https:\/\/www.lirapopular.cl\/lirapopularxix\/2021\/10\/01\/fin-del-siglorecuerdos-historicos\/\">\u00a1Fin del siglo! Recuerdos historicos<\/a><\/li><li><a href=\"https:\/\/www.lirapopular.cl\/lirapopularxix\/2021\/10\/01\/nuevo-cadalzoen-rancaguaproxima-ejecucion\/\">Nuevo cadalzo en Rancagua. Pr\u00f3xima ejecuci\u00f3n<\/a><\/li><li><a href=\"https:\/\/www.lirapopular.cl\/lirapopularxix\/2021\/10\/01\/gran-huelgade-los-zapateros\/\">Gran huelga de los zapateros<\/a><\/li><\/ul>\n\n\n\n<p>Nota: Publicada en diciembre 1899.<br \/>Este ejemplar tiene escrito a mano con plum\u00f3n \u201c140\u201d. Por el reverso sobre una etiqueta &#8220;58&#8221;.<br \/>Documento optimizado digitalmente.<\/p>\n","protected":false},"excerpt":{"rendered":"<p>Autor: Juan Bautista Peralta.Impresor: Imp. Maturana 884.Tama\u00f1o: 55&#215;39 cmClasificaci\u00f3n: BN C\u00f3digo: LO0012466 Preparativos de la Noche Buena Cuecas especiales para la Pascua \u00a1Fin del siglo! Recuerdos historicos Nuevo cadalzo en Rancagua. Pr\u00f3xima ejecuci\u00f3n Gran huelga de los zapateros Nota: Publicada en diciembre 1899.Este ejemplar tiene escrito a mano con plum\u00f3n \u201c140\u201d. Por el reverso sobre [&hellip;]<\/p>\n","protected":false},"author":1,"featured_media":0,"parent":0,"menu_order":0,"comment_status":"closed","ping_status":"closed","template":"","meta":{"footnotes":""},"class_list":["post-23747","page","type-page","status-publish","hentry"],"jetpack_sharing_enabled":true,"_links":{"self":[{"href":"https:\/\/www.lirapopular.cl\/lirapopularxix\/wp-json\/wp\/v2\/pages\/23747","targetHints":{"allow":["GET"]}}],"collection":[{"href":"https:\/\/www.lirapopular.cl\/lirapopularxix\/wp-json\/wp\/v2\/pages"}],"about":[{"href":"https:\/\/www.lirapopular.cl\/lirapopularxix\/wp-json\/wp\/v2\/types\/page"}],"author":[{"embeddable":true,"href":"https:\/\/www.lirapopular.cl\/lirapopularxix\/wp-json\/wp\/v2\/users\/1"}],"replies":[{"embeddable":true,"href":"https:\/\/www.lirapopular.cl\/lirapopularxix\/wp-json\/wp\/v2\/comments?post=23747"}],"version-history":[{"count":0,"href":"https:\/\/www.lirapopular.cl\/lirapopularxix\/wp-json\/wp\/v2\/pages\/23747\/revisions"}],"wp:attachment":[{"href":"https:\/\/www.lirapopular.cl\/lirapopularxix\/wp-json\/wp\/v2\/media?parent=23747"}],"curies":[{"name":"wp","href":"https:\/\/api.w.org\/{rel}","templated":true}]}}