{"id":23726,"date":"2021-09-30T18:32:58","date_gmt":"2021-09-30T22:32:58","guid":{"rendered":"https:\/\/www.lirapopular.cl\/lirapopularxix\/?page_id=23726"},"modified":"2021-09-30T18:32:58","modified_gmt":"2021-09-30T22:32:58","slug":"la-lira-popular-4o-num","status":"publish","type":"page","link":"https:\/\/www.lirapopular.cl\/lirapopularxix\/la-lira-popular-4o-num\/","title":{"rendered":"LA LIRA POPULAR <br>EN VERSOS DE OCHO S\u00cdLABAS POR JUAN B. PERALTA <br>4\u00ba n\u00fam."},"content":{"rendered":"\n<div class=\"wp-block-image\"><figure class=\"alignright size-medium\"><a href=\"https:\/\/www.lirapopular.cl\/lirapopularxix\/wp-content\/uploads\/2021\/09\/LO0012464.jpg\"><img loading=\"lazy\" decoding=\"async\" width=\"212\" height=\"300\" src=\"https:\/\/www.lirapopular.cl\/lirapopularxix\/wp-content\/uploads\/2021\/09\/LO0012464-212x300.jpg\" alt=\"\" class=\"wp-image-23730\" srcset=\"https:\/\/www.lirapopular.cl\/lirapopularxix\/wp-content\/uploads\/2021\/09\/LO0012464-212x300.jpg 212w, https:\/\/www.lirapopular.cl\/lirapopularxix\/wp-content\/uploads\/2021\/09\/LO0012464.jpg 705w\" sizes=\"auto, (max-width: 212px) 100vw, 212px\" \/><\/a><figcaption>Archivo de Literatura Oral<br \/>Colecci\u00f3n Alamiro de \u00c1vila<\/figcaption><\/figure><\/div>\n\n\n\n<p>Autor: Juan Bautista Peralta. Huemul, 864<br \/>Impresor: 21,202\u2014Imp. Cerv.<br \/>Tama\u00f1o: 55&#215;39 cm<br \/>Clasificaci\u00f3n: BN C\u00f3digo:\u00a0LO0012464<\/p>\n\n\n\n<ul class=\"wp-block-list\"><li><a href=\"https:\/\/www.lirapopular.cl\/lirapopularxix\/2021\/09\/30\/sangriento-combateentre-guardianes-i-bandidos\/\">Sangriento combate entre guardianes y bandidos<\/a><\/li><li><a href=\"https:\/\/www.lirapopular.cl\/lirapopularxix\/2021\/09\/30\/sobre-la-peste-bubonica\/\">Sobre la peste bub\u00f3nica<\/a><\/li><li><a href=\"https:\/\/www.lirapopular.cl\/lirapopularxix\/2021\/09\/30\/lamentos-de-una-anciana\/\">Lamentos de una anciana<\/a><\/li><li><a href=\"https:\/\/www.lirapopular.cl\/lirapopularxix\/2021\/09\/30\/asesinato-a-garrotazospor-celos\/\">Asesinato a garrotazos por celos<\/a><\/li><li><a href=\"https:\/\/www.lirapopular.cl\/lirapopularxix\/2021\/09\/30\/contestacion-al-poetameneses\/\">Contestaci\u00f3n al poeta Meneses<\/a><\/li><\/ul>\n\n\n\n<p>Nota: Este ejemplar tiene escrito a mano con plum\u00f3n \u201c138\u201d. Por el reverso con bol\u00edgrafo &#8220;159&#8221;.<br \/>Documento optimizado digitalmente.<\/p>\n","protected":false},"excerpt":{"rendered":"<p>Autor: Juan Bautista Peralta. Huemul, 864Impresor: 21,202\u2014Imp. Cerv.Tama\u00f1o: 55&#215;39 cmClasificaci\u00f3n: BN C\u00f3digo:\u00a0LO0012464 Sangriento combate entre guardianes y bandidos Sobre la peste bub\u00f3nica Lamentos de una anciana Asesinato a garrotazos por celos Contestaci\u00f3n al poeta Meneses Nota: Este ejemplar tiene escrito a mano con plum\u00f3n \u201c138\u201d. Por el reverso con bol\u00edgrafo &#8220;159&#8221;.Documento optimizado digitalmente.<\/p>\n","protected":false},"author":1,"featured_media":0,"parent":0,"menu_order":0,"comment_status":"closed","ping_status":"closed","template":"","meta":{"footnotes":""},"class_list":["post-23726","page","type-page","status-publish","hentry"],"jetpack_sharing_enabled":true,"_links":{"self":[{"href":"https:\/\/www.lirapopular.cl\/lirapopularxix\/wp-json\/wp\/v2\/pages\/23726","targetHints":{"allow":["GET"]}}],"collection":[{"href":"https:\/\/www.lirapopular.cl\/lirapopularxix\/wp-json\/wp\/v2\/pages"}],"about":[{"href":"https:\/\/www.lirapopular.cl\/lirapopularxix\/wp-json\/wp\/v2\/types\/page"}],"author":[{"embeddable":true,"href":"https:\/\/www.lirapopular.cl\/lirapopularxix\/wp-json\/wp\/v2\/users\/1"}],"replies":[{"embeddable":true,"href":"https:\/\/www.lirapopular.cl\/lirapopularxix\/wp-json\/wp\/v2\/comments?post=23726"}],"version-history":[{"count":0,"href":"https:\/\/www.lirapopular.cl\/lirapopularxix\/wp-json\/wp\/v2\/pages\/23726\/revisions"}],"wp:attachment":[{"href":"https:\/\/www.lirapopular.cl\/lirapopularxix\/wp-json\/wp\/v2\/media?parent=23726"}],"curies":[{"name":"wp","href":"https:\/\/api.w.org\/{rel}","templated":true}]}}