{"id":23704,"date":"2021-09-30T16:21:16","date_gmt":"2021-09-30T20:21:16","guid":{"rendered":"https:\/\/www.lirapopular.cl\/lirapopularxix\/?page_id=23704"},"modified":"2021-09-30T16:21:16","modified_gmt":"2021-09-30T20:21:16","slug":"la-lira-popular-3-er-numero","status":"publish","type":"page","link":"https:\/\/www.lirapopular.cl\/lirapopularxix\/la-lira-popular-3-er-numero\/","title":{"rendered":"LA LIRA POPULAR <br>3.<sup>ER<\/sup> N\u00daMERO <br>Versos de ocho s\u00edlabas por JUAN B. PERALTA"},"content":{"rendered":"\n<div class=\"wp-block-image\"><figure class=\"alignright size-medium\"><a href=\"https:\/\/www.lirapopular.cl\/lirapopularxix\/wp-content\/uploads\/2021\/09\/LO0012463.jpg\"><img loading=\"lazy\" decoding=\"async\" width=\"212\" height=\"300\" src=\"https:\/\/www.lirapopular.cl\/lirapopularxix\/wp-content\/uploads\/2021\/09\/LO0012463-212x300.jpg\" alt=\"\" class=\"wp-image-23707\" srcset=\"https:\/\/www.lirapopular.cl\/lirapopularxix\/wp-content\/uploads\/2021\/09\/LO0012463-212x300.jpg 212w, https:\/\/www.lirapopular.cl\/lirapopularxix\/wp-content\/uploads\/2021\/09\/LO0012463.jpg 707w\" sizes=\"auto, (max-width: 212px) 100vw, 212px\" \/><\/a><figcaption>Archivo de Literatura Oral<br \/>Colecci\u00f3n Alamiro de \u00c1vila<\/figcaption><\/figure><\/div>\n\n\n\n<p><\/p>\n\n\n\n<p>Autor: Juan Bautista Peralta. Nataniel, 985<br \/>Impresor: Imp. Moneda, 843<br \/>Tama\u00f1o: 55&#215;39 cm<br \/>Clasificaci\u00f3n: BN C\u00f3digo: LO0012463<\/p>\n\n\n\n<ul class=\"wp-block-list\"><li><a href=\"https:\/\/www.lirapopular.cl\/lirapopularxix\/2021\/09\/30\/vivanuestra-independencia\/\">\u00a1Viva nuestra Independencia!<\/a><\/li><li><a href=\"https:\/\/www.lirapopular.cl\/lirapopularxix\/2021\/09\/30\/las-elejias-para-eldieziocho\/\">Las elej\u00edas para el dieciocho<\/a><\/li><li><a href=\"https:\/\/www.lirapopular.cl\/lirapopularxix\/2021\/09\/30\/los-brindis-para-eldieziocho\/\">Los brindis para el dieciocho<\/a><\/li><li><a href=\"https:\/\/www.lirapopular.cl\/lirapopularxix\/2021\/09\/30\/un-convite-entre-uncochero-i-una-sirvienta-demano-para-el-dieziocho\/\">Un convite entre un cochero y una sirvienta de mano para el dieciocho<\/a><\/li><li><a href=\"https:\/\/www.lirapopular.cl\/lirapopularxix\/2021\/09\/30\/cartasdel-sarjento-fuentes-a-suspadres-antes-de-morir\/\">Cartas del sargento Fuentes a sus padres antes de morir<\/a><\/li><li><a href=\"https:\/\/www.lirapopular.cl\/lirapopularxix\/2021\/09\/30\/la-sentencia-de-muertedel-celebre-matta-perez\/\">La sentencia de muerte del c\u00e9lebre Matta P\u00e9rez<\/a><\/li><li><a href=\"https:\/\/www.lirapopular.cl\/lirapopularxix\/2021\/09\/30\/cuecas-especialespara-el-dieziocho\/\">Cuecas especiales para el dieciocho<\/a><\/li><\/ul>\n\n\n\n<p>Nota: Este ejemplar tiene escrito a mano con plum\u00f3n \u201c137\u201d. Por el reverso con bol\u00edgrafo &#8220;160&#8221;.<br \/>Documento optimizado digitalmente.<\/p>\n","protected":false},"excerpt":{"rendered":"<p>Autor: Juan Bautista Peralta. Nataniel, 985Impresor: Imp. Moneda, 843Tama\u00f1o: 55&#215;39 cmClasificaci\u00f3n: BN C\u00f3digo: LO0012463 \u00a1Viva nuestra Independencia! Las elej\u00edas para el dieciocho Los brindis para el dieciocho Un convite entre un cochero y una sirvienta de mano para el dieciocho Cartas del sargento Fuentes a sus padres antes de morir La sentencia de muerte del [&hellip;]<\/p>\n","protected":false},"author":1,"featured_media":0,"parent":0,"menu_order":0,"comment_status":"closed","ping_status":"closed","template":"","meta":{"footnotes":""},"class_list":["post-23704","page","type-page","status-publish","hentry"],"jetpack_sharing_enabled":true,"_links":{"self":[{"href":"https:\/\/www.lirapopular.cl\/lirapopularxix\/wp-json\/wp\/v2\/pages\/23704","targetHints":{"allow":["GET"]}}],"collection":[{"href":"https:\/\/www.lirapopular.cl\/lirapopularxix\/wp-json\/wp\/v2\/pages"}],"about":[{"href":"https:\/\/www.lirapopular.cl\/lirapopularxix\/wp-json\/wp\/v2\/types\/page"}],"author":[{"embeddable":true,"href":"https:\/\/www.lirapopular.cl\/lirapopularxix\/wp-json\/wp\/v2\/users\/1"}],"replies":[{"embeddable":true,"href":"https:\/\/www.lirapopular.cl\/lirapopularxix\/wp-json\/wp\/v2\/comments?post=23704"}],"version-history":[{"count":0,"href":"https:\/\/www.lirapopular.cl\/lirapopularxix\/wp-json\/wp\/v2\/pages\/23704\/revisions"}],"wp:attachment":[{"href":"https:\/\/www.lirapopular.cl\/lirapopularxix\/wp-json\/wp\/v2\/media?parent=23704"}],"curies":[{"name":"wp","href":"https:\/\/api.w.org\/{rel}","templated":true}]}}