{"id":23683,"date":"2021-09-30T09:17:07","date_gmt":"2021-09-30T13:17:07","guid":{"rendered":"https:\/\/www.lirapopular.cl\/lirapopularxix\/?page_id=23683"},"modified":"2021-09-30T09:17:07","modified_gmt":"2021-09-30T13:17:07","slug":"la-lira-popular-2o-numero","status":"publish","type":"page","link":"https:\/\/www.lirapopular.cl\/lirapopularxix\/la-lira-popular-2o-numero\/","title":{"rendered":"LA LIRA POPULAR <br>2\u00ba N\u00daMERO <br>Versos de ocho s\u00edlabas, por Juan B. Peralta"},"content":{"rendered":"\n<div class=\"wp-block-image\"><figure class=\"alignright size-medium\"><a href=\"https:\/\/www.lirapopular.cl\/lirapopularxix\/wp-content\/uploads\/2021\/09\/LO0012462.jpg\"><img decoding=\"async\" src=\"https:\/\/www.lirapopular.cl\/lirapopularxix\/wp-content\/uploads\/2021\/09\/LO0012462-216x300.jpg\" alt=\"\" class=\"wp-image-23686\"\/><\/a><figcaption>Archivo de Literatura Oral<br \/>Colecci\u00f3n Alamiro de \u00c1vila<\/figcaption><\/figure><\/div>\n\n\n\n<p>Autor: Juan Bautista Peralta. G\u00e1lvez 820.<br \/>Impresor: Imp. Moneda 843<br \/>Tama\u00f1o: 52&#215;35 cm<br \/>Clasificaci\u00f3n: BN C\u00f3digo: LO0012462<\/p>\n\n\n\n<ul class=\"wp-block-list\"><li><a href=\"https:\/\/www.lirapopular.cl\/lirapopularxix\/2021\/09\/30\/contestacion-al-poetastrodaniel-meneses\/\">Contestaci\u00f3n al poetastro Daniel Meneses<\/a><\/li><li><a href=\"https:\/\/www.lirapopular.cl\/lirapopularxix\/2021\/09\/30\/sobre-el-viciodel-hombre\/\">Sobre el vicio del hombre<\/a><\/li><li><a href=\"https:\/\/www.lirapopular.cl\/lirapopularxix\/2021\/09\/30\/el-nombrede-mis-queridas\/\">El nombre de mis queridas<\/a><\/li><li><a href=\"https:\/\/www.lirapopular.cl\/lirapopularxix\/2021\/09\/30\/pretensiones-de-un-joven\/\">Pretensiones de un joven<\/a><\/li><li><a href=\"https:\/\/www.lirapopular.cl\/lirapopularxix\/2021\/09\/30\/la-gran-inundacionen-valparaisotodos-sus-detalles\/\">La gran inundaci\u00f3n en Valpara\u00edso. Todos sus detalles<\/a><\/li><li><a href=\"https:\/\/www.lirapopular.cl\/lirapopularxix\/2021\/09\/30\/el-gran-temporalen-santiagosus-detalles-e-inundaciones\/\">El gran temporal en Santiago. Sus detalles e inundaciones<\/a><\/li><li><a href=\"https:\/\/www.lirapopular.cl\/lirapopularxix\/2021\/09\/30\/la-gran-catastrofe-deltalagante-50-muertos\/\">La gran cat\u00e1strofe de Talagante. 50 muertos<\/a><\/li><\/ul>\n\n\n\n<p>Nota: Este ejemplar tiene escrito a mano con plum\u00f3n \u201c136\u201d. Por el reverso con bol\u00edgrafo &#8220;161&#8221;.<br \/>Documento optimizado digitalmente.<\/p>\n","protected":false},"excerpt":{"rendered":"<p>Autor: Juan Bautista Peralta. G\u00e1lvez 820.Impresor: Imp. Moneda 843Tama\u00f1o: 52&#215;35 cmClasificaci\u00f3n: BN C\u00f3digo: LO0012462 Contestaci\u00f3n al poetastro Daniel Meneses Sobre el vicio del hombre El nombre de mis queridas Pretensiones de un joven La gran inundaci\u00f3n en Valpara\u00edso. Todos sus detalles El gran temporal en Santiago. Sus detalles e inundaciones La gran cat\u00e1strofe de Talagante. [&hellip;]<\/p>\n","protected":false},"author":1,"featured_media":0,"parent":0,"menu_order":0,"comment_status":"closed","ping_status":"closed","template":"","meta":{"footnotes":""},"class_list":["post-23683","page","type-page","status-publish","hentry"],"jetpack_sharing_enabled":true,"_links":{"self":[{"href":"https:\/\/www.lirapopular.cl\/lirapopularxix\/wp-json\/wp\/v2\/pages\/23683","targetHints":{"allow":["GET"]}}],"collection":[{"href":"https:\/\/www.lirapopular.cl\/lirapopularxix\/wp-json\/wp\/v2\/pages"}],"about":[{"href":"https:\/\/www.lirapopular.cl\/lirapopularxix\/wp-json\/wp\/v2\/types\/page"}],"author":[{"embeddable":true,"href":"https:\/\/www.lirapopular.cl\/lirapopularxix\/wp-json\/wp\/v2\/users\/1"}],"replies":[{"embeddable":true,"href":"https:\/\/www.lirapopular.cl\/lirapopularxix\/wp-json\/wp\/v2\/comments?post=23683"}],"version-history":[{"count":0,"href":"https:\/\/www.lirapopular.cl\/lirapopularxix\/wp-json\/wp\/v2\/pages\/23683\/revisions"}],"wp:attachment":[{"href":"https:\/\/www.lirapopular.cl\/lirapopularxix\/wp-json\/wp\/v2\/media?parent=23683"}],"curies":[{"name":"wp","href":"https:\/\/api.w.org\/{rel}","templated":true}]}}