{"id":23663,"date":"2021-09-30T08:10:44","date_gmt":"2021-09-30T12:10:44","guid":{"rendered":"https:\/\/www.lirapopular.cl\/lirapopularxix\/?page_id=23663"},"modified":"2021-09-30T08:10:44","modified_gmt":"2021-09-30T12:10:44","slug":"la-lira-popular-10o-numero","status":"publish","type":"page","link":"https:\/\/www.lirapopular.cl\/lirapopularxix\/la-lira-popular-10o-numero\/","title":{"rendered":"LA LIRA POPULAR \u2014 10\u00ba N\u00daMERO"},"content":{"rendered":"\n<div class=\"wp-block-image\"><figure class=\"alignright size-medium\"><a href=\"https:\/\/www.lirapopular.cl\/lirapopularxix\/wp-content\/uploads\/2021\/09\/LO0012469.jpg\"><img loading=\"lazy\" decoding=\"async\" width=\"212\" height=\"300\" src=\"https:\/\/www.lirapopular.cl\/lirapopularxix\/wp-content\/uploads\/2021\/09\/LO0012469-212x300.jpg\" alt=\"\" class=\"wp-image-23666\" srcset=\"https:\/\/www.lirapopular.cl\/lirapopularxix\/wp-content\/uploads\/2021\/09\/LO0012469-212x300.jpg 212w, https:\/\/www.lirapopular.cl\/lirapopularxix\/wp-content\/uploads\/2021\/09\/LO0012469.jpg 705w\" sizes=\"auto, (max-width: 212px) 100vw, 212px\" \/><\/a><figcaption>Archivo de Literatura Oral<br \/>Colecci\u00f3n Alamiro de \u00c1vila<\/figcaption><\/figure><\/div>\n\n\n\n<p>Autor: Juan Bautista Peralta. G\u00e1lvez 826. Se proh\u00edbe la reimpresi\u00f3n.<br \/>Impresor: Imp. Maturana 884.<br \/>Tama\u00f1o: 55&#215;38 cm<br \/>Clasificaci\u00f3n: BN C\u00f3digo: LO0012469<\/p>\n\n\n\n<ul class=\"wp-block-list\"><li><a href=\"https:\/\/www.lirapopular.cl\/lirapopularxix\/2021\/09\/30\/horrible-asesinato-de-uu-guardian\/\">Horrible asesinato de un guardian<\/a><\/li><li><a href=\"https:\/\/www.lirapopular.cl\/lirapopularxix\/2021\/09\/30\/alevoso-salteo-en-calle-santa-rosa\/\">Alevoso salteo en calle Santa Rosa<\/a><\/li><li><a href=\"https:\/\/www.lirapopular.cl\/lirapopularxix\/2021\/09\/30\/horrible-fenoneno-en-santiago\/\">Horrible fen\u00f3meno en Santiago<\/a><\/li><li><a href=\"https:\/\/www.lirapopular.cl\/lirapopularxix\/2021\/09\/30\/mis-felicitaciones-a-la-democra-cia-de-la-republica\/\">Mis felicitaciones a la democracia de la Rep\u00fablica<\/a><\/li><li><a href=\"https:\/\/www.lirapopular.cl\/lirapopularxix\/2021\/09\/30\/a-los-ladrones-de-poesias\/\">A los ladrones de poes\u00edas<\/a><\/li><li><a href=\"https:\/\/www.lirapopular.cl\/lirapopularxix\/2021\/09\/30\/sobre-un-viejo-enamorado\/\">Sobre un viejo enamorado<\/a><\/li><\/ul>\n\n\n\n<p>Nota: Este ejemplar tiene escrito a mano con plum\u00f3n \u201c143\u201d. Por el reverso sobre una etiqueta &#8220;33&#8221;.<br \/>Documento optimizado digitalmente.<\/p>\n","protected":false},"excerpt":{"rendered":"<p>Autor: Juan Bautista Peralta. G\u00e1lvez 826. Se proh\u00edbe la reimpresi\u00f3n.Impresor: Imp. Maturana 884.Tama\u00f1o: 55&#215;38 cmClasificaci\u00f3n: BN C\u00f3digo: LO0012469 Horrible asesinato de un guardian Alevoso salteo en calle Santa Rosa Horrible fen\u00f3meno en Santiago Mis felicitaciones a la democracia de la Rep\u00fablica A los ladrones de poes\u00edas Sobre un viejo enamorado Nota: Este ejemplar tiene escrito [&hellip;]<\/p>\n","protected":false},"author":1,"featured_media":0,"parent":0,"menu_order":0,"comment_status":"closed","ping_status":"closed","template":"","meta":{"footnotes":""},"class_list":["post-23663","page","type-page","status-publish","hentry"],"jetpack_sharing_enabled":true,"_links":{"self":[{"href":"https:\/\/www.lirapopular.cl\/lirapopularxix\/wp-json\/wp\/v2\/pages\/23663","targetHints":{"allow":["GET"]}}],"collection":[{"href":"https:\/\/www.lirapopular.cl\/lirapopularxix\/wp-json\/wp\/v2\/pages"}],"about":[{"href":"https:\/\/www.lirapopular.cl\/lirapopularxix\/wp-json\/wp\/v2\/types\/page"}],"author":[{"embeddable":true,"href":"https:\/\/www.lirapopular.cl\/lirapopularxix\/wp-json\/wp\/v2\/users\/1"}],"replies":[{"embeddable":true,"href":"https:\/\/www.lirapopular.cl\/lirapopularxix\/wp-json\/wp\/v2\/comments?post=23663"}],"version-history":[{"count":0,"href":"https:\/\/www.lirapopular.cl\/lirapopularxix\/wp-json\/wp\/v2\/pages\/23663\/revisions"}],"wp:attachment":[{"href":"https:\/\/www.lirapopular.cl\/lirapopularxix\/wp-json\/wp\/v2\/media?parent=23663"}],"curies":[{"name":"wp","href":"https:\/\/api.w.org\/{rel}","templated":true}]}}