{"id":23640,"date":"2021-09-29T19:27:57","date_gmt":"2021-09-29T23:27:57","guid":{"rendered":"https:\/\/www.lirapopular.cl\/lirapopularxix\/?page_id=23640"},"modified":"2021-09-29T19:27:57","modified_gmt":"2021-09-29T23:27:57","slug":"la-lira-popular","status":"publish","type":"page","link":"https:\/\/www.lirapopular.cl\/lirapopularxix\/la-lira-popular\/","title":{"rendered":"LA Lira POPULAR <br><em>Fundada el 15 de Agosto de 1899<\/em>"},"content":{"rendered":"<div class=\"wp-block-image\">\n<figure class=\"alignright size-medium\"><a href=\"https:\/\/www.lirapopular.cl\/lirapopularxix\/wp-content\/uploads\/2021\/09\/LO0012674.jpg\"><img loading=\"lazy\" decoding=\"async\" width=\"212\" height=\"300\" src=\"https:\/\/www.lirapopular.cl\/lirapopularxix\/wp-content\/uploads\/2021\/09\/LO0012674-212x300.jpg\" alt=\"\" class=\"wp-image-23641\" srcset=\"https:\/\/www.lirapopular.cl\/lirapopularxix\/wp-content\/uploads\/2021\/09\/LO0012674-212x300.jpg 212w, https:\/\/www.lirapopular.cl\/lirapopularxix\/wp-content\/uploads\/2021\/09\/LO0012674.jpg 708w\" sizes=\"auto, (max-width: 212px) 100vw, 212px\" \/><\/a><figcaption class=\"wp-element-caption\">Archivo de Literatura Oral<br \/>Colecci\u00f3n Alamiro de \u00c1vila<\/figcaption><\/figure>\n<\/div>\n\n\n<p>Autor: Peralta, J. B. (sin autor)<br \/>Impresor: Imprenta Bandera 919<br \/>Tama\u00f1o: 55&#215;39 cm<br \/>Clasificaci\u00f3n: BN C\u00f3digo: LO0012674<\/p>\n\n\n\n<ul class=\"wp-block-list\">\n<li><a href=\"https:\/\/www.lirapopular.cl\/lirapopularxix\/2021\/09\/29\/nacimiento-del-ante-cristo\/\">Nacimiento del Ante-Cristo. En los suburbios de Roma una anciana de 100 a\u00f1os da a luz un ni\u00f1o barbado, el color de sus barbas son verdes y sus cabellos colorados<\/a><\/li>\n\n\n\n<li><a href=\"https:\/\/www.lirapopular.cl\/lirapopularxix\/2021\/09\/29\/gran-contrapuntoentreun-cantinero\/\">Gran contrapunto entre un cantinero y el alcalde de Santiago<\/a><\/li>\n\n\n\n<li><a href=\"https:\/\/www.lirapopular.cl\/lirapopularxix\/2021\/09\/29\/carta-del-reo-duboisal-pais-en-jeneral\/\">Carta del reo Dubois al pais en general<\/a><\/li>\n\n\n\n<li><a href=\"https:\/\/www.lirapopular.cl\/lirapopularxix\/2021\/09\/29\/espantosas-escenasuna-mujer-que-se-ahorca-enel-barrio-independencia\/\">Espantosas escenas. Una mujer que se ahorca en el barrio Independencia<\/a><\/li>\n\n\n\n<li><a href=\"https:\/\/www.lirapopular.cl\/lirapopularxix\/2021\/09\/29\/horrendo-crimenen-concepcion\/\">Horrendo crimen en Concepci\u00f3n. Un marido que mata a su mujer a hachazos. Hermoso ejemplo para las madres de familia<\/a><\/li>\n\n\n\n<li><a href=\"https:\/\/www.lirapopular.cl\/lirapopularxix\/2021\/09\/29\/la-situacion-de-chile\/\">La situaci\u00f3n de Chile. Protestas y resoluciones de un roto<\/a><\/li>\n<\/ul>\n\n\n\n<p>Nota: Precio: 5 centavos<br \/>La Lira puede datarse en 1907, fecha del fusilamiento de \u00c9mile Dubois en Valpara\u00edso (26 de marzo de 1907). <br \/>No tiene autor ni numeraci\u00f3n, pero es de la misma imprenta que en esa \u00e9poca usaba J. B. Peralta.<br \/>Este ejemplar tiene escrito a mano con plum\u00f3n \u201c348\u201d. Por el reverso con bol\u00edgrafo &#8220;303&#8221;.<br \/>Documento optimizado digitalmente.<\/p>\n","protected":false},"excerpt":{"rendered":"<p>Autor: Peralta, J. B. (sin autor)Impresor: Imprenta Bandera 919Tama\u00f1o: 55&#215;39 cmClasificaci\u00f3n: BN C\u00f3digo: LO0012674 Nota: Precio: 5 centavosLa Lira puede datarse en 1907, fecha del fusilamiento de \u00c9mile Dubois en Valpara\u00edso (26 de marzo de 1907). No tiene autor ni numeraci\u00f3n, pero es de la misma imprenta que en esa \u00e9poca usaba J. B. Peralta.Este [&hellip;]<\/p>\n","protected":false},"author":1,"featured_media":0,"parent":0,"menu_order":0,"comment_status":"closed","ping_status":"closed","template":"","meta":{"footnotes":""},"class_list":["post-23640","page","type-page","status-publish","hentry"],"jetpack_sharing_enabled":true,"_links":{"self":[{"href":"https:\/\/www.lirapopular.cl\/lirapopularxix\/wp-json\/wp\/v2\/pages\/23640","targetHints":{"allow":["GET"]}}],"collection":[{"href":"https:\/\/www.lirapopular.cl\/lirapopularxix\/wp-json\/wp\/v2\/pages"}],"about":[{"href":"https:\/\/www.lirapopular.cl\/lirapopularxix\/wp-json\/wp\/v2\/types\/page"}],"author":[{"embeddable":true,"href":"https:\/\/www.lirapopular.cl\/lirapopularxix\/wp-json\/wp\/v2\/users\/1"}],"replies":[{"embeddable":true,"href":"https:\/\/www.lirapopular.cl\/lirapopularxix\/wp-json\/wp\/v2\/comments?post=23640"}],"version-history":[{"count":0,"href":"https:\/\/www.lirapopular.cl\/lirapopularxix\/wp-json\/wp\/v2\/pages\/23640\/revisions"}],"wp:attachment":[{"href":"https:\/\/www.lirapopular.cl\/lirapopularxix\/wp-json\/wp\/v2\/media?parent=23640"}],"curies":[{"name":"wp","href":"https:\/\/api.w.org\/{rel}","templated":true}]}}