{"id":23583,"date":"2021-09-29T15:38:09","date_gmt":"2021-09-29T19:38:09","guid":{"rendered":"https:\/\/www.lirapopular.cl\/lirapopularxix\/?page_id=23583"},"modified":"2021-09-29T15:38:09","modified_gmt":"2021-09-29T19:38:09","slug":"indulto-carta-del-reo-ortiz","status":"publish","type":"page","link":"https:\/\/www.lirapopular.cl\/lirapopularxix\/indulto-carta-del-reo-ortiz\/","title":{"rendered":"INDULTO <br>CARTA DEL REO ORTIZ"},"content":{"rendered":"\n<div class=\"wp-block-image\"><figure class=\"alignright size-medium\"><a href=\"https:\/\/www.lirapopular.cl\/lirapopularxix\/wp-content\/uploads\/2021\/09\/LO0012454.jpg\"><img loading=\"lazy\" decoding=\"async\" width=\"209\" height=\"300\" src=\"https:\/\/www.lirapopular.cl\/lirapopularxix\/wp-content\/uploads\/2021\/09\/LO0012454-209x300.jpg\" alt=\"\" class=\"wp-image-23587\" srcset=\"https:\/\/www.lirapopular.cl\/lirapopularxix\/wp-content\/uploads\/2021\/09\/LO0012454-209x300.jpg 209w, https:\/\/www.lirapopular.cl\/lirapopularxix\/wp-content\/uploads\/2021\/09\/LO0012454.jpg 698w\" sizes=\"auto, (max-width: 209px) 100vw, 209px\" \/><\/a><figcaption>Archivo de Literatura Oral<br \/>Colecci\u00f3n Alamiro de \u00c1vila<\/figcaption><\/figure><\/div>\n\n\n\n<p>Autor: Juan Bautista Peralta. Se venden los versos en la calle Huemul, 864.<br \/>Impresor: 19,070.\u2014Imp. Cerv<br \/>Tama\u00f1o: 55&#215;38 cm<br \/>Clasificaci\u00f3n: BN C\u00f3digo: LO0012454<\/p>\n\n\n\n<ul class=\"wp-block-list\"><li><a href=\"https:\/\/www.lirapopular.cl\/lirapopularxix\/2021\/09\/29\/el-indultodel-reo-ortiz\/\">El indulto del reo Ortiz<\/a><\/li><li><a href=\"https:\/\/www.lirapopular.cl\/lirapopularxix\/2021\/09\/29\/carta-del-reo-ortiz-2\/\">Carta del reo Ortiz<\/a><\/li><li><a href=\"https:\/\/www.lirapopular.cl\/lirapopularxix\/2021\/09\/29\/desconsuelode-un-amante-2\/\">Desconsuelo de un amante<\/a><\/li><li><a href=\"https:\/\/www.lirapopular.cl\/lirapopularxix\/2021\/09\/29\/cubana-ultimos-esfuerzosde-los-cubanospara-obtener-su-libertad-2\/\">Cubana, \u00faltimos esfuerzos de los cubanos para obtener su libertad<\/a><\/li><li><a href=\"https:\/\/www.lirapopular.cl\/lirapopularxix\/2021\/09\/29\/versospor-el-viejo-testamento-2\/\">Versos por el Viejo Testamento<\/a><\/li><\/ul>\n\n\n\n<p>Nota: Este ejemplar tiene escrito a mano con plum\u00f3n \u201c128\u201d y con l\u00e1piz azul &#8220;10&#8221;. Por el reverso con l\u00e1piz &#8220;Ortis&#8221;.<br \/>Documento optimizado digitalmente.<\/p>\n","protected":false},"excerpt":{"rendered":"<p>Autor: Juan Bautista Peralta. Se venden los versos en la calle Huemul, 864.Impresor: 19,070.\u2014Imp. CervTama\u00f1o: 55&#215;38 cmClasificaci\u00f3n: BN C\u00f3digo: LO0012454 El indulto del reo Ortiz Carta del reo Ortiz Desconsuelo de un amante Cubana, \u00faltimos esfuerzos de los cubanos para obtener su libertad Versos por el Viejo Testamento Nota: Este ejemplar tiene escrito a mano [&hellip;]<\/p>\n","protected":false},"author":1,"featured_media":0,"parent":0,"menu_order":0,"comment_status":"closed","ping_status":"closed","template":"","meta":{"footnotes":""},"class_list":["post-23583","page","type-page","status-publish","hentry"],"jetpack_sharing_enabled":true,"_links":{"self":[{"href":"https:\/\/www.lirapopular.cl\/lirapopularxix\/wp-json\/wp\/v2\/pages\/23583","targetHints":{"allow":["GET"]}}],"collection":[{"href":"https:\/\/www.lirapopular.cl\/lirapopularxix\/wp-json\/wp\/v2\/pages"}],"about":[{"href":"https:\/\/www.lirapopular.cl\/lirapopularxix\/wp-json\/wp\/v2\/types\/page"}],"author":[{"embeddable":true,"href":"https:\/\/www.lirapopular.cl\/lirapopularxix\/wp-json\/wp\/v2\/users\/1"}],"replies":[{"embeddable":true,"href":"https:\/\/www.lirapopular.cl\/lirapopularxix\/wp-json\/wp\/v2\/comments?post=23583"}],"version-history":[{"count":0,"href":"https:\/\/www.lirapopular.cl\/lirapopularxix\/wp-json\/wp\/v2\/pages\/23583\/revisions"}],"wp:attachment":[{"href":"https:\/\/www.lirapopular.cl\/lirapopularxix\/wp-json\/wp\/v2\/media?parent=23583"}],"curies":[{"name":"wp","href":"https:\/\/api.w.org\/{rel}","templated":true}]}}