{"id":23519,"date":"2021-09-28T20:11:20","date_gmt":"2021-09-29T00:11:20","guid":{"rendered":"https:\/\/www.lirapopular.cl\/lirapopularxix\/?page_id=23519"},"modified":"2021-09-28T20:11:20","modified_gmt":"2021-09-29T00:11:20","slug":"horribles-crimenes-la-lira-popular-n-14","status":"publish","type":"page","link":"https:\/\/www.lirapopular.cl\/lirapopularxix\/horribles-crimenes-la-lira-popular-n-14\/","title":{"rendered":"HORRIBLES CRIMENES &#8211; LA LIRA POPULAR N. 14"},"content":{"rendered":"\n<div class=\"wp-block-image\"><figure class=\"alignright size-medium\"><a href=\"https:\/\/www.lirapopular.cl\/lirapopularxix\/wp-content\/uploads\/2021\/09\/LO0012472.jpg\"><img decoding=\"async\" src=\"https:\/\/www.lirapopular.cl\/lirapopularxix\/wp-content\/uploads\/2021\/09\/LO0012472-210x300.jpg\" alt=\"\" class=\"wp-image-23523\"\/><\/a><figcaption>Archivo de Literatura Oral<br \/>Colecci\u00f3n Alamiro de \u00c1vila<\/figcaption><\/figure><\/div>\n\n\n\n<p>Autor: Juan Bautista Peralta. G\u00e1lvez 826.- Se prohibe la reimpresi\u00f3n.<br \/>Impresor: Sin informaci\u00f3n<br \/>Tama\u00f1o: 55&#215;38 cm<br \/>Clasificaci\u00f3n: BN C\u00f3digo:\u00a0LO0012472<\/p>\n\n\n\n<ul class=\"wp-block-list\"><li><a href=\"https:\/\/www.lirapopular.cl\/lirapopularxix\/2021\/09\/29\/horribles-asesinatosun-padre-asesina-a-supropio-hijo\/\">Horribles asesinatos. Un padre asesina a su propio hijo<\/a><\/li><li><a href=\"https:\/\/www.lirapopular.cl\/lirapopularxix\/2021\/09\/29\/una-trajedia-sangrienta\/\">Una tragedia sangrienta<\/a><\/li><li><a href=\"https:\/\/www.lirapopular.cl\/lirapopularxix\/2021\/09\/29\/sobre-la-hija-que-envenenoa-la-madre\/\">Sobre la hija que envenen\u00f3 a la madre<\/a><\/li><li><a href=\"https:\/\/www.lirapopular.cl\/lirapopularxix\/2021\/09\/29\/fusilamiente-del-reo-silvano-silva\/\">Fusilamiento del reo Silvano Silva<\/a><\/li><li><a href=\"https:\/\/www.lirapopular.cl\/lirapopularxix\/2021\/09\/29\/continuacion-del-pleitoentre-el-guaso-i-el-guardian-iel-ajenciero\/\">Continuaci\u00f3n del pleito entre el huaso y el guardi\u00e1n y el agenciero<\/a><\/li><li><a href=\"https:\/\/www.lirapopular.cl\/lirapopularxix\/2021\/09\/29\/olor-a-polvora\/\">Olor a p\u00f3lvora<\/a><\/li><\/ul>\n\n\n\n<p>Nota: Este ejemplar tiene escrito a mano con plum\u00f3n \u201c146\u201d. Por el reverso con bol\u00edgrafo &#8220;125&#8221;.<br \/>Documento optimizado digitalmente.<\/p>\n","protected":false},"excerpt":{"rendered":"<p>Autor: Juan Bautista Peralta. G\u00e1lvez 826.- Se prohibe la reimpresi\u00f3n.Impresor: Sin informaci\u00f3nTama\u00f1o: 55&#215;38 cmClasificaci\u00f3n: BN C\u00f3digo:\u00a0LO0012472 Horribles asesinatos. Un padre asesina a su propio hijo Una tragedia sangrienta Sobre la hija que envenen\u00f3 a la madre Fusilamiento del reo Silvano Silva Continuaci\u00f3n del pleito entre el huaso y el guardi\u00e1n y el agenciero Olor a [&hellip;]<\/p>\n","protected":false},"author":1,"featured_media":0,"parent":0,"menu_order":0,"comment_status":"closed","ping_status":"closed","template":"","meta":{"footnotes":""},"class_list":["post-23519","page","type-page","status-publish","hentry"],"jetpack_sharing_enabled":true,"_links":{"self":[{"href":"https:\/\/www.lirapopular.cl\/lirapopularxix\/wp-json\/wp\/v2\/pages\/23519","targetHints":{"allow":["GET"]}}],"collection":[{"href":"https:\/\/www.lirapopular.cl\/lirapopularxix\/wp-json\/wp\/v2\/pages"}],"about":[{"href":"https:\/\/www.lirapopular.cl\/lirapopularxix\/wp-json\/wp\/v2\/types\/page"}],"author":[{"embeddable":true,"href":"https:\/\/www.lirapopular.cl\/lirapopularxix\/wp-json\/wp\/v2\/users\/1"}],"replies":[{"embeddable":true,"href":"https:\/\/www.lirapopular.cl\/lirapopularxix\/wp-json\/wp\/v2\/comments?post=23519"}],"version-history":[{"count":0,"href":"https:\/\/www.lirapopular.cl\/lirapopularxix\/wp-json\/wp\/v2\/pages\/23519\/revisions"}],"wp:attachment":[{"href":"https:\/\/www.lirapopular.cl\/lirapopularxix\/wp-json\/wp\/v2\/media?parent=23519"}],"curies":[{"name":"wp","href":"https:\/\/api.w.org\/{rel}","templated":true}]}}