{"id":23498,"date":"2021-09-28T14:26:30","date_gmt":"2021-09-28T18:26:30","guid":{"rendered":"https:\/\/www.lirapopular.cl\/lirapopularxix\/?page_id=23498"},"modified":"2021-09-28T14:26:30","modified_gmt":"2021-09-28T18:26:30","slug":"la-lira-popular-num-52","status":"publish","type":"page","link":"https:\/\/www.lirapopular.cl\/lirapopularxix\/la-lira-popular-num-52\/","title":{"rendered":"LA LIRA POPULAR N\u00fam. 52 <br>Horrible drama de sangre en la Seccion de Seguridad"},"content":{"rendered":"\n<div class=\"wp-block-image\"><figure class=\"alignright size-medium\"><a href=\"https:\/\/www.lirapopular.cl\/lirapopularxix\/wp-content\/uploads\/2021\/09\/LO0012506.jpg\"><img loading=\"lazy\" decoding=\"async\" width=\"230\" height=\"300\" src=\"https:\/\/www.lirapopular.cl\/lirapopularxix\/wp-content\/uploads\/2021\/09\/LO0012506-230x300.jpg\" alt=\"\" class=\"wp-image-23502\" srcset=\"https:\/\/www.lirapopular.cl\/lirapopularxix\/wp-content\/uploads\/2021\/09\/LO0012506-230x300.jpg 230w, https:\/\/www.lirapopular.cl\/lirapopularxix\/wp-content\/uploads\/2021\/09\/LO0012506.jpg 766w\" sizes=\"auto, (max-width: 230px) 100vw, 230px\" \/><\/a><figcaption>Archivo de Literatura Oral<br \/>Colecci\u00f3n Alamiro de \u00c1vila<\/figcaption><\/figure><\/div>\n\n\n\n<p>Autor: Juan Bautista Peralta. Es propiedad de autor.\u2014 Se proh\u00edbe la reimpresi\u00f3n de estas poes\u00edas. G\u00e1lvez 826<br \/>Impresor: Imp- \u00abEl Debate\u00bb\u2014 S. Diego 291.<br \/>Tama\u00f1o: 50&#215;38 cm<br \/>Clasificaci\u00f3n: BN C\u00f3digo: LO0012506<\/p>\n\n\n\n<ul class=\"wp-block-list\"><li><a href=\"https:\/\/www.lirapopular.cl\/lirapopularxix\/2021\/09\/28\/horrible-drama-de-sangreen-la-seccion-de-seguridad\/\">Horrible drama de sangre en la Secci\u00f3n de Seguridad<\/a><\/li><li><a href=\"https:\/\/www.lirapopular.cl\/lirapopularxix\/2021\/09\/28\/sobre-el-ganado-arjentinola-usura-i-el-pueblo\/\">Sobre el ganado argentino. La usura y el pueblo<\/a><\/li><li><a href=\"https:\/\/www.lirapopular.cl\/lirapopularxix\/2021\/09\/28\/el-conflicto-relijioso-enla-franciamuchos-muertos-i-heridos\/\">El conflicto religioso en la Francia. Muchos muertos y heridos<\/a><\/li><li><a href=\"https:\/\/www.lirapopular.cl\/lirapopularxix\/2021\/09\/28\/versos-por-el-viejotestamento\/\">Versos por el Viejo Testamento<\/a><\/li><li><a href=\"https:\/\/www.lirapopular.cl\/lirapopularxix\/2021\/09\/28\/horrible-sucesouna-nina-comida-por-un-culebron\/\">Horrible suceso. Una ni\u00f1a comida por un culebr\u00f3n<\/a><\/li><li><a href=\"https:\/\/www.lirapopular.cl\/lirapopularxix\/2021\/09\/28\/orijende-la-creacion-del-mundo\/\">Origen de la creaci\u00f3n del mundo<\/a><\/li><\/ul>\n\n\n\n<p>Nota: Este ejemplar tiene escrito a mano con plum\u00f3n \u201c180\u201d. Por el reverso sobre una etiqueta &#8220;47&#8221;.<br \/>Documento optimizado digitalmente.<\/p>\n","protected":false},"excerpt":{"rendered":"<p>Autor: Juan Bautista Peralta. Es propiedad de autor.\u2014 Se proh\u00edbe la reimpresi\u00f3n de estas poes\u00edas. G\u00e1lvez 826Impresor: Imp- \u00abEl Debate\u00bb\u2014 S. Diego 291.Tama\u00f1o: 50&#215;38 cmClasificaci\u00f3n: BN C\u00f3digo: LO0012506 Horrible drama de sangre en la Secci\u00f3n de Seguridad Sobre el ganado argentino. La usura y el pueblo El conflicto religioso en la Francia. Muchos muertos y [&hellip;]<\/p>\n","protected":false},"author":1,"featured_media":0,"parent":0,"menu_order":0,"comment_status":"closed","ping_status":"closed","template":"","meta":{"footnotes":""},"class_list":["post-23498","page","type-page","status-publish","hentry"],"jetpack_sharing_enabled":true,"_links":{"self":[{"href":"https:\/\/www.lirapopular.cl\/lirapopularxix\/wp-json\/wp\/v2\/pages\/23498","targetHints":{"allow":["GET"]}}],"collection":[{"href":"https:\/\/www.lirapopular.cl\/lirapopularxix\/wp-json\/wp\/v2\/pages"}],"about":[{"href":"https:\/\/www.lirapopular.cl\/lirapopularxix\/wp-json\/wp\/v2\/types\/page"}],"author":[{"embeddable":true,"href":"https:\/\/www.lirapopular.cl\/lirapopularxix\/wp-json\/wp\/v2\/users\/1"}],"replies":[{"embeddable":true,"href":"https:\/\/www.lirapopular.cl\/lirapopularxix\/wp-json\/wp\/v2\/comments?post=23498"}],"version-history":[{"count":0,"href":"https:\/\/www.lirapopular.cl\/lirapopularxix\/wp-json\/wp\/v2\/pages\/23498\/revisions"}],"wp:attachment":[{"href":"https:\/\/www.lirapopular.cl\/lirapopularxix\/wp-json\/wp\/v2\/media?parent=23498"}],"curies":[{"name":"wp","href":"https:\/\/api.w.org\/{rel}","templated":true}]}}