{"id":23477,"date":"2021-09-28T09:19:57","date_gmt":"2021-09-28T13:19:57","guid":{"rendered":"https:\/\/www.lirapopular.cl\/lirapopularxix\/?page_id=23477"},"modified":"2021-09-28T09:19:57","modified_gmt":"2021-09-28T13:19:57","slug":"horrible-crimen-en-iquique","status":"publish","type":"page","link":"https:\/\/www.lirapopular.cl\/lirapopularxix\/horrible-crimen-en-iquique\/","title":{"rendered":"HORRIBLE CRIMEN EN IQUIQUE. EL ZAPATERO EVANJELICO QUE DIO MUERTE A SU MUJER PORQUE ERA CATOLICA <br>Sue\u00f1os vagos de un Amante"},"content":{"rendered":"\n<div class=\"wp-block-image\"><figure class=\"alignright size-medium\"><a href=\"https:\/\/www.lirapopular.cl\/lirapopularxix\/wp-content\/uploads\/2021\/09\/LO0012676.jpg\"><img loading=\"lazy\" decoding=\"async\" width=\"216\" height=\"300\" src=\"https:\/\/www.lirapopular.cl\/lirapopularxix\/wp-content\/uploads\/2021\/09\/LO0012676-216x300.jpg\" alt=\"\" class=\"wp-image-23481\" srcset=\"https:\/\/www.lirapopular.cl\/lirapopularxix\/wp-content\/uploads\/2021\/09\/LO0012676-216x300.jpg 216w, https:\/\/www.lirapopular.cl\/lirapopularxix\/wp-content\/uploads\/2021\/09\/LO0012676.jpg 721w\" sizes=\"auto, (max-width: 216px) 100vw, 216px\" \/><\/a><figcaption>Archivo de Literatura Oral<br \/>Colecci\u00f3n Alamiro de \u00c1vila<\/figcaption><\/figure><\/div>\n\n\n\n<p>Autor: An\u00f3nimo.<br \/>Impresor: Serena.\u2014 Imp. i Enc. El Norte.\u2014 Balmaceda, 86<br \/>Tama\u00f1o: 56&#215;40 cm<br \/>Clasificaci\u00f3n: BN C\u00f3digo: LO0012676<\/p>\n\n\n\n<ul class=\"wp-block-list\"><li><a href=\"https:\/\/www.lirapopular.cl\/lirapopularxix\/2021\/09\/28\/un-desafioa-poetastros-i-cantores\/\">Un desafio a poetastros y cantores<\/a><\/li><li><a href=\"https:\/\/www.lirapopular.cl\/lirapopularxix\/2021\/09\/28\/el-pescador-feliz\/\">El pescador feliz<\/a><\/li><li><a href=\"https:\/\/www.lirapopular.cl\/lirapopularxix\/2021\/09\/28\/suenos-vagos-de-unamante\/\">Sue\u00f1os vagos de un amante<\/a><\/li><li><a href=\"https:\/\/www.lirapopular.cl\/lirapopularxix\/2021\/09\/28\/contrapunto-entre-un-trabajador-de-las-salitreras\/\">Contrapunto entre un trabajador de las salitreras del norte y D. Germ\u00e1n Riesco<\/a><\/li><li><a href=\"https:\/\/www.lirapopular.cl\/lirapopularxix\/2021\/09\/28\/horrible-crimen-en-iquique\/\">Horrible crimen en Iquique. El zapatero evang\u00e9lico que le dio muerte a la mujer porque era cat\u00f3lica<\/a><\/li><\/ul>\n\n\n\n<p>Nota: Esta lira puede datarse en el per\u00edodo en que Germ\u00e1n Riesco fue Presidente de Chile desde el 18 de septiembre de 1901 al 18 de septiembre de 1906.<br \/>Este ejemplar tiene escrito a mano con plum\u00f3n \u201c350\u201d, con l\u00e1piz azul &#8220;37&#8221;. Coloreada a mano. Por el reverso con bol\u00edgrafo &#8220;138&#8221;.<br \/>Documento optimizado digitalmente.<\/p>\n","protected":false},"excerpt":{"rendered":"<p>Autor: An\u00f3nimo.Impresor: Serena.\u2014 Imp. i Enc. El Norte.\u2014 Balmaceda, 86Tama\u00f1o: 56&#215;40 cmClasificaci\u00f3n: BN C\u00f3digo: LO0012676 Un desafio a poetastros y cantores El pescador feliz Sue\u00f1os vagos de un amante Contrapunto entre un trabajador de las salitreras del norte y D. Germ\u00e1n Riesco Horrible crimen en Iquique. El zapatero evang\u00e9lico que le dio muerte a la [&hellip;]<\/p>\n","protected":false},"author":1,"featured_media":0,"parent":0,"menu_order":0,"comment_status":"closed","ping_status":"closed","template":"","meta":{"footnotes":""},"class_list":["post-23477","page","type-page","status-publish","hentry"],"jetpack_sharing_enabled":true,"_links":{"self":[{"href":"https:\/\/www.lirapopular.cl\/lirapopularxix\/wp-json\/wp\/v2\/pages\/23477","targetHints":{"allow":["GET"]}}],"collection":[{"href":"https:\/\/www.lirapopular.cl\/lirapopularxix\/wp-json\/wp\/v2\/pages"}],"about":[{"href":"https:\/\/www.lirapopular.cl\/lirapopularxix\/wp-json\/wp\/v2\/types\/page"}],"author":[{"embeddable":true,"href":"https:\/\/www.lirapopular.cl\/lirapopularxix\/wp-json\/wp\/v2\/users\/1"}],"replies":[{"embeddable":true,"href":"https:\/\/www.lirapopular.cl\/lirapopularxix\/wp-json\/wp\/v2\/comments?post=23477"}],"version-history":[{"count":0,"href":"https:\/\/www.lirapopular.cl\/lirapopularxix\/wp-json\/wp\/v2\/pages\/23477\/revisions"}],"wp:attachment":[{"href":"https:\/\/www.lirapopular.cl\/lirapopularxix\/wp-json\/wp\/v2\/media?parent=23477"}],"curies":[{"name":"wp","href":"https:\/\/api.w.org\/{rel}","templated":true}]}}