{"id":23422,"date":"2021-09-27T14:31:28","date_gmt":"2021-09-27T18:31:28","guid":{"rendered":"https:\/\/www.lirapopular.cl\/lirapopularxix\/?page_id=23422"},"modified":"2021-09-27T14:31:28","modified_gmt":"2021-09-27T18:31:28","slug":"gran-salteo-en-casablanca","status":"publish","type":"page","link":"https:\/\/www.lirapopular.cl\/lirapopularxix\/gran-salteo-en-casablanca\/","title":{"rendered":"GRAN SALTEO EN CASABLANCA <br>y La mujer que mand\u00f3 matar al marido en Valparaiso"},"content":{"rendered":"\n<div class=\"wp-block-image\"><figure class=\"alignright size-medium\"><a href=\"https:\/\/www.lirapopular.cl\/lirapopularxix\/wp-content\/uploads\/2021\/09\/LO0012560.jpg\"><img decoding=\"async\" src=\"https:\/\/www.lirapopular.cl\/lirapopularxix\/wp-content\/uploads\/2021\/09\/LO0012560-214x300.jpg\" alt=\"\" class=\"wp-image-23425\"\/><\/a><figcaption>Archivo de Literatura Oral<br \/>Colecci\u00f3n Alamiro de \u00c1vila<\/figcaption><\/figure><\/div>\n\n\n\n<p>Autor: Desiderio Parra.\u2014Poeta Pequ\u00e9n<br \/>Impresor: Imp. y Enc. Chilena.&#8211; Bandera 43<br \/>Tama\u00f1o: 55&#215;39 cm<br \/>Clasificaci\u00f3n: BN C\u00f3digo: LO0012560<\/p>\n\n\n\n<ul class=\"wp-block-list\"><li><a href=\"https:\/\/www.lirapopular.cl\/lirapopularxix\/2021\/09\/27\/gran-salteo-en-los-coligues\/\">Gran salteo en Los Colig\u00fces. Muertos y heridos<\/a><\/li><li><a href=\"https:\/\/www.lirapopular.cl\/lirapopularxix\/2021\/09\/27\/la-mujer-que-mando-matara-su-marido\/\">La mujer que mand\u00f3 matar a su marido<\/a><\/li><li><a href=\"https:\/\/www.lirapopular.cl\/lirapopularxix\/2021\/09\/27\/chinchorrazo-al-presidente\/\">Chinchorrazo al Presidente<\/a><\/li><li><a href=\"https:\/\/www.lirapopular.cl\/lirapopularxix\/2021\/09\/27\/cuecas-9\/\">Cuecas<\/a><\/li><li><a href=\"https:\/\/www.lirapopular.cl\/lirapopularxix\/2021\/09\/27\/brinde-de-un-guardianen-talca\/\">Brinde de un guardi\u00e1n en Talca<\/a><\/li><li><a href=\"https:\/\/www.lirapopular.cl\/lirapopularxix\/2021\/09\/27\/literatura-19\/\">Literatura<\/a><\/li><li><a href=\"https:\/\/www.lirapopular.cl\/lirapopularxix\/2021\/09\/27\/a-mi-adorado-tormento-2\/\">A mi adorado tormento<\/a><\/li><\/ul>\n\n\n\n<p>Nota: Este ejemplar tiene escrito a mano con plum\u00f3n \u201c234\u201d y varias letras con l\u00e1piz grafito. Por el reverso sobre una etiqueta &#8220;83&#8221;.<br \/>Documento optimizado digitalmente.<\/p>\n","protected":false},"excerpt":{"rendered":"<p>Autor: Desiderio Parra.\u2014Poeta Pequ\u00e9nImpresor: Imp. y Enc. Chilena.&#8211; Bandera 43Tama\u00f1o: 55&#215;39 cmClasificaci\u00f3n: BN C\u00f3digo: LO0012560 Gran salteo en Los Colig\u00fces. Muertos y heridos La mujer que mand\u00f3 matar a su marido Chinchorrazo al Presidente Cuecas Brinde de un guardi\u00e1n en Talca Literatura A mi adorado tormento Nota: Este ejemplar tiene escrito a mano con plum\u00f3n [&hellip;]<\/p>\n","protected":false},"author":1,"featured_media":0,"parent":0,"menu_order":0,"comment_status":"closed","ping_status":"closed","template":"","meta":{"footnotes":""},"class_list":["post-23422","page","type-page","status-publish","hentry"],"jetpack_sharing_enabled":true,"_links":{"self":[{"href":"https:\/\/www.lirapopular.cl\/lirapopularxix\/wp-json\/wp\/v2\/pages\/23422","targetHints":{"allow":["GET"]}}],"collection":[{"href":"https:\/\/www.lirapopular.cl\/lirapopularxix\/wp-json\/wp\/v2\/pages"}],"about":[{"href":"https:\/\/www.lirapopular.cl\/lirapopularxix\/wp-json\/wp\/v2\/types\/page"}],"author":[{"embeddable":true,"href":"https:\/\/www.lirapopular.cl\/lirapopularxix\/wp-json\/wp\/v2\/users\/1"}],"replies":[{"embeddable":true,"href":"https:\/\/www.lirapopular.cl\/lirapopularxix\/wp-json\/wp\/v2\/comments?post=23422"}],"version-history":[{"count":0,"href":"https:\/\/www.lirapopular.cl\/lirapopularxix\/wp-json\/wp\/v2\/pages\/23422\/revisions"}],"wp:attachment":[{"href":"https:\/\/www.lirapopular.cl\/lirapopularxix\/wp-json\/wp\/v2\/media?parent=23422"}],"curies":[{"name":"wp","href":"https:\/\/api.w.org\/{rel}","templated":true}]}}