{"id":23400,"date":"2021-09-26T20:49:49","date_gmt":"2021-09-27T00:49:49","guid":{"rendered":"https:\/\/www.lirapopular.cl\/lirapopularxix\/?page_id=23400"},"modified":"2021-09-26T20:49:49","modified_gmt":"2021-09-27T00:49:49","slug":"la-lira-popular-fusilamiento-del-tucho","status":"publish","type":"page","link":"https:\/\/www.lirapopular.cl\/lirapopularxix\/la-lira-popular-fusilamiento-del-tucho\/","title":{"rendered":"LA LIRA POPULAR <br>Fusilamiento del &#8220;Tucho&#8221; <br>HOMENAJE A LOS 30 MINEROS CAIDOS EN LAS MINAS DE LOTA"},"content":{"rendered":"\n<div class=\"wp-block-image\"><figure class=\"alignright size-medium\"><a href=\"https:\/\/www.lirapopular.cl\/lirapopularxix\/wp-content\/uploads\/2021\/09\/LO0012675.jpg\"><img loading=\"lazy\" decoding=\"async\" width=\"219\" height=\"300\" src=\"https:\/\/www.lirapopular.cl\/lirapopularxix\/wp-content\/uploads\/2021\/09\/LO0012675-219x300.jpg\" alt=\"\" class=\"wp-image-23405\" srcset=\"https:\/\/www.lirapopular.cl\/lirapopularxix\/wp-content\/uploads\/2021\/09\/LO0012675-219x300.jpg 219w, https:\/\/www.lirapopular.cl\/lirapopularxix\/wp-content\/uploads\/2021\/09\/LO0012675.jpg 731w\" sizes=\"auto, (max-width: 219px) 100vw, 219px\" \/><\/a><figcaption>Archivo de Literatura Oral<br \/>Colecci\u00f3n Alamiro de \u00c1vila<\/figcaption><\/figure><\/div>\n\n\n\n<p>Autor: An\u00f3nimo.<br \/>Impresor: Imp. Caupolic\u00e1n.\u2014M. Rodr\u00edguez 1044<br \/>Tama\u00f1o: 38&#215;28 cm<br \/>Clasificaci\u00f3n: BN C\u00f3digo: LO0012675<\/p>\n\n\n\n<ul class=\"wp-block-list\"><li><a href=\"https:\/\/www.lirapopular.cl\/lirapopularxix\/2021\/09\/27\/el-entierro-del-tucho-fue-funesto\/\">El entierro del Tucho fue funesto<\/a><\/li><li><a href=\"https:\/\/www.lirapopular.cl\/lirapopularxix\/2021\/09\/27\/el-tucho-planea-su-espantosocrimen\/\">El Tucho planea su espantoso crimen<\/a><\/li><li><a href=\"https:\/\/www.lirapopular.cl\/lirapopularxix\/2021\/09\/27\/el-crimen\/\">El crimen<\/a><\/li><li><a href=\"https:\/\/www.lirapopular.cl\/lirapopularxix\/2021\/09\/27\/oh-companeros-y-hermanos\/\">Oh, compa\u00f1eros y hermanos<\/a><\/li><\/ul>\n\n\n\n<p>Nota: La BN data esta lira en 1950.<br \/>Este ejemplar tiene escrito a mano con plum\u00f3n \u201c349\u201d. Por el reverso sobre una etiqueta &#8220;22&#8221;.<br \/>Documento optimizado digitalmente.<\/p>\n","protected":false},"excerpt":{"rendered":"<p>Autor: An\u00f3nimo.Impresor: Imp. Caupolic\u00e1n.\u2014M. Rodr\u00edguez 1044Tama\u00f1o: 38&#215;28 cmClasificaci\u00f3n: BN C\u00f3digo: LO0012675 El entierro del Tucho fue funesto El Tucho planea su espantoso crimen El crimen Oh, compa\u00f1eros y hermanos Nota: La BN data esta lira en 1950.Este ejemplar tiene escrito a mano con plum\u00f3n \u201c349\u201d. Por el reverso sobre una etiqueta &#8220;22&#8221;.Documento optimizado digitalmente.<\/p>\n","protected":false},"author":1,"featured_media":0,"parent":0,"menu_order":0,"comment_status":"closed","ping_status":"closed","template":"","meta":{"footnotes":""},"class_list":["post-23400","page","type-page","status-publish","hentry"],"jetpack_sharing_enabled":true,"_links":{"self":[{"href":"https:\/\/www.lirapopular.cl\/lirapopularxix\/wp-json\/wp\/v2\/pages\/23400","targetHints":{"allow":["GET"]}}],"collection":[{"href":"https:\/\/www.lirapopular.cl\/lirapopularxix\/wp-json\/wp\/v2\/pages"}],"about":[{"href":"https:\/\/www.lirapopular.cl\/lirapopularxix\/wp-json\/wp\/v2\/types\/page"}],"author":[{"embeddable":true,"href":"https:\/\/www.lirapopular.cl\/lirapopularxix\/wp-json\/wp\/v2\/users\/1"}],"replies":[{"embeddable":true,"href":"https:\/\/www.lirapopular.cl\/lirapopularxix\/wp-json\/wp\/v2\/comments?post=23400"}],"version-history":[{"count":0,"href":"https:\/\/www.lirapopular.cl\/lirapopularxix\/wp-json\/wp\/v2\/pages\/23400\/revisions"}],"wp:attachment":[{"href":"https:\/\/www.lirapopular.cl\/lirapopularxix\/wp-json\/wp\/v2\/media?parent=23400"}],"curies":[{"name":"wp","href":"https:\/\/api.w.org\/{rel}","templated":true}]}}