{"id":23377,"date":"2021-09-26T19:47:18","date_gmt":"2021-09-26T23:47:18","guid":{"rendered":"https:\/\/www.lirapopular.cl\/lirapopularxix\/?page_id=23377"},"modified":"2021-09-26T19:47:18","modified_gmt":"2021-09-26T23:47:18","slug":"la-lira-popular-num-27","status":"publish","type":"page","link":"https:\/\/www.lirapopular.cl\/lirapopularxix\/la-lira-popular-num-27\/","title":{"rendered":"La Lira Popular\u2014N\u00fam. 27"},"content":{"rendered":"\n<div class=\"wp-block-image\"><figure class=\"alignright size-medium\"><a href=\"https:\/\/www.lirapopular.cl\/lirapopularxix\/wp-content\/uploads\/2021\/09\/LO0012485.jpg\"><img loading=\"lazy\" decoding=\"async\" width=\"213\" height=\"300\" src=\"https:\/\/www.lirapopular.cl\/lirapopularxix\/wp-content\/uploads\/2021\/09\/LO0012485-213x300.jpg\" alt=\"\" class=\"wp-image-23378\" srcset=\"https:\/\/www.lirapopular.cl\/lirapopularxix\/wp-content\/uploads\/2021\/09\/LO0012485-213x300.jpg 213w, https:\/\/www.lirapopular.cl\/lirapopularxix\/wp-content\/uploads\/2021\/09\/LO0012485.jpg 709w\" sizes=\"auto, (max-width: 213px) 100vw, 213px\" \/><\/a><figcaption>Exmo. se\u00f1or Federico Err\u00e1zuriz <br \/>Archivo de Literatura Oral<br \/>Colecci\u00f3n Alamiro de \u00c1vila<\/figcaption><\/figure><\/div>\n\n\n\n<p>Autor: Juan Bautista Peralta. Es propiedad del autor.\u2014Se proh\u00edbe la reimpresi\u00f3n de estas poes\u00edas. G\u00e1lvez 826.<br \/>Impresor: Sin informaci\u00f3n<br \/>Tama\u00f1o: 55&#215;39 cm<br \/>Clasificaci\u00f3n: BN C\u00f3digo: LO0012485<\/p>\n\n\n\n<ul class=\"wp-block-list\"><li><a href=\"https:\/\/www.lirapopular.cl\/lirapopularxix\/2021\/09\/26\/la-lira-de-luto\/\">&#8220;La Lira&#8221; de luto<\/a><\/li><li><a href=\"https:\/\/www.lirapopular.cl\/lirapopularxix\/2021\/09\/26\/la-muertedel-ecxmo-senor-errazuriz\/\">La muerte del Ecxmo. se\u00f1or Err\u00e1zuriz<\/a><\/li><li><a href=\"https:\/\/www.lirapopular.cl\/lirapopularxix\/2021\/09\/26\/agonia-del-presidentesus-ultimos-momentos\/\">Agonia del Presidente. Sus \u00faltimos momentos<\/a><\/li><li><a href=\"https:\/\/www.lirapopular.cl\/lirapopularxix\/2021\/09\/26\/rumores-de-revuelta-antes-del-fallecimento\/\">Rumores de revuelta antes del fallecimiento del Excmo. se\u00f1or Err\u00e1zuriz<\/a><\/li><li><a href=\"https:\/\/www.lirapopular.cl\/lirapopularxix\/2021\/09\/26\/testamentode-errazuriz\/\">Testamento de Err\u00e1zuriz<\/a><\/li><\/ul>\n\n\n\n<p>Nota: Impresi\u00f3n con tres tintas. El ejemplar tiene escrito a mano con plum\u00f3n \u201c159\u201d. Por el reverso con bol\u00edgrafo &#8220;170&#8221;.<br \/>La Lira republica algunos versos.<br \/>La Lira se refiere a F. Err\u00e1zuriz Echaurren, quien muri\u00f3 siendo Presidente el 12 de julio de 1901 y permite datarla.<br \/>Documento optimizado digitalmente.<\/p>\n","protected":false},"excerpt":{"rendered":"<p>Autor: Juan Bautista Peralta. Es propiedad del autor.\u2014Se proh\u00edbe la reimpresi\u00f3n de estas poes\u00edas. G\u00e1lvez 826.Impresor: Sin informaci\u00f3nTama\u00f1o: 55&#215;39 cmClasificaci\u00f3n: BN C\u00f3digo: LO0012485 &#8220;La Lira&#8221; de luto La muerte del Ecxmo. se\u00f1or Err\u00e1zuriz Agonia del Presidente. Sus \u00faltimos momentos Rumores de revuelta antes del fallecimiento del Excmo. se\u00f1or Err\u00e1zuriz Testamento de Err\u00e1zuriz Nota: Impresi\u00f3n con [&hellip;]<\/p>\n","protected":false},"author":1,"featured_media":0,"parent":0,"menu_order":0,"comment_status":"closed","ping_status":"closed","template":"","meta":{"footnotes":""},"class_list":["post-23377","page","type-page","status-publish","hentry"],"jetpack_sharing_enabled":true,"_links":{"self":[{"href":"https:\/\/www.lirapopular.cl\/lirapopularxix\/wp-json\/wp\/v2\/pages\/23377","targetHints":{"allow":["GET"]}}],"collection":[{"href":"https:\/\/www.lirapopular.cl\/lirapopularxix\/wp-json\/wp\/v2\/pages"}],"about":[{"href":"https:\/\/www.lirapopular.cl\/lirapopularxix\/wp-json\/wp\/v2\/types\/page"}],"author":[{"embeddable":true,"href":"https:\/\/www.lirapopular.cl\/lirapopularxix\/wp-json\/wp\/v2\/users\/1"}],"replies":[{"embeddable":true,"href":"https:\/\/www.lirapopular.cl\/lirapopularxix\/wp-json\/wp\/v2\/comments?post=23377"}],"version-history":[{"count":0,"href":"https:\/\/www.lirapopular.cl\/lirapopularxix\/wp-json\/wp\/v2\/pages\/23377\/revisions"}],"wp:attachment":[{"href":"https:\/\/www.lirapopular.cl\/lirapopularxix\/wp-json\/wp\/v2\/media?parent=23377"}],"curies":[{"name":"wp","href":"https:\/\/api.w.org\/{rel}","templated":true}]}}