{"id":23357,"date":"2021-09-26T15:05:32","date_gmt":"2021-09-26T19:05:32","guid":{"rendered":"https:\/\/www.lirapopular.cl\/lirapopularxix\/?page_id=23357"},"modified":"2021-09-26T15:05:32","modified_gmt":"2021-09-26T19:05:32","slug":"la-lira-popular-num-64","status":"publish","type":"page","link":"https:\/\/www.lirapopular.cl\/lirapopularxix\/la-lira-popular-num-64\/","title":{"rendered":"LA LIRA POPULAR N\u00fam. 64 <br>Estra\u00f1o suceso &#8211; Una fiera humana"},"content":{"rendered":"\n<div class=\"wp-block-image\"><figure class=\"alignright size-medium\"><a href=\"https:\/\/www.lirapopular.cl\/lirapopularxix\/wp-content\/uploads\/2021\/09\/LO0012516.jpg\"><img decoding=\"async\" src=\"https:\/\/www.lirapopular.cl\/lirapopularxix\/wp-content\/uploads\/2021\/09\/LO0012516-211x300.jpg\" alt=\"\" class=\"wp-image-23358\"\/><\/a><figcaption>Llegada del delegado apost\u00f3lico &#8211; Vista de la recepci\u00f3n<br \/><br \/>Archivo de Literatura Oral<br \/>Colecci\u00f3n Alamiro de \u00c1vila<\/figcaption><\/figure><\/div>\n\n\n\n<p>Autor: Juan Bautista Peralta. Es propiedad del autor.\u2014Se proh\u00edbe la reimpresion de estas poes\u00edas. G\u00e1lvez 635.<br \/>Impresor: Imp. \u00abEl Debate\u00bb\u2014S. Diego 291\u00a0<br \/>Tama\u00f1o: 55&#215;39 cm<br \/>Clasificaci\u00f3n: BN C\u00f3digo: LO0012516<\/p>\n\n\n\n<ul class=\"wp-block-list\"><li><a href=\"https:\/\/www.lirapopular.cl\/lirapopularxix\/2021\/09\/26\/estrano-sucesoun-hombre-que-da-a-luz-un-hijotelegramas-especiales-para-la-lira\/\">Extra\u00f1o suceso. Un hombre que da a luz un hijo. Telegramas especiales para La Lira<\/a><\/li><li><a href=\"https:\/\/www.lirapopular.cl\/lirapopularxix\/2021\/09\/26\/una-fiera-humanaun-padrastro-intenta-ahorcara-dos-entenados\/\">Una fiera humana. Un padrastro intenta ahorcar a dos entenados<\/a><\/li><li><a href=\"https:\/\/www.lirapopular.cl\/lirapopularxix\/2021\/09\/26\/cronica-criminalasesinatos-por-ciento\/\">Cr\u00f3nica criminal. Asesinatos por ciento<\/a><\/li><li><a href=\"https:\/\/www.lirapopular.cl\/lirapopularxix\/2021\/09\/26\/martirio-de-lossiete-macabeos\/\">Martirio de los siete macabeos<\/a><\/li><li><a href=\"https:\/\/www.lirapopular.cl\/lirapopularxix\/2021\/09\/26\/destruccion-de-sodomaverso-biblicojenesis-capitulo-xix-del-1-al-29\/\">Destruccion de Sodoma. Verso b\u00edblico. G\u00e9nesis, cap\u00edtulo XIX, del 1 al 29<\/a><\/li><li><a href=\"https:\/\/www.lirapopular.cl\/lirapopularxix\/2021\/09\/26\/contrapuntoentre-dos-huasos\/\">Contrapunto entre dos huasos<\/a><\/li><\/ul>\n\n\n\n<p>Nota: Este ejemplar tiene escrito a mano con plum\u00f3n \u201c190\u201d. Por el reverso con bol\u00edgrafo &#8220;117&#8221;.<br \/>Documento optimizado digitalmente.<\/p>\n","protected":false},"excerpt":{"rendered":"<p>Autor: Juan Bautista Peralta. Es propiedad del autor.\u2014Se proh\u00edbe la reimpresion de estas poes\u00edas. G\u00e1lvez 635.Impresor: Imp. \u00abEl Debate\u00bb\u2014S. Diego 291\u00a0Tama\u00f1o: 55&#215;39 cmClasificaci\u00f3n: BN C\u00f3digo: LO0012516 Extra\u00f1o suceso. Un hombre que da a luz un hijo. Telegramas especiales para La Lira Una fiera humana. Un padrastro intenta ahorcar a dos entenados Cr\u00f3nica criminal. Asesinatos por [&hellip;]<\/p>\n","protected":false},"author":1,"featured_media":0,"parent":0,"menu_order":0,"comment_status":"closed","ping_status":"closed","template":"","meta":{"footnotes":""},"class_list":["post-23357","page","type-page","status-publish","hentry"],"jetpack_sharing_enabled":true,"_links":{"self":[{"href":"https:\/\/www.lirapopular.cl\/lirapopularxix\/wp-json\/wp\/v2\/pages\/23357","targetHints":{"allow":["GET"]}}],"collection":[{"href":"https:\/\/www.lirapopular.cl\/lirapopularxix\/wp-json\/wp\/v2\/pages"}],"about":[{"href":"https:\/\/www.lirapopular.cl\/lirapopularxix\/wp-json\/wp\/v2\/types\/page"}],"author":[{"embeddable":true,"href":"https:\/\/www.lirapopular.cl\/lirapopularxix\/wp-json\/wp\/v2\/users\/1"}],"replies":[{"embeddable":true,"href":"https:\/\/www.lirapopular.cl\/lirapopularxix\/wp-json\/wp\/v2\/comments?post=23357"}],"version-history":[{"count":0,"href":"https:\/\/www.lirapopular.cl\/lirapopularxix\/wp-json\/wp\/v2\/pages\/23357\/revisions"}],"wp:attachment":[{"href":"https:\/\/www.lirapopular.cl\/lirapopularxix\/wp-json\/wp\/v2\/media?parent=23357"}],"curies":[{"name":"wp","href":"https:\/\/api.w.org\/{rel}","templated":true}]}}