{"id":23333,"date":"2021-09-26T14:12:32","date_gmt":"2021-09-26T18:12:32","guid":{"rendered":"https:\/\/www.lirapopular.cl\/lirapopularxix\/?page_id=23333"},"modified":"2021-09-26T14:12:32","modified_gmt":"2021-09-26T18:12:32","slug":"lira-popular-numero-19","status":"publish","type":"page","link":"https:\/\/www.lirapopular.cl\/lirapopularxix\/lira-popular-numero-19\/","title":{"rendered":"LIRA POPULAR NUMERO 19 <br>Espantoso suceso-Una ni\u00f1a es <br>envuelta por un culebron <br>DETALLES COMPLETOS"},"content":{"rendered":"\n<div class=\"wp-block-image\"><figure class=\"alignright size-medium\"><a href=\"https:\/\/www.lirapopular.cl\/lirapopularxix\/wp-content\/uploads\/2021\/09\/LO0012477.jpg\"><img decoding=\"async\" src=\"https:\/\/www.lirapopular.cl\/lirapopularxix\/wp-content\/uploads\/2021\/09\/LO0012477-213x300.jpg\" alt=\"\" class=\"wp-image-23336\"\/><\/a><figcaption>Archivo de Literatura Oral<br \/>Colecci\u00f3n Alamiro de \u00c1vila<\/figcaption><\/figure><\/div>\n\n\n\n<p>Autor: Juan Bautista Peralta. G\u00e1lvez 826.<br \/>Impresor: Sin informaci\u00f3n<br \/>Tama\u00f1o: 54&#215;38 cm<br \/>Clasificaci\u00f3n: BN C\u00f3digo: LO0012477<\/p>\n\n\n\n<ul class=\"wp-block-list\"><li><a href=\"https:\/\/www.lirapopular.cl\/lirapopularxix\/2021\/09\/26\/sobre-la-nina-endemoniadai-envuelta-por-un-culebron\/\">Sobre la ni\u00f1a endemoniada y envuelta por un culebr\u00f3n<\/a><\/li><li><a href=\"https:\/\/www.lirapopular.cl\/lirapopularxix\/2021\/09\/26\/los-comentarios-de-la-ende-moniada\/\">Los comentarios de la endemoniada<\/a><\/li><li><a href=\"https:\/\/www.lirapopular.cl\/lirapopularxix\/2021\/09\/26\/a-mi-verdadera-adorada\/\">A mi verdadera adorada<\/a><\/li><li><a href=\"https:\/\/www.lirapopular.cl\/lirapopularxix\/2021\/09\/26\/resoluciones-del-popular-un-consejo-a-sus-amigos\/\">Resoluciones del popular. Un consejo a sus amigos<\/a><\/li><li><a href=\"https:\/\/www.lirapopular.cl\/lirapopularxix\/2021\/09\/26\/una-madrastra-trata-de-dar-muerte\/\">Una madrastra trata de dar muerte a su entenado a fuerza de tormentos<\/a><\/li><li><a href=\"https:\/\/www.lirapopular.cl\/lirapopularxix\/2021\/09\/26\/cuenta-el-siglo-viejo-alnuevo\/\">Cuenta el siglo viejo al nuevo<\/a><\/li><\/ul>\n\n\n\n<p>Nota: Este ejemplar tiene escrito a mano con plum\u00f3n \u201c151\u201d. Por el reverso sobre una etiqueta &#8220;55&#8221;.<br \/>Fecha de publicaci\u00f3n: 1901.<br \/>Documento optimizado digitalmente.<\/p>\n","protected":false},"excerpt":{"rendered":"<p>Autor: Juan Bautista Peralta. G\u00e1lvez 826.Impresor: Sin informaci\u00f3nTama\u00f1o: 54&#215;38 cmClasificaci\u00f3n: BN C\u00f3digo: LO0012477 Sobre la ni\u00f1a endemoniada y envuelta por un culebr\u00f3n Los comentarios de la endemoniada A mi verdadera adorada Resoluciones del popular. Un consejo a sus amigos Una madrastra trata de dar muerte a su entenado a fuerza de tormentos Cuenta el siglo [&hellip;]<\/p>\n","protected":false},"author":1,"featured_media":0,"parent":0,"menu_order":0,"comment_status":"closed","ping_status":"closed","template":"","meta":{"footnotes":""},"class_list":["post-23333","page","type-page","status-publish","hentry"],"jetpack_sharing_enabled":true,"_links":{"self":[{"href":"https:\/\/www.lirapopular.cl\/lirapopularxix\/wp-json\/wp\/v2\/pages\/23333","targetHints":{"allow":["GET"]}}],"collection":[{"href":"https:\/\/www.lirapopular.cl\/lirapopularxix\/wp-json\/wp\/v2\/pages"}],"about":[{"href":"https:\/\/www.lirapopular.cl\/lirapopularxix\/wp-json\/wp\/v2\/types\/page"}],"author":[{"embeddable":true,"href":"https:\/\/www.lirapopular.cl\/lirapopularxix\/wp-json\/wp\/v2\/users\/1"}],"replies":[{"embeddable":true,"href":"https:\/\/www.lirapopular.cl\/lirapopularxix\/wp-json\/wp\/v2\/comments?post=23333"}],"version-history":[{"count":0,"href":"https:\/\/www.lirapopular.cl\/lirapopularxix\/wp-json\/wp\/v2\/pages\/23333\/revisions"}],"wp:attachment":[{"href":"https:\/\/www.lirapopular.cl\/lirapopularxix\/wp-json\/wp\/v2\/media?parent=23333"}],"curies":[{"name":"wp","href":"https:\/\/api.w.org\/{rel}","templated":true}]}}