{"id":23294,"date":"2021-09-26T10:13:57","date_gmt":"2021-09-26T14:13:57","guid":{"rendered":"https:\/\/www.lirapopular.cl\/lirapopularxix\/?page_id=23294"},"modified":"2021-09-26T10:13:57","modified_gmt":"2021-09-26T14:13:57","slug":"la-lira-popular-num-38","status":"publish","type":"page","link":"https:\/\/www.lirapopular.cl\/lirapopularxix\/la-lira-popular-num-38\/","title":{"rendered":"LA LIRA POPULAR N\u00fam. 38 <br>EN HONOR DEL BRASIL"},"content":{"rendered":"\n<div class=\"wp-block-image\"><figure class=\"alignright size-medium\"><a href=\"https:\/\/www.lirapopular.cl\/lirapopularxix\/wp-content\/uploads\/2021\/09\/LO0012496.jpg\"><img loading=\"lazy\" decoding=\"async\" width=\"232\" height=\"300\" src=\"https:\/\/www.lirapopular.cl\/lirapopularxix\/wp-content\/uploads\/2021\/09\/LO0012496-232x300.jpg\" alt=\"\" class=\"wp-image-23297\" srcset=\"https:\/\/www.lirapopular.cl\/lirapopularxix\/wp-content\/uploads\/2021\/09\/LO0012496-232x300.jpg 232w, https:\/\/www.lirapopular.cl\/lirapopularxix\/wp-content\/uploads\/2021\/09\/LO0012496-768x995.jpg 768w, https:\/\/www.lirapopular.cl\/lirapopularxix\/wp-content\/uploads\/2021\/09\/LO0012496.jpg 772w\" sizes=\"auto, (max-width: 232px) 100vw, 232px\" \/><\/a><figcaption>Archivo de Literatura Oral<br \/>Colecci\u00f3n Alamiro de \u00c1vila<\/figcaption><\/figure><\/div>\n\n\n\n<p>Autor: Juan Bautista Peralta. Es propiedad del autor.\u2014Se proh\u00edbe la reimpresi\u00f3n de estas poes\u00edas. A. Prat 840<br \/>Impresor: Imp. \u00abEl Debate\u00bb.\u2014Serrano 193.<br \/>Tama\u00f1o: 51&#215;39 cm<br \/>Clasificaci\u00f3n: BN C\u00f3digo: LO0012496<\/p>\n\n\n\n<ul class=\"wp-block-list\"><li><a href=\"https:\/\/www.lirapopular.cl\/lirapopularxix\/2021\/09\/26\/en-honor-del-brasilgrandes-fiestasen-honor-de-nuestros-aliados\/\">En honor del Brasil. Grandes fiestas en honor de nuestros aliados<\/a><\/li><li><a href=\"https:\/\/www.lirapopular.cl\/lirapopularxix\/2021\/09\/26\/espantoso-crimenuna-nina-destrozada\/\">Espantoso crimen. Una ni\u00f1a destrozada<\/a><\/li><li><a href=\"https:\/\/www.lirapopular.cl\/lirapopularxix\/2021\/09\/26\/las-valentiasdel-roto-chileno\/\">Las valent\u00edas del roto chileno<\/a><\/li><li><a href=\"https:\/\/www.lirapopular.cl\/lirapopularxix\/2021\/09\/26\/los-amores-de-un-huaso\/\">Los amores de un huaso<\/a><\/li><li><a href=\"https:\/\/www.lirapopular.cl\/lirapopularxix\/2021\/09\/26\/leyes-promulgadas\/\">Leyes promulgadas. El presidente de los amores, de acuerdo con sus ministros, expidi\u00f3 el siguiente proyecto de ley: Ley n\u00fam. 1<\/a><\/li><\/ul>\n\n\n\n<p>Nota: Este ejemplar tiene escrito a mano con plum\u00f3n \u201c170\u201d.<br \/>Documento optimizado digitalmente.<\/p>\n","protected":false},"excerpt":{"rendered":"<p>Autor: Juan Bautista Peralta. Es propiedad del autor.\u2014Se proh\u00edbe la reimpresi\u00f3n de estas poes\u00edas. A. Prat 840Impresor: Imp. \u00abEl Debate\u00bb.\u2014Serrano 193.Tama\u00f1o: 51&#215;39 cmClasificaci\u00f3n: BN C\u00f3digo: LO0012496 En honor del Brasil. Grandes fiestas en honor de nuestros aliados Espantoso crimen. Una ni\u00f1a destrozada Las valent\u00edas del roto chileno Los amores de un huaso Leyes promulgadas. El [&hellip;]<\/p>\n","protected":false},"author":1,"featured_media":0,"parent":0,"menu_order":0,"comment_status":"closed","ping_status":"closed","template":"","meta":{"footnotes":""},"class_list":["post-23294","page","type-page","status-publish","hentry"],"jetpack_sharing_enabled":true,"_links":{"self":[{"href":"https:\/\/www.lirapopular.cl\/lirapopularxix\/wp-json\/wp\/v2\/pages\/23294","targetHints":{"allow":["GET"]}}],"collection":[{"href":"https:\/\/www.lirapopular.cl\/lirapopularxix\/wp-json\/wp\/v2\/pages"}],"about":[{"href":"https:\/\/www.lirapopular.cl\/lirapopularxix\/wp-json\/wp\/v2\/types\/page"}],"author":[{"embeddable":true,"href":"https:\/\/www.lirapopular.cl\/lirapopularxix\/wp-json\/wp\/v2\/users\/1"}],"replies":[{"embeddable":true,"href":"https:\/\/www.lirapopular.cl\/lirapopularxix\/wp-json\/wp\/v2\/comments?post=23294"}],"version-history":[{"count":0,"href":"https:\/\/www.lirapopular.cl\/lirapopularxix\/wp-json\/wp\/v2\/pages\/23294\/revisions"}],"wp:attachment":[{"href":"https:\/\/www.lirapopular.cl\/lirapopularxix\/wp-json\/wp\/v2\/media?parent=23294"}],"curies":[{"name":"wp","href":"https:\/\/api.w.org\/{rel}","templated":true}]}}