{"id":23272,"date":"2021-09-25T19:51:07","date_gmt":"2021-09-25T23:51:07","guid":{"rendered":"https:\/\/www.lirapopular.cl\/lirapopularxix\/?page_id=23272"},"modified":"2021-09-25T19:51:07","modified_gmt":"2021-09-25T23:51:07","slug":"la-lira-popular-num-36","status":"publish","type":"page","link":"https:\/\/www.lirapopular.cl\/lirapopularxix\/la-lira-popular-num-36\/","title":{"rendered":"LA LIRA POPULAR N\u00fam. 36 <br>En honor de la Pascua"},"content":{"rendered":"\n<div class=\"wp-block-image\"><figure class=\"alignright size-medium\"><a href=\"https:\/\/www.lirapopular.cl\/lirapopularxix\/wp-content\/uploads\/2021\/09\/LO0012494.jpg\"><img loading=\"lazy\" decoding=\"async\" width=\"212\" height=\"300\" src=\"https:\/\/www.lirapopular.cl\/lirapopularxix\/wp-content\/uploads\/2021\/09\/LO0012494-212x300.jpg\" alt=\"\" class=\"wp-image-23275\" srcset=\"https:\/\/www.lirapopular.cl\/lirapopularxix\/wp-content\/uploads\/2021\/09\/LO0012494-212x300.jpg 212w, https:\/\/www.lirapopular.cl\/lirapopularxix\/wp-content\/uploads\/2021\/09\/LO0012494.jpg 706w\" sizes=\"auto, (max-width: 212px) 100vw, 212px\" \/><\/a><figcaption>Archivo de Literatura Oral<br \/>Colecci\u00f3n Alamiro de \u00c1vila<\/figcaption><\/figure><\/div>\n\n\n\n<p>Autor: Juan Bautista Peralta. G\u00e1lvez 826.<br \/>Impresor: Imp. Santa Rosa 262 ant.<br \/>Tama\u00f1o: 55&#215;39 cm<br \/>Clasificaci\u00f3n: BN C\u00f3digo: LO0012494<\/p>\n\n\n\n<ul class=\"wp-block-list\"><li><a href=\"https:\/\/www.lirapopular.cl\/lirapopularxix\/2021\/09\/26\/los-preparativosde-la-pascua\/\">Los preparativos de la Pascua<\/a><\/li><li><a href=\"https:\/\/www.lirapopular.cl\/lirapopularxix\/2021\/09\/26\/patrioteria-arjentinase-pide-la-guerraa-gritos\/\">Patrioter\u00eda Argentina. Se pide la guerra a gritos<\/a><\/li><li><a href=\"https:\/\/www.lirapopular.cl\/lirapopularxix\/2021\/09\/26\/sobre-el-crimendel-senor-arias-sanchez\/\">Sobre el crimen del se\u00f1or Arias S\u00e1nchez<\/a><\/li><li><a href=\"https:\/\/www.lirapopular.cl\/lirapopularxix\/2021\/09\/26\/la-invasionde-los-arjentinossimulacro-de-toma-depunta-arenas\/\">La invasi\u00f3n de los argentinos. Simulacro de toma de Punta Arenas<\/a><\/li><li><a href=\"https:\/\/www.lirapopular.cl\/lirapopularxix\/2021\/09\/26\/los-andarinessuplementeros\/\">Los andarines suplementarios<\/a><\/li><li><a href=\"https:\/\/www.lirapopular.cl\/lirapopularxix\/2021\/09\/26\/cuecas-nuevaspara-la-pascua\/\">Cuecas nuevas para la Pascua<\/a><\/li><\/ul>\n\n\n\n<p>Nota: Este ejemplar tiene escrito a mano con plum\u00f3n \u201c168\u201d.<br \/>Documento optimizado digitalmente.<\/p>\n","protected":false},"excerpt":{"rendered":"<p>Autor: Juan Bautista Peralta. G\u00e1lvez 826.Impresor: Imp. Santa Rosa 262 ant.Tama\u00f1o: 55&#215;39 cmClasificaci\u00f3n: BN C\u00f3digo: LO0012494 Los preparativos de la Pascua Patrioter\u00eda Argentina. Se pide la guerra a gritos Sobre el crimen del se\u00f1or Arias S\u00e1nchez La invasi\u00f3n de los argentinos. Simulacro de toma de Punta Arenas Los andarines suplementarios Cuecas nuevas para la Pascua [&hellip;]<\/p>\n","protected":false},"author":1,"featured_media":0,"parent":0,"menu_order":0,"comment_status":"closed","ping_status":"closed","template":"","meta":{"footnotes":""},"class_list":["post-23272","page","type-page","status-publish","hentry"],"jetpack_sharing_enabled":true,"_links":{"self":[{"href":"https:\/\/www.lirapopular.cl\/lirapopularxix\/wp-json\/wp\/v2\/pages\/23272","targetHints":{"allow":["GET"]}}],"collection":[{"href":"https:\/\/www.lirapopular.cl\/lirapopularxix\/wp-json\/wp\/v2\/pages"}],"about":[{"href":"https:\/\/www.lirapopular.cl\/lirapopularxix\/wp-json\/wp\/v2\/types\/page"}],"author":[{"embeddable":true,"href":"https:\/\/www.lirapopular.cl\/lirapopularxix\/wp-json\/wp\/v2\/users\/1"}],"replies":[{"embeddable":true,"href":"https:\/\/www.lirapopular.cl\/lirapopularxix\/wp-json\/wp\/v2\/comments?post=23272"}],"version-history":[{"count":0,"href":"https:\/\/www.lirapopular.cl\/lirapopularxix\/wp-json\/wp\/v2\/pages\/23272\/revisions"}],"wp:attachment":[{"href":"https:\/\/www.lirapopular.cl\/lirapopularxix\/wp-json\/wp\/v2\/media?parent=23272"}],"curies":[{"name":"wp","href":"https:\/\/api.w.org\/{rel}","templated":true}]}}