{"id":23251,"date":"2021-09-25T12:42:32","date_gmt":"2021-09-25T16:42:32","guid":{"rendered":"https:\/\/www.lirapopular.cl\/lirapopularxix\/?page_id=23251"},"modified":"2021-09-25T12:42:32","modified_gmt":"2021-09-25T16:42:32","slug":"el-violin-del-diablo-num1","status":"publish","type":"page","link":"https:\/\/www.lirapopular.cl\/lirapopularxix\/el-violin-del-diablo-num1\/","title":{"rendered":"EL VIOLIN DEL DIABLO NUM 1 <br>Edicion de Santiago"},"content":{"rendered":"\n<div class=\"wp-block-image\"><figure class=\"alignright size-medium\"><a href=\"https:\/\/www.lirapopular.cl\/lirapopularxix\/wp-content\/uploads\/2021\/09\/LO0012656.jpg\"><img loading=\"lazy\" decoding=\"async\" width=\"211\" height=\"300\" src=\"https:\/\/www.lirapopular.cl\/lirapopularxix\/wp-content\/uploads\/2021\/09\/LO0012656-211x300.jpg\" alt=\"\" class=\"wp-image-23254\" srcset=\"https:\/\/www.lirapopular.cl\/lirapopularxix\/wp-content\/uploads\/2021\/09\/LO0012656-211x300.jpg 211w, https:\/\/www.lirapopular.cl\/lirapopularxix\/wp-content\/uploads\/2021\/09\/LO0012656.jpg 702w\" sizes=\"auto, (max-width: 211px) 100vw, 211px\" \/><\/a><figcaption>Archivo de Literatura Oral<br \/>Colecci\u00f3n Alamiro de \u00c1vila<\/figcaption><\/figure><\/div>\n\n\n\n<p>Autor: Jos\u00e9 Arnero<br \/>Impresor: Imp. San Antonio 843<br \/>Tama\u00f1o: 55&#215;39 cm<br \/>Clasificaci\u00f3n: BN C\u00f3digo: LO0012656<\/p>\n\n\n\n<ul class=\"wp-block-list\"><li><a href=\"https:\/\/www.lirapopular.cl\/lirapopularxix\/2021\/09\/25\/declaraciones-fantasticas-del-autor-mi-programa\/\">Declaraciones fant\u00e1sticas del autor. Mi programa<\/a><\/li><li><a href=\"https:\/\/www.lirapopular.cl\/lirapopularxix\/2021\/09\/25\/horrible-drama-de-sangre-asesinato-y-suicidio\/\">Horrible drama de sangre. Asesinato y suicidio. Gran alarma en el barrio Independencia. Importantes detalles<\/a><\/li><li><a href=\"https:\/\/www.lirapopular.cl\/lirapopularxix\/2021\/09\/25\/la-casa-bruja-de-la-calle-san-diego\/\">La casa bruja de la calle San Diego. Los duendes y el diablo haciendo de las suyas. Libertad de las v\u00edrgenes de Escobar<\/a><\/li><li><a href=\"https:\/\/www.lirapopular.cl\/lirapopularxix\/2021\/09\/25\/un-caso-curioso-nina\/\">Un caso curioso, ni\u00f1a que se viste de hombre por ganar mejor la vida<\/a><\/li><li><a href=\"https:\/\/www.lirapopular.cl\/lirapopularxix\/2021\/09\/25\/importantes-noticias\/\">Importantes noticias. Muerte de una ni\u00f1ita violada. Una mujer valiente mata a un tigre<\/a><\/li><li><a href=\"https:\/\/www.lirapopular.cl\/lirapopularxix\/2021\/09\/25\/el-gusto-mayor-de-la-vidaproblema-definido\/\">El gusto mayor de la vida. Problema definido<\/a><\/li><\/ul>\n\n\n\n<p>Nota: Este ejemplar tiene escrito a mano con plum\u00f3n \u201c330&#8243; y con l\u00e1piz azul&#8221;26&#8243;.<br \/>Documento optimizado digitalmente.<\/p>\n","protected":false},"excerpt":{"rendered":"<p>Autor: Jos\u00e9 ArneroImpresor: Imp. San Antonio 843Tama\u00f1o: 55&#215;39 cmClasificaci\u00f3n: BN C\u00f3digo: LO0012656 Declaraciones fant\u00e1sticas del autor. Mi programa Horrible drama de sangre. Asesinato y suicidio. Gran alarma en el barrio Independencia. Importantes detalles La casa bruja de la calle San Diego. Los duendes y el diablo haciendo de las suyas. Libertad de las v\u00edrgenes de [&hellip;]<\/p>\n","protected":false},"author":1,"featured_media":0,"parent":0,"menu_order":0,"comment_status":"closed","ping_status":"closed","template":"","meta":{"footnotes":""},"class_list":["post-23251","page","type-page","status-publish","hentry"],"jetpack_sharing_enabled":true,"_links":{"self":[{"href":"https:\/\/www.lirapopular.cl\/lirapopularxix\/wp-json\/wp\/v2\/pages\/23251","targetHints":{"allow":["GET"]}}],"collection":[{"href":"https:\/\/www.lirapopular.cl\/lirapopularxix\/wp-json\/wp\/v2\/pages"}],"about":[{"href":"https:\/\/www.lirapopular.cl\/lirapopularxix\/wp-json\/wp\/v2\/types\/page"}],"author":[{"embeddable":true,"href":"https:\/\/www.lirapopular.cl\/lirapopularxix\/wp-json\/wp\/v2\/users\/1"}],"replies":[{"embeddable":true,"href":"https:\/\/www.lirapopular.cl\/lirapopularxix\/wp-json\/wp\/v2\/comments?post=23251"}],"version-history":[{"count":0,"href":"https:\/\/www.lirapopular.cl\/lirapopularxix\/wp-json\/wp\/v2\/pages\/23251\/revisions"}],"wp:attachment":[{"href":"https:\/\/www.lirapopular.cl\/lirapopularxix\/wp-json\/wp\/v2\/media?parent=23251"}],"curies":[{"name":"wp","href":"https:\/\/api.w.org\/{rel}","templated":true}]}}