{"id":23220,"date":"2021-09-25T08:47:49","date_gmt":"2021-09-25T12:47:49","guid":{"rendered":"https:\/\/www.lirapopular.cl\/lirapopularxix\/?page_id=23220"},"modified":"2021-09-25T08:47:49","modified_gmt":"2021-09-25T12:47:49","slug":"el-padre-que-asesino-a-la-hija","status":"publish","type":"page","link":"https:\/\/www.lirapopular.cl\/lirapopularxix\/el-padre-que-asesino-a-la-hija\/","title":{"rendered":"El padre que asesin\u00f3 a la hija en Angol <br>El entierro que est\u00e1n sacando en el Cerro de S. Luc\u00eda"},"content":{"rendered":"\n<div class=\"wp-block-image\"><figure class=\"alignright size-medium\"><a href=\"https:\/\/www.lirapopular.cl\/lirapopularxix\/wp-content\/uploads\/2021\/09\/LO0012565.jpg\"><img loading=\"lazy\" decoding=\"async\" width=\"214\" height=\"300\" src=\"https:\/\/www.lirapopular.cl\/lirapopularxix\/wp-content\/uploads\/2021\/09\/LO0012565-214x300.jpg\" alt=\"\" class=\"wp-image-23223\" srcset=\"https:\/\/www.lirapopular.cl\/lirapopularxix\/wp-content\/uploads\/2021\/09\/LO0012565-214x300.jpg 214w, https:\/\/www.lirapopular.cl\/lirapopularxix\/wp-content\/uploads\/2021\/09\/LO0012565.jpg 714w\" sizes=\"auto, (max-width: 214px) 100vw, 214px\" \/><\/a><figcaption>Archivo de Literatura Oral<br \/>Colecci\u00f3n Alamiro de \u00c1vila<\/figcaption><\/figure><\/div>\n\n\n\n<p>Autor: Desiderio Parra. Poeta del Sur.<br \/>Impresor: Imp. Moneda, 843<br \/>Tama\u00f1o: 77&#215;55 cm<br \/>Clasificaci\u00f3n: BN C\u00f3digo: LO0012565<\/p>\n\n\n\n<ul class=\"wp-block-list\"><li><a href=\"https:\/\/www.lirapopular.cl\/lirapopularxix\/2021\/09\/25\/un-padre-que-asesinouna-hijita-de-el\/\">Un padre que asesin\u00f3 una hijita de \u00e9l<\/a><\/li><li><a href=\"https:\/\/www.lirapopular.cl\/lirapopularxix\/2021\/09\/25\/verso-del-entierrodel-santa-lucia\/\">Verso del entierro del Santa Luc\u00eda<\/a><\/li><li><a href=\"https:\/\/www.lirapopular.cl\/lirapopularxix\/2021\/09\/25\/salvaje-crimenen-puchacai\/\">Salvaje crimen en Puchacai<\/a><\/li><li><a href=\"https:\/\/www.lirapopular.cl\/lirapopularxix\/2021\/09\/25\/un-joven-que-mato-unahermana\/\">Un joven que mat\u00f3 una hermana<\/a><\/li><li><a href=\"https:\/\/www.lirapopular.cl\/lirapopularxix\/2021\/09\/25\/verso-de-los-nombresde-las-flores\/\">Verso de los nombres de las flores<\/a><\/li><li><a href=\"https:\/\/www.lirapopular.cl\/lirapopularxix\/2021\/09\/25\/el-sueno-de-amor\/\">El sue\u00f1o de amor<\/a><\/li><li><a href=\"https:\/\/www.lirapopular.cl\/lirapopularxix\/2021\/09\/25\/para-el-poeta-meneseseste-fundamento\/\">Para el poeta Meneses este fundamento<\/a><\/li><li><a href=\"https:\/\/www.lirapopular.cl\/lirapopularxix\/2021\/09\/25\/nueva-cancionde-las-violeta\/\">Nueva canci\u00f3n de las violeta<\/a><\/li><li><a href=\"https:\/\/www.lirapopular.cl\/lirapopularxix\/2021\/09\/25\/cancionde-los-pajaritos\/\">Canci\u00f3n de los pajaritos<\/a><\/li><li><a href=\"https:\/\/www.lirapopular.cl\/lirapopularxix\/2021\/09\/25\/la-cueca\/\">La cueca<\/a><\/li><li><a href=\"https:\/\/www.lirapopular.cl\/lirapopularxix\/2021\/09\/25\/el-juicio-final-5\/\">El juicio final<\/a><\/li><\/ul>\n\n\n\n<p>Nota: Este ejemplar tiene escrito a mano con plum\u00f3n \u201c239\u201d. <br \/>Documento optimizado digitalmente.<\/p>\n","protected":false},"excerpt":{"rendered":"<p>Autor: Desiderio Parra. Poeta del Sur.Impresor: Imp. Moneda, 843Tama\u00f1o: 77&#215;55 cmClasificaci\u00f3n: BN C\u00f3digo: LO0012565 Un padre que asesin\u00f3 una hijita de \u00e9l Verso del entierro del Santa Luc\u00eda Salvaje crimen en Puchacai Un joven que mat\u00f3 una hermana Verso de los nombres de las flores El sue\u00f1o de amor Para el poeta Meneses este fundamento [&hellip;]<\/p>\n","protected":false},"author":1,"featured_media":0,"parent":0,"menu_order":0,"comment_status":"closed","ping_status":"closed","template":"","meta":{"footnotes":""},"class_list":["post-23220","page","type-page","status-publish","hentry"],"jetpack_sharing_enabled":true,"_links":{"self":[{"href":"https:\/\/www.lirapopular.cl\/lirapopularxix\/wp-json\/wp\/v2\/pages\/23220","targetHints":{"allow":["GET"]}}],"collection":[{"href":"https:\/\/www.lirapopular.cl\/lirapopularxix\/wp-json\/wp\/v2\/pages"}],"about":[{"href":"https:\/\/www.lirapopular.cl\/lirapopularxix\/wp-json\/wp\/v2\/types\/page"}],"author":[{"embeddable":true,"href":"https:\/\/www.lirapopular.cl\/lirapopularxix\/wp-json\/wp\/v2\/users\/1"}],"replies":[{"embeddable":true,"href":"https:\/\/www.lirapopular.cl\/lirapopularxix\/wp-json\/wp\/v2\/comments?post=23220"}],"version-history":[{"count":0,"href":"https:\/\/www.lirapopular.cl\/lirapopularxix\/wp-json\/wp\/v2\/pages\/23220\/revisions"}],"wp:attachment":[{"href":"https:\/\/www.lirapopular.cl\/lirapopularxix\/wp-json\/wp\/v2\/media?parent=23220"}],"curies":[{"name":"wp","href":"https:\/\/api.w.org\/{rel}","templated":true}]}}