{"id":23149,"date":"2021-09-24T12:37:21","date_gmt":"2021-09-24T16:37:21","guid":{"rendered":"https:\/\/www.lirapopular.cl\/lirapopularxix\/?page_id=23149"},"modified":"2021-09-24T12:37:21","modified_gmt":"2021-09-24T16:37:21","slug":"la-lira-popular-num-55","status":"publish","type":"page","link":"https:\/\/www.lirapopular.cl\/lirapopularxix\/la-lira-popular-num-55\/","title":{"rendered":"LA LIRA POPULAR N\u00fam. 55 <br>El doble crimen de la calle de Blanco <br>La muerte del guardian Meza"},"content":{"rendered":"<div class=\"wp-block-image\">\n<figure class=\"alignright size-medium\"><a href=\"https:\/\/www.lirapopular.cl\/lirapopularxix\/wp-content\/uploads\/2021\/09\/LO0012508.jpg\"><img loading=\"lazy\" decoding=\"async\" width=\"212\" height=\"300\" src=\"https:\/\/www.lirapopular.cl\/lirapopularxix\/wp-content\/uploads\/2021\/09\/LO0012508-212x300.jpg\" alt=\"\" class=\"wp-image-23150\" srcset=\"https:\/\/www.lirapopular.cl\/lirapopularxix\/wp-content\/uploads\/2021\/09\/LO0012508-212x300.jpg 212w, https:\/\/www.lirapopular.cl\/lirapopularxix\/wp-content\/uploads\/2021\/09\/LO0012508.jpg 706w\" sizes=\"auto, (max-width: 212px) 100vw, 212px\" \/><\/a><figcaption>Archivo de Literatura Oral<br \/>Colecci\u00f3n Alamiro de \u00c1vila<\/figcaption><\/figure>\n<\/div>\n\n\n<p>Autor: Juan Bautista Peralta. Es propiedad del autor. Se proh\u00edbe la reimpresi\u00f3n de estas poes\u00edas. G\u00e1lvez 826.<br \/>Impresor: Imp. \u00abEl Debate\u00bb\u2014S. Diego 291<br \/>Tama\u00f1o: 55&#215;38 cm<br \/>Clasificaci\u00f3n: BN C\u00f3digo: LO0012508<\/p>\n\n\n\n<ul class=\"wp-block-list\"><li><a href=\"https:\/\/www.lirapopular.cl\/lirapopularxix\/2021\/09\/24\/el-doble-crimen-de-lacalle-de-blanco\/\">El doble crimen de la calle de Blanco<\/a><\/li><li><a href=\"https:\/\/www.lirapopular.cl\/lirapopularxix\/2021\/09\/24\/la-muerte-del-guardianmezacarta-del-reo-palominos\/\">La muerte del guardian Meza. Carta del reo Palominos<\/a><\/li><li><a href=\"https:\/\/www.lirapopular.cl\/lirapopularxix\/2021\/09\/24\/horendos-crimenes\/\">Horrendos cr\u00edmenes. Un patr\u00f3n da muerte a garrotazos a su empleado y sobre el esc\u00e1ndalo de la poblaci\u00f3n Vergara<\/a><\/li><li><a href=\"https:\/\/www.lirapopular.cl\/lirapopularxix\/2021\/09\/24\/lo-que-dice-un-jovenal-ser-burlado-de-su-querida\/\">Lo que dice un joven al ser burlado de su querida<\/a><\/li><li><a href=\"https:\/\/www.lirapopular.cl\/lirapopularxix\/2021\/09\/24\/un-sueno-de-ilusionesa-la-duena-de-mi-amor\/\">Un sue\u00f1o de ilusiones a la due\u00f1a de mi amor<\/a><\/li><li><a href=\"https:\/\/www.lirapopular.cl\/lirapopularxix\/2021\/09\/24\/lo-que-decia-un-guardianen-dia-de-pago\/\">Lo que dec\u00eda un guardi\u00e1n en d\u00eda de pago.<\/a><\/li><\/ul>\n\n\n\n<p>Nota: Este ejemplar tiene escrito a mano con plum\u00f3n \u201c182\u201d. Por el reverso con bol\u00edgrafo &#8220;121&#8221;.<br \/>Documento optimizado digitalmente.<\/p>\n","protected":false},"excerpt":{"rendered":"<p>Autor: Juan Bautista Peralta. Es propiedad del autor. Se proh\u00edbe la reimpresi\u00f3n de estas poes\u00edas. G\u00e1lvez 826.Impresor: Imp. \u00abEl Debate\u00bb\u2014S. Diego 291Tama\u00f1o: 55&#215;38 cmClasificaci\u00f3n: BN C\u00f3digo: LO0012508 El doble crimen de la calle de Blanco La muerte del guardian Meza. Carta del reo Palominos Horrendos cr\u00edmenes. Un patr\u00f3n da muerte a garrotazos a su empleado [&hellip;]<\/p>\n","protected":false},"author":1,"featured_media":0,"parent":0,"menu_order":0,"comment_status":"closed","ping_status":"closed","template":"","meta":{"footnotes":""},"class_list":["post-23149","page","type-page","status-publish","hentry"],"jetpack_sharing_enabled":true,"_links":{"self":[{"href":"https:\/\/www.lirapopular.cl\/lirapopularxix\/wp-json\/wp\/v2\/pages\/23149","targetHints":{"allow":["GET"]}}],"collection":[{"href":"https:\/\/www.lirapopular.cl\/lirapopularxix\/wp-json\/wp\/v2\/pages"}],"about":[{"href":"https:\/\/www.lirapopular.cl\/lirapopularxix\/wp-json\/wp\/v2\/types\/page"}],"author":[{"embeddable":true,"href":"https:\/\/www.lirapopular.cl\/lirapopularxix\/wp-json\/wp\/v2\/users\/1"}],"replies":[{"embeddable":true,"href":"https:\/\/www.lirapopular.cl\/lirapopularxix\/wp-json\/wp\/v2\/comments?post=23149"}],"version-history":[{"count":0,"href":"https:\/\/www.lirapopular.cl\/lirapopularxix\/wp-json\/wp\/v2\/pages\/23149\/revisions"}],"wp:attachment":[{"href":"https:\/\/www.lirapopular.cl\/lirapopularxix\/wp-json\/wp\/v2\/media?parent=23149"}],"curies":[{"name":"wp","href":"https:\/\/api.w.org\/{rel}","templated":true}]}}