{"id":23124,"date":"2021-09-23T10:00:25","date_gmt":"2021-09-23T14:00:25","guid":{"rendered":"https:\/\/www.lirapopular.cl\/lirapopularxix\/?page_id=23124"},"modified":"2021-09-23T10:00:25","modified_gmt":"2021-09-23T14:00:25","slug":"el-crimen-misterioso-de-la-calle-valparaiso","status":"publish","type":"page","link":"https:\/\/www.lirapopular.cl\/lirapopularxix\/el-crimen-misterioso-de-la-calle-valparaiso\/","title":{"rendered":"EL CRIMEN MISTERIOSO DE LA CALLE VALPARAISO <br>Contrapunto i cuecas de LOS CANDIDATOS"},"content":{"rendered":"\n<div class=\"wp-block-image\"><figure class=\"alignright size-medium\"><a href=\"https:\/\/www.lirapopular.cl\/lirapopularxix\/wp-content\/uploads\/2021\/09\/LO0012664.jpg\"><img loading=\"lazy\" decoding=\"async\" width=\"203\" height=\"300\" src=\"https:\/\/www.lirapopular.cl\/lirapopularxix\/wp-content\/uploads\/2021\/09\/LO0012664-203x300.jpg\" alt=\"\" class=\"wp-image-23129\" srcset=\"https:\/\/www.lirapopular.cl\/lirapopularxix\/wp-content\/uploads\/2021\/09\/LO0012664-203x300.jpg 203w, https:\/\/www.lirapopular.cl\/lirapopularxix\/wp-content\/uploads\/2021\/09\/LO0012664.jpg 678w\" sizes=\"auto, (max-width: 203px) 100vw, 203px\" \/><\/a><figcaption>Archivo de Literatura Oral<br \/>Colecci\u00f3n Alamiro de \u00c1vila<\/figcaption><\/figure><\/div>\n\n\n\n<p>Autor: El nuevo poeta Pacheco y Pepe Mon, An\u00f3nimo.<br \/>Impresor: Imprenta J. Gregorio Olivares. Maturana 884.\u2014Santiago.<br \/>Tama\u00f1o: 53&#215;36 cm<br \/>Clasificaci\u00f3n: BN C\u00f3digo: LO0012664<\/p>\n\n\n\n<ul class=\"wp-block-list\"><li><a href=\"https:\/\/www.lirapopular.cl\/lirapopularxix\/2021\/09\/24\/contrapunto-de-los-dos-candidatos\/\">Contrapunto de los dos candidatos (continuaci\u00f3n)<\/a><\/li><li><a href=\"https:\/\/www.lirapopular.cl\/lirapopularxix\/2021\/09\/24\/cuecas-montinas\/\">Cuecas montinas<\/a><\/li><li><a href=\"https:\/\/www.lirapopular.cl\/lirapopularxix\/2021\/09\/24\/a-lo-divino-15\/\">A lo divino<\/a><\/li><li><a href=\"https:\/\/www.lirapopular.cl\/lirapopularxix\/2021\/09\/24\/el-marido-que-mato-a-la-mu-jer-i-a-la-suegra-por-celos-2\/\">El marido que mat\u00f3 a la mujer y a la suegra por celos<\/a><\/li><li><a href=\"https:\/\/www.lirapopular.cl\/lirapopularxix\/2021\/09\/24\/la-mujer-casada-con-sietemaridos-2\/\">La mujer casada con siete maridos<\/a><\/li><li><a href=\"https:\/\/www.lirapopular.cl\/lirapopularxix\/2021\/09\/24\/el-esqueleto-misterioso-encalle-de-valparaiso\/\">El esqueleto misterioso en la calle de Valparaiso<\/a><\/li><\/ul>\n\n\n\n<p>Nota: Esta lira tambi\u00e9n fue publicada como &#8220;Crimen misteriosos de  calle Valpara\u00edso&#8221;, <a href=\"https:\/\/www.lirapopular.cl\/lirapopularxix\/crimen-misterioso-de-calle-de-valparaiso\/\">ver<\/a>, con cambio de autor.<br \/>Dos versos tienen firma, al resto los catalogo &#8220;an\u00f3nimos&#8221;.<br \/>Este ejemplar tiene escrito a mano con plum\u00f3n \u201c338\u201d y con l\u00e1piz azul &#8220;9&#8221;.<br \/>Documento optimizado digitalmente.<\/p>\n","protected":false},"excerpt":{"rendered":"<p>Autor: El nuevo poeta Pacheco y Pepe Mon, An\u00f3nimo.Impresor: Imprenta J. Gregorio Olivares. Maturana 884.\u2014Santiago.Tama\u00f1o: 53&#215;36 cmClasificaci\u00f3n: BN C\u00f3digo: LO0012664 Contrapunto de los dos candidatos (continuaci\u00f3n) Cuecas montinas A lo divino El marido que mat\u00f3 a la mujer y a la suegra por celos La mujer casada con siete maridos El esqueleto misterioso en la [&hellip;]<\/p>\n","protected":false},"author":1,"featured_media":0,"parent":0,"menu_order":0,"comment_status":"closed","ping_status":"closed","template":"","meta":{"footnotes":""},"class_list":["post-23124","page","type-page","status-publish","hentry"],"jetpack_sharing_enabled":true,"_links":{"self":[{"href":"https:\/\/www.lirapopular.cl\/lirapopularxix\/wp-json\/wp\/v2\/pages\/23124","targetHints":{"allow":["GET"]}}],"collection":[{"href":"https:\/\/www.lirapopular.cl\/lirapopularxix\/wp-json\/wp\/v2\/pages"}],"about":[{"href":"https:\/\/www.lirapopular.cl\/lirapopularxix\/wp-json\/wp\/v2\/types\/page"}],"author":[{"embeddable":true,"href":"https:\/\/www.lirapopular.cl\/lirapopularxix\/wp-json\/wp\/v2\/users\/1"}],"replies":[{"embeddable":true,"href":"https:\/\/www.lirapopular.cl\/lirapopularxix\/wp-json\/wp\/v2\/comments?post=23124"}],"version-history":[{"count":0,"href":"https:\/\/www.lirapopular.cl\/lirapopularxix\/wp-json\/wp\/v2\/pages\/23124\/revisions"}],"wp:attachment":[{"href":"https:\/\/www.lirapopular.cl\/lirapopularxix\/wp-json\/wp\/v2\/media?parent=23124"}],"curies":[{"name":"wp","href":"https:\/\/api.w.org\/{rel}","templated":true}]}}