{"id":23103,"date":"2021-09-22T19:08:58","date_gmt":"2021-09-22T23:08:58","guid":{"rendered":"https:\/\/www.lirapopular.cl\/lirapopularxix\/?page_id=23103"},"modified":"2021-09-22T19:08:58","modified_gmt":"2021-09-22T23:08:58","slug":"la-lira-popular-num-82","status":"publish","type":"page","link":"https:\/\/www.lirapopular.cl\/lirapopularxix\/la-lira-popular-num-82\/","title":{"rendered":"LA LIRA POPULAR N\u00fam. 82 <br>El crimen de Macul"},"content":{"rendered":"\n<div class=\"wp-block-image\"><figure class=\"alignright size-medium\"><a href=\"https:\/\/www.lirapopular.cl\/lirapopularxix\/wp-content\/uploads\/2021\/09\/LO0012532.jpg\"><img loading=\"lazy\" decoding=\"async\" width=\"213\" height=\"300\" src=\"https:\/\/www.lirapopular.cl\/lirapopularxix\/wp-content\/uploads\/2021\/09\/LO0012532-213x300.jpg\" alt=\"\" class=\"wp-image-23107\" srcset=\"https:\/\/www.lirapopular.cl\/lirapopularxix\/wp-content\/uploads\/2021\/09\/LO0012532-213x300.jpg 213w, https:\/\/www.lirapopular.cl\/lirapopularxix\/wp-content\/uploads\/2021\/09\/LO0012532.jpg 710w\" sizes=\"auto, (max-width: 213px) 100vw, 213px\" \/><\/a><figcaption>Archivo de Literatura Oral<br \/>Colecci\u00f3n Alamiro de \u00c1vila<\/figcaption><\/figure><\/div>\n\n\n\n<p>Autor: Juan Bautista Peralta. Es propiedad del autor.\u2014Se prohibe la reimpresi\u00f3n de estas poes\u00edas. Galvez 521<br \/>Impresor: Imp. \u00abEl Debate\u00bb\u2014S.Diego 291<br \/>Tama\u00f1o: 55&#215;39 cm<br \/>Clasificaci\u00f3n: BN C\u00f3digo: LO0012532<\/p>\n\n\n\n<ul class=\"wp-block-list\"><li><a href=\"https:\/\/www.lirapopular.cl\/lirapopularxix\/2021\/09\/23\/tonadas-para-cantarla-novena-del-nino-dios\/\">Tonadas para cantar la novena del ni\u00f1o Dios<\/a><\/li><li><a href=\"https:\/\/www.lirapopular.cl\/lirapopularxix\/2021\/09\/23\/consumacion-del-drama-de-la-avenida\/\">Consumaci\u00f3n del drama de la Avenida de la Independencia : muerte de Auristela y Ayala. Los frutos de las pasiones<\/a><\/li><li><a href=\"https:\/\/www.lirapopular.cl\/lirapopularxix\/2021\/09\/23\/el-8-de-diciembre-de-1863catastrofe-del-convento-de-lacompaniarecuerdos-historicos\/\">El 8 de diciembre de 1863. Cat\u00e1strofe del Convento de la Compa\u00f1\u00eda. Recuerdos hist\u00f3ricos<\/a><\/li><li><a href=\"https:\/\/www.lirapopular.cl\/lirapopularxix\/2021\/09\/23\/un-alevoso-salteo\/\">Un alevoso salteo. Una valiente mujer que da muerte a hachazos a un bandido<\/a><\/li><li><a href=\"https:\/\/www.lirapopular.cl\/lirapopularxix\/2021\/09\/23\/escandaloso-salteo\/\">Escandaloso salteo en Macul. Gran combate entre nueve bandidos y dos inquilinos. Muertos y heridos. Completos detalles<\/a><\/li><\/ul>\n\n\n\n<p>Nota: Este ejemplar tiene escrito a mano con plum\u00f3n \u201c206\u201d. Por el reverso con bol\u00edgrafo &#8220;173&#8221;.<br \/>Puede datarse en 1903 por verso &#8220;El 8 de diciembre de 1863&#8221;.<br \/>Documento optimizado digitalmente.<\/p>\n","protected":false},"excerpt":{"rendered":"<p>Autor: Juan Bautista Peralta. Es propiedad del autor.\u2014Se prohibe la reimpresi\u00f3n de estas poes\u00edas. Galvez 521Impresor: Imp. \u00abEl Debate\u00bb\u2014S.Diego 291Tama\u00f1o: 55&#215;39 cmClasificaci\u00f3n: BN C\u00f3digo: LO0012532 Tonadas para cantar la novena del ni\u00f1o Dios Consumaci\u00f3n del drama de la Avenida de la Independencia : muerte de Auristela y Ayala. Los frutos de las pasiones El 8 [&hellip;]<\/p>\n","protected":false},"author":1,"featured_media":0,"parent":0,"menu_order":0,"comment_status":"closed","ping_status":"closed","template":"","meta":{"footnotes":""},"class_list":["post-23103","page","type-page","status-publish","hentry"],"jetpack_sharing_enabled":true,"_links":{"self":[{"href":"https:\/\/www.lirapopular.cl\/lirapopularxix\/wp-json\/wp\/v2\/pages\/23103","targetHints":{"allow":["GET"]}}],"collection":[{"href":"https:\/\/www.lirapopular.cl\/lirapopularxix\/wp-json\/wp\/v2\/pages"}],"about":[{"href":"https:\/\/www.lirapopular.cl\/lirapopularxix\/wp-json\/wp\/v2\/types\/page"}],"author":[{"embeddable":true,"href":"https:\/\/www.lirapopular.cl\/lirapopularxix\/wp-json\/wp\/v2\/users\/1"}],"replies":[{"embeddable":true,"href":"https:\/\/www.lirapopular.cl\/lirapopularxix\/wp-json\/wp\/v2\/comments?post=23103"}],"version-history":[{"count":0,"href":"https:\/\/www.lirapopular.cl\/lirapopularxix\/wp-json\/wp\/v2\/pages\/23103\/revisions"}],"wp:attachment":[{"href":"https:\/\/www.lirapopular.cl\/lirapopularxix\/wp-json\/wp\/v2\/media?parent=23103"}],"curies":[{"name":"wp","href":"https:\/\/api.w.org\/{rel}","templated":true}]}}