{"id":23080,"date":"2021-09-22T18:45:23","date_gmt":"2021-09-22T22:45:23","guid":{"rendered":"https:\/\/www.lirapopular.cl\/lirapopularxix\/?page_id=23080"},"modified":"2021-09-22T18:45:23","modified_gmt":"2021-09-22T22:45:23","slug":"el-crimen-de-la-calle-5-oriente","status":"publish","type":"page","link":"https:\/\/www.lirapopular.cl\/lirapopularxix\/el-crimen-de-la-calle-5-oriente\/","title":{"rendered":"El Cr\u00edmen de la calle 5 Oriente <br>INDULTO DEL REO MEJIAS"},"content":{"rendered":"\n<div class=\"wp-block-image\"><figure class=\"alignright size-medium\"><a href=\"https:\/\/www.lirapopular.cl\/lirapopularxix\/wp-content\/uploads\/2021\/09\/LO0012648.jpg\"><img loading=\"lazy\" decoding=\"async\" width=\"212\" height=\"300\" src=\"https:\/\/www.lirapopular.cl\/lirapopularxix\/wp-content\/uploads\/2021\/09\/LO0012648-212x300.jpg\" alt=\"\" class=\"wp-image-23084\" srcset=\"https:\/\/www.lirapopular.cl\/lirapopularxix\/wp-content\/uploads\/2021\/09\/LO0012648-212x300.jpg 212w, https:\/\/www.lirapopular.cl\/lirapopularxix\/wp-content\/uploads\/2021\/09\/LO0012648.jpg 706w\" sizes=\"auto, (max-width: 212px) 100vw, 212px\" \/><\/a><figcaption>Archivo de Literatura Oral<br \/>Colecci\u00f3n Alamiro de \u00c1vila<\/figcaption><\/figure><\/div>\n\n\n\n<p>Autor: Bernardino Gajardo. Poeta porte\u00f1o<br \/>Impresor: Sin informaci\u00f3n<br \/>Tama\u00f1o: 54&#215;38 cm<br \/>Clasificaci\u00f3n: BN C\u00f3digo: LO0012648 y LO0012649<\/p>\n\n\n\n<ul class=\"wp-block-list\"><li><a href=\"https:\/\/www.lirapopular.cl\/lirapopularxix\/2021\/09\/22\/el-indulto-del-reoivan-de-d-mesias-por-el-consejode-estado\/\">El indulto del reo Juan de D. Mej\u00edas por el Consejo del Estado<\/a><\/li><li><a href=\"https:\/\/www.lirapopular.cl\/lirapopularxix\/2021\/09\/22\/lamento-del-reo-en-capilla\/\">Lamento del reo en capilla<\/a><\/li><li><a href=\"https:\/\/www.lirapopular.cl\/lirapopularxix\/2021\/09\/22\/el-despegado-del-caballo\/\">El despegado del caballo<\/a><\/li><li><a href=\"https:\/\/www.lirapopular.cl\/lirapopularxix\/2021\/09\/22\/gran-salteo-en-las-lomasuna-victima-a-hachazos\/\">Gran salteo en las Lomas. Una v\u00edctima a hachazos<\/a><\/li><li><a href=\"https:\/\/www.lirapopular.cl\/lirapopularxix\/2021\/09\/22\/versos-de-la-viejaalcahuete\/\">Versos de la vieja alcahuete<\/a><\/li><li><a href=\"https:\/\/www.lirapopular.cl\/lirapopularxix\/2021\/09\/22\/prat-en-la-cubiertadel-huascar\/\">Prat en la cubierta del &#8220;Hu\u00e1scar&#8221;<\/a><\/li><\/ul>\n\n\n\n<p>Nota: El 1er ejemplar tiene escrito a mano con plum\u00f3n \u201c322\u201d. Por el reverso con bol\u00edgrafo &#8220;106&#8221;.<br \/>El 2\u00ba ejemplar tiene escrito a mano con l\u00e1piz azul &#8220;7&#8221; y con plum\u00f3n \u201c323\u201d.<br \/>Documentos optimizados digitalmente.<\/p>\n\n\n\n<p>.<\/p>\n\n\n\n<p>.<\/p>\n\n\n\n<div class=\"wp-block-image\"><figure class=\"alignright size-medium\"><a href=\"https:\/\/www.lirapopular.cl\/lirapopularxix\/wp-content\/uploads\/2021\/09\/LO0012649.jpg\"><img loading=\"lazy\" decoding=\"async\" width=\"213\" height=\"300\" src=\"https:\/\/www.lirapopular.cl\/lirapopularxix\/wp-content\/uploads\/2021\/09\/LO0012649-213x300.jpg\" alt=\"\" class=\"wp-image-23085\" srcset=\"https:\/\/www.lirapopular.cl\/lirapopularxix\/wp-content\/uploads\/2021\/09\/LO0012649-213x300.jpg 213w, https:\/\/www.lirapopular.cl\/lirapopularxix\/wp-content\/uploads\/2021\/09\/LO0012649.jpg 710w\" sizes=\"auto, (max-width: 213px) 100vw, 213px\" \/><\/a><figcaption>Archivo de Literatura Oral<br \/>Colecci\u00f3n Alamiro de \u00c1vila<\/figcaption><\/figure><\/div>\n","protected":false},"excerpt":{"rendered":"<p>Autor: Bernardino Gajardo. Poeta porte\u00f1oImpresor: Sin informaci\u00f3nTama\u00f1o: 54&#215;38 cmClasificaci\u00f3n: BN C\u00f3digo: LO0012648 y LO0012649 El indulto del reo Juan de D. Mej\u00edas por el Consejo del Estado Lamento del reo en capilla El despegado del caballo Gran salteo en las Lomas. Una v\u00edctima a hachazos Versos de la vieja alcahuete Prat en la cubierta del [&hellip;]<\/p>\n","protected":false},"author":1,"featured_media":0,"parent":0,"menu_order":0,"comment_status":"closed","ping_status":"closed","template":"","meta":{"footnotes":""},"class_list":["post-23080","page","type-page","status-publish","hentry"],"jetpack_sharing_enabled":true,"_links":{"self":[{"href":"https:\/\/www.lirapopular.cl\/lirapopularxix\/wp-json\/wp\/v2\/pages\/23080","targetHints":{"allow":["GET"]}}],"collection":[{"href":"https:\/\/www.lirapopular.cl\/lirapopularxix\/wp-json\/wp\/v2\/pages"}],"about":[{"href":"https:\/\/www.lirapopular.cl\/lirapopularxix\/wp-json\/wp\/v2\/types\/page"}],"author":[{"embeddable":true,"href":"https:\/\/www.lirapopular.cl\/lirapopularxix\/wp-json\/wp\/v2\/users\/1"}],"replies":[{"embeddable":true,"href":"https:\/\/www.lirapopular.cl\/lirapopularxix\/wp-json\/wp\/v2\/comments?post=23080"}],"version-history":[{"count":0,"href":"https:\/\/www.lirapopular.cl\/lirapopularxix\/wp-json\/wp\/v2\/pages\/23080\/revisions"}],"wp:attachment":[{"href":"https:\/\/www.lirapopular.cl\/lirapopularxix\/wp-json\/wp\/v2\/media?parent=23080"}],"curies":[{"name":"wp","href":"https:\/\/api.w.org\/{rel}","templated":true}]}}