{"id":23043,"date":"2021-09-21T17:52:16","date_gmt":"2021-09-21T21:52:16","guid":{"rendered":"https:\/\/www.lirapopular.cl\/lirapopularxix\/?page_id=23043"},"modified":"2021-09-21T17:52:16","modified_gmt":"2021-09-21T21:52:16","slug":"el-21-de-mayo-la-paz-con-arjentina","status":"publish","type":"page","link":"https:\/\/www.lirapopular.cl\/lirapopularxix\/el-21-de-mayo-la-paz-con-arjentina\/","title":{"rendered":"EL 21 DE MAYO <br>LA PAZ CON LA ARJENTINA"},"content":{"rendered":"\n<div class=\"wp-block-image\"><figure class=\"alignright size-medium\"><a href=\"https:\/\/www.lirapopular.cl\/lirapopularxix\/wp-content\/uploads\/2021\/09\/LO0012642.jpg\"><img loading=\"lazy\" decoding=\"async\" width=\"214\" height=\"300\" src=\"https:\/\/www.lirapopular.cl\/lirapopularxix\/wp-content\/uploads\/2021\/09\/LO0012642-214x300.jpg\" alt=\"\" class=\"wp-image-23046\" srcset=\"https:\/\/www.lirapopular.cl\/lirapopularxix\/wp-content\/uploads\/2021\/09\/LO0012642-214x300.jpg 214w, https:\/\/www.lirapopular.cl\/lirapopularxix\/wp-content\/uploads\/2021\/09\/LO0012642.jpg 714w\" sizes=\"auto, (max-width: 214px) 100vw, 214px\" \/><\/a><figcaption>Archivo de Literatura Oral<br \/>Colecci\u00f3n Alamiro de \u00c1vila<\/figcaption><\/figure><\/div>\n\n\n\n<p>Autor: Pancho<sup>1<\/sup> Devia.<br \/>Impresor: Sin informaci\u00f3n<br \/>Tama\u00f1o: 54&#215;38 cm<br \/>Clasificaci\u00f3n: C\u00f3digos BN LO0012642<\/p>\n\n\n\n<ul class=\"wp-block-list\"><li><a href=\"https:\/\/www.lirapopular.cl\/lirapopularxix\/2021\/09\/21\/viva-el-21-de-mayo\/\">Viva el 21 de Mayo<\/a><\/li><li><a href=\"https:\/\/www.lirapopular.cl\/lirapopularxix\/2021\/09\/21\/la-paz-entre-chilei-la-arjentina\/\">La paz entre Chile y la Argentina<\/a><\/li><li><a href=\"https:\/\/www.lirapopular.cl\/lirapopularxix\/2021\/09\/21\/el-duendeen-quillota\/\">El duende en Quillota<\/a><\/li><li><a href=\"https:\/\/www.lirapopular.cl\/lirapopularxix\/2021\/09\/21\/literaturacostumbres-de-los-pajaros\/\">Literatura. Costumbres de los p\u00e1jaros<\/a><\/li><li><a href=\"https:\/\/www.lirapopular.cl\/lirapopularxix\/2021\/09\/21\/benito-perezcasado-con-2-mujres\/\">Benito P\u00e9rez casado con 2 mujeres<\/a><\/li><li><a href=\"https:\/\/www.lirapopular.cl\/lirapopularxix\/2021\/09\/21\/esplicacionde-los-nombres-2\/\">Explicaci\u00f3n de los nombres<\/a><\/li><\/ul>\n\n\n\n<p>Nota: 1 Suponemos, por dise\u00f1o y lenguaje, que Pancho y Francisco Devia son el mismo poeta.<br \/>Este ejemplar tiene escrito a mano con plum\u00f3n \u201c316\u201d. Por el reverso con bol\u00edgrafo &#8220;100&#8221;.<br \/>Documento optimizado digitalmente.<\/p>\n","protected":false},"excerpt":{"rendered":"<p>Autor: Pancho1 Devia.Impresor: Sin informaci\u00f3nTama\u00f1o: 54&#215;38 cmClasificaci\u00f3n: C\u00f3digos BN LO0012642 Viva el 21 de Mayo La paz entre Chile y la Argentina El duende en Quillota Literatura. Costumbres de los p\u00e1jaros Benito P\u00e9rez casado con 2 mujeres Explicaci\u00f3n de los nombres Nota: 1 Suponemos, por dise\u00f1o y lenguaje, que Pancho y Francisco Devia son el [&hellip;]<\/p>\n","protected":false},"author":1,"featured_media":0,"parent":0,"menu_order":0,"comment_status":"closed","ping_status":"closed","template":"","meta":{"footnotes":""},"class_list":["post-23043","page","type-page","status-publish","hentry"],"jetpack_sharing_enabled":true,"_links":{"self":[{"href":"https:\/\/www.lirapopular.cl\/lirapopularxix\/wp-json\/wp\/v2\/pages\/23043","targetHints":{"allow":["GET"]}}],"collection":[{"href":"https:\/\/www.lirapopular.cl\/lirapopularxix\/wp-json\/wp\/v2\/pages"}],"about":[{"href":"https:\/\/www.lirapopular.cl\/lirapopularxix\/wp-json\/wp\/v2\/types\/page"}],"author":[{"embeddable":true,"href":"https:\/\/www.lirapopular.cl\/lirapopularxix\/wp-json\/wp\/v2\/users\/1"}],"replies":[{"embeddable":true,"href":"https:\/\/www.lirapopular.cl\/lirapopularxix\/wp-json\/wp\/v2\/comments?post=23043"}],"version-history":[{"count":0,"href":"https:\/\/www.lirapopular.cl\/lirapopularxix\/wp-json\/wp\/v2\/pages\/23043\/revisions"}],"wp:attachment":[{"href":"https:\/\/www.lirapopular.cl\/lirapopularxix\/wp-json\/wp\/v2\/media?parent=23043"}],"curies":[{"name":"wp","href":"https:\/\/api.w.org\/{rel}","templated":true}]}}