{"id":22980,"date":"2021-09-19T18:10:02","date_gmt":"2021-09-19T22:10:02","guid":{"rendered":"https:\/\/www.lirapopular.cl\/lirapopularxix\/?page_id=22980"},"modified":"2021-09-19T18:10:02","modified_gmt":"2021-09-19T22:10:02","slug":"la-lira-popular-num-66","status":"publish","type":"page","link":"https:\/\/www.lirapopular.cl\/lirapopularxix\/la-lira-popular-num-66\/","title":{"rendered":"LA LIRA POPULAR N\u00fam. 66 <br>Contestacion a la poetisa Inostroza <br>Dos dramas de sangre: uno por el alcohol i otro por celos"},"content":{"rendered":"\n<div class=\"wp-block-image\"><figure class=\"alignright size-medium\"><a href=\"https:\/\/www.lirapopular.cl\/lirapopularxix\/wp-content\/uploads\/2021\/09\/LO0012518.jpg\"><img loading=\"lazy\" decoding=\"async\" width=\"211\" height=\"300\" src=\"https:\/\/www.lirapopular.cl\/lirapopularxix\/wp-content\/uploads\/2021\/09\/LO0012518-211x300.jpg\" alt=\"\" class=\"wp-image-22983\" srcset=\"https:\/\/www.lirapopular.cl\/lirapopularxix\/wp-content\/uploads\/2021\/09\/LO0012518-211x300.jpg 211w, https:\/\/www.lirapopular.cl\/lirapopularxix\/wp-content\/uploads\/2021\/09\/LO0012518.jpg 704w\" sizes=\"auto, (max-width: 211px) 100vw, 211px\" \/><\/a><figcaption>Archivo de Literatura Oral<br \/>Colecci\u00f3n Alamiro de \u00c1vila<\/figcaption><\/figure><\/div>\n\n\n\n<p>Autor: Juan Bautista Peralta. G\u00e1lvez 635. Es propiedad del autor.\u2014Se prohibe la reimpresion de estas poes\u00edas<br \/>Impresor: Imp. \u00abEl Debate\u00bb\u2014S. Diego 291<br \/>Tama\u00f1o: 55 x 39 cm<br \/>Clasificaci\u00f3n: C\u00f3digos BN LO0012518<\/p>\n\n\n\n<ul class=\"wp-block-list\"><li><a href=\"https:\/\/www.lirapopular.cl\/lirapopularxix\/2021\/09\/19\/contestacion-a-la-poetisa-inostroza\/\">Contestaci\u00f3n a la poetisa Inostroza : comprobaciones b\u00edblica, Mateo, del XVI al XVIII y actos de los ap\u00f3stoles, capitulo IV, del X al XII<\/a><\/li><li><a href=\"https:\/\/www.lirapopular.cl\/lirapopularxix\/2021\/09\/19\/dos-dramas-de-sangreuno-por-el-alcohol-i-otro-porcelos\/\">Dos dramas de sangre: uno por el alcohol y otro por celos<\/a><\/li><li><a href=\"https:\/\/www.lirapopular.cl\/lirapopularxix\/2021\/09\/19\/consejo-de-un-padre-de-familia\/\">Consejo de un padre de familia en la recepcion de los marinos brasileros<\/a><\/li><li><a href=\"https:\/\/www.lirapopular.cl\/lirapopularxix\/2021\/09\/19\/sobre-un-fenomeno-adivino\/\">Sobre un fen\u00f3meno adivino: noticias de &#8220;El Chileno&#8221; confirmada un reportaje al muchacho<\/a><\/li><li><a href=\"https:\/\/www.lirapopular.cl\/lirapopularxix\/2021\/09\/19\/entre-un-guardian-i-un-ratero\/\">Entre un guardi\u00e1n y un ratero. Gran combate, drama de sangre en la calle de San Ignacio. Curiosos detalles sobre la estafa del se\u00f1or Bascu\u00f1\u00e1n<\/a><\/li><li><a href=\"https:\/\/www.lirapopular.cl\/lirapopularxix\/2021\/09\/19\/los-amores-de-un-guaso\/\">Los amores de un huaso<\/a><\/li><\/ul>\n\n\n\n<p>Nota: Este ejemplar tiene escrito a mano con plum\u00f3n \u201c192\u201d. Por el reverso en una etiqueta &#8220;68&#8221;.<br \/>Documento optimizado digitalmente.<\/p>\n","protected":false},"excerpt":{"rendered":"<p>Autor: Juan Bautista Peralta. G\u00e1lvez 635. Es propiedad del autor.\u2014Se prohibe la reimpresion de estas poes\u00edasImpresor: Imp. \u00abEl Debate\u00bb\u2014S. Diego 291Tama\u00f1o: 55 x 39 cmClasificaci\u00f3n: C\u00f3digos BN LO0012518 Contestaci\u00f3n a la poetisa Inostroza : comprobaciones b\u00edblica, Mateo, del XVI al XVIII y actos de los ap\u00f3stoles, capitulo IV, del X al XII Dos dramas de [&hellip;]<\/p>\n","protected":false},"author":1,"featured_media":0,"parent":0,"menu_order":0,"comment_status":"closed","ping_status":"closed","template":"","meta":{"footnotes":""},"class_list":["post-22980","page","type-page","status-publish","hentry"],"jetpack_sharing_enabled":true,"_links":{"self":[{"href":"https:\/\/www.lirapopular.cl\/lirapopularxix\/wp-json\/wp\/v2\/pages\/22980","targetHints":{"allow":["GET"]}}],"collection":[{"href":"https:\/\/www.lirapopular.cl\/lirapopularxix\/wp-json\/wp\/v2\/pages"}],"about":[{"href":"https:\/\/www.lirapopular.cl\/lirapopularxix\/wp-json\/wp\/v2\/types\/page"}],"author":[{"embeddable":true,"href":"https:\/\/www.lirapopular.cl\/lirapopularxix\/wp-json\/wp\/v2\/users\/1"}],"replies":[{"embeddable":true,"href":"https:\/\/www.lirapopular.cl\/lirapopularxix\/wp-json\/wp\/v2\/comments?post=22980"}],"version-history":[{"count":0,"href":"https:\/\/www.lirapopular.cl\/lirapopularxix\/wp-json\/wp\/v2\/pages\/22980\/revisions"}],"wp:attachment":[{"href":"https:\/\/www.lirapopular.cl\/lirapopularxix\/wp-json\/wp\/v2\/media?parent=22980"}],"curies":[{"name":"wp","href":"https:\/\/api.w.org\/{rel}","templated":true}]}}