{"id":22965,"date":"2021-09-19T15:22:22","date_gmt":"2021-09-19T19:22:22","guid":{"rendered":"https:\/\/www.lirapopular.cl\/lirapopularxix\/?page_id=22965"},"modified":"2021-09-19T15:22:22","modified_gmt":"2021-09-19T19:22:22","slug":"la-lira-popular-num-17","status":"publish","type":"page","link":"https:\/\/www.lirapopular.cl\/lirapopularxix\/la-lira-popular-num-17\/","title":{"rendered":"LA LIRA POPULAR NUM. 17 <br>Combate entre guardianes y bandidos en Colina <br>HORROROSO SALTEO EN BATUCO, MUERTOS Y HERIDOS"},"content":{"rendered":"\n<div class=\"wp-block-image\"><figure class=\"alignright size-medium\"><a href=\"https:\/\/www.lirapopular.cl\/lirapopularxix\/wp-content\/uploads\/2021\/09\/LO0012475.jpg\"><img loading=\"lazy\" decoding=\"async\" width=\"211\" height=\"300\" src=\"https:\/\/www.lirapopular.cl\/lirapopularxix\/wp-content\/uploads\/2021\/09\/LO0012475-211x300.jpg\" alt=\"\" class=\"wp-image-22970\" srcset=\"https:\/\/www.lirapopular.cl\/lirapopularxix\/wp-content\/uploads\/2021\/09\/LO0012475-211x300.jpg 211w, https:\/\/www.lirapopular.cl\/lirapopularxix\/wp-content\/uploads\/2021\/09\/LO0012475.jpg 702w\" sizes=\"auto, (max-width: 211px) 100vw, 211px\" \/><\/a><figcaption>Archivo de Literatura Oral<br \/>Colecci\u00f3n Alamiro de \u00c1vila<\/figcaption><\/figure><\/div>\n\n\n\n<p>Autor: Juan Bautista Peralta. G\u00e1lvez 826.<br \/>Impresor: 868\u2014Imp. de El Correo, Delicias 966<br \/>Tama\u00f1o: 55 x 39 cm<br \/>Clasificaci\u00f3n: BN C\u00f3digo: LO0012475<\/p>\n\n\n\n<ul class=\"wp-block-list\"><li><a href=\"https:\/\/www.lirapopular.cl\/lirapopularxix\/2021\/09\/19\/combate-entre-guardianes-i-bandidos\/\">Combate entre guardianes y bandidos<\/a><\/li><li><a href=\"https:\/\/www.lirapopular.cl\/lirapopularxix\/2021\/09\/19\/proximo-fusilamiento-2\/\">Pr\u00f3ximo fusilamiento<\/a><\/li><li><a href=\"https:\/\/www.lirapopular.cl\/lirapopularxix\/2021\/09\/19\/tonadas-para-el-nacimien-to-del-nino-de-dios\/\">Tonadas para el nacimiento del Ni\u00f1o de Dios<\/a><\/li><\/ul>\n\n\n\n<p>Nota: Este ejemplar tiene escrito a mano con plum\u00f3n \u201c149\u201d. Por el reverso etiqueta &#8220;37&#8221;<br \/>Documento optimizado digitalmente.<\/p>\n","protected":false},"excerpt":{"rendered":"<p>Autor: Juan Bautista Peralta. G\u00e1lvez 826.Impresor: 868\u2014Imp. de El Correo, Delicias 966Tama\u00f1o: 55 x 39 cmClasificaci\u00f3n: BN C\u00f3digo: LO0012475 Combate entre guardianes y bandidos Pr\u00f3ximo fusilamiento Tonadas para el nacimiento del Ni\u00f1o de Dios Nota: Este ejemplar tiene escrito a mano con plum\u00f3n \u201c149\u201d. Por el reverso etiqueta &#8220;37&#8221;Documento optimizado digitalmente.<\/p>\n","protected":false},"author":1,"featured_media":0,"parent":0,"menu_order":0,"comment_status":"closed","ping_status":"closed","template":"","meta":{"footnotes":""},"class_list":["post-22965","page","type-page","status-publish","hentry"],"jetpack_sharing_enabled":true,"_links":{"self":[{"href":"https:\/\/www.lirapopular.cl\/lirapopularxix\/wp-json\/wp\/v2\/pages\/22965","targetHints":{"allow":["GET"]}}],"collection":[{"href":"https:\/\/www.lirapopular.cl\/lirapopularxix\/wp-json\/wp\/v2\/pages"}],"about":[{"href":"https:\/\/www.lirapopular.cl\/lirapopularxix\/wp-json\/wp\/v2\/types\/page"}],"author":[{"embeddable":true,"href":"https:\/\/www.lirapopular.cl\/lirapopularxix\/wp-json\/wp\/v2\/users\/1"}],"replies":[{"embeddable":true,"href":"https:\/\/www.lirapopular.cl\/lirapopularxix\/wp-json\/wp\/v2\/comments?post=22965"}],"version-history":[{"count":0,"href":"https:\/\/www.lirapopular.cl\/lirapopularxix\/wp-json\/wp\/v2\/pages\/22965\/revisions"}],"wp:attachment":[{"href":"https:\/\/www.lirapopular.cl\/lirapopularxix\/wp-json\/wp\/v2\/media?parent=22965"}],"curies":[{"name":"wp","href":"https:\/\/api.w.org\/{rel}","templated":true}]}}