{"id":22944,"date":"2021-09-19T14:08:23","date_gmt":"2021-09-19T18:08:23","guid":{"rendered":"https:\/\/www.lirapopular.cl\/lirapopularxix\/?page_id=22944"},"modified":"2021-09-19T14:08:23","modified_gmt":"2021-09-19T18:08:23","slug":"chile-y-la-arjentina","status":"publish","type":"page","link":"https:\/\/www.lirapopular.cl\/lirapopularxix\/chile-y-la-arjentina\/","title":{"rendered":"CHILE Y LA ARJENTINA <br>Gran contrapunto entre el r\u00edo Mapocho y el puente de los carros"},"content":{"rendered":"\n<div class=\"wp-block-image\"><figure class=\"alignright size-medium\"><a href=\"https:\/\/www.lirapopular.cl\/lirapopularxix\/wp-content\/uploads\/2021\/09\/LO0012643-1.jpg\"><img decoding=\"async\" src=\"https:\/\/www.lirapopular.cl\/lirapopularxix\/wp-content\/uploads\/2021\/09\/LO0012643-1-208x300.jpg\" alt=\"\" class=\"wp-image-22947\"\/><\/a><figcaption>Archivo de Literatura Oral<br \/>Colecci\u00f3n Alamiro de \u00c1vila<\/figcaption><\/figure><\/div>\n\n\n\n<p>Autor: Francisco Devia F.<br \/>Impresor: Sin informaci\u00f3n<br \/>Tama\u00f1o: 54&#215;38 cm<br \/>Clasificaci\u00f3n: BN C\u00f3digo: LO0012643<\/p>\n\n\n\n<ul class=\"wp-block-list\"><li><a href=\"https:\/\/www.lirapopular.cl\/lirapopularxix\/2021\/09\/19\/chile-i-la-arjentina-3\/\">Chile y la Argentina<\/a><\/li><li><a href=\"https:\/\/www.lirapopular.cl\/lirapopularxix\/2021\/09\/19\/un-arjentinoi-un-chileno\/\">Un argentino y un chileno<\/a><\/li><li><a href=\"https:\/\/www.lirapopular.cl\/lirapopularxix\/2021\/09\/19\/contrapuntodel-mapochocon-el-puente-de-los-carros\/\">Contrapunto del Mapocho con el puente de los carros<\/a><\/li><li><a href=\"https:\/\/www.lirapopular.cl\/lirapopularxix\/2021\/09\/19\/el-puente\/\">El puente<\/a><\/li><li><a href=\"https:\/\/www.lirapopular.cl\/lirapopularxix\/2021\/09\/19\/amorcon-sentimiento\/\">Amor con sentimiento<\/a><\/li><\/ul>\n\n\n\n<p>Nota: Este ejemplar tiene escrito a mano con plum\u00f3n \u201c317\u201d.<br \/>Por el reverso aparece largo texto manuscrito ilegible a causa de una malla que le pegaron. Sobre etiqueta &#8220;80&#8221;.<br \/>Documentos optimizados digitalmente.<\/p>\n\n\n\n<p>.<\/p>\n\n\n\n<div class=\"wp-block-image\"><figure class=\"alignright size-medium\"><a href=\"https:\/\/www.lirapopular.cl\/lirapopularxix\/wp-content\/uploads\/2021\/09\/LO0012643-2.jpg\"><img decoding=\"async\" src=\"https:\/\/www.lirapopular.cl\/lirapopularxix\/wp-content\/uploads\/2021\/09\/LO0012643-2-208x300.jpg\" alt=\"\" class=\"wp-image-22949\"\/><\/a><figcaption>Archivo de Literatura Oral<br \/>Colecci\u00f3n Alamiro de \u00c1vila<\/figcaption><\/figure><\/div>\n","protected":false},"excerpt":{"rendered":"<p>Autor: Francisco Devia F.Impresor: Sin informaci\u00f3nTama\u00f1o: 54&#215;38 cmClasificaci\u00f3n: BN C\u00f3digo: LO0012643 Chile y la Argentina Un argentino y un chileno Contrapunto del Mapocho con el puente de los carros El puente Amor con sentimiento Nota: Este ejemplar tiene escrito a mano con plum\u00f3n \u201c317\u201d.Por el reverso aparece largo texto manuscrito ilegible a causa de una [&hellip;]<\/p>\n","protected":false},"author":1,"featured_media":0,"parent":0,"menu_order":0,"comment_status":"closed","ping_status":"closed","template":"","meta":{"footnotes":""},"class_list":["post-22944","page","type-page","status-publish","hentry"],"jetpack_sharing_enabled":true,"_links":{"self":[{"href":"https:\/\/www.lirapopular.cl\/lirapopularxix\/wp-json\/wp\/v2\/pages\/22944","targetHints":{"allow":["GET"]}}],"collection":[{"href":"https:\/\/www.lirapopular.cl\/lirapopularxix\/wp-json\/wp\/v2\/pages"}],"about":[{"href":"https:\/\/www.lirapopular.cl\/lirapopularxix\/wp-json\/wp\/v2\/types\/page"}],"author":[{"embeddable":true,"href":"https:\/\/www.lirapopular.cl\/lirapopularxix\/wp-json\/wp\/v2\/users\/1"}],"replies":[{"embeddable":true,"href":"https:\/\/www.lirapopular.cl\/lirapopularxix\/wp-json\/wp\/v2\/comments?post=22944"}],"version-history":[{"count":0,"href":"https:\/\/www.lirapopular.cl\/lirapopularxix\/wp-json\/wp\/v2\/pages\/22944\/revisions"}],"wp:attachment":[{"href":"https:\/\/www.lirapopular.cl\/lirapopularxix\/wp-json\/wp\/v2\/media?parent=22944"}],"curies":[{"name":"wp","href":"https:\/\/api.w.org\/{rel}","templated":true}]}}