{"id":22907,"date":"2021-09-18T17:09:17","date_gmt":"2021-09-18T21:09:17","guid":{"rendered":"https:\/\/www.lirapopular.cl\/lirapopularxix\/?page_id=22907"},"modified":"2021-09-18T17:09:17","modified_gmt":"2021-09-18T21:09:17","slug":"canciones-de-justo-mirales","status":"publish","type":"page","link":"https:\/\/www.lirapopular.cl\/lirapopularxix\/canciones-de-justo-mirales\/","title":{"rendered":"CANCIONES DE JUSTO MIRALES"},"content":{"rendered":"\n<div class=\"wp-block-image\"><figure class=\"alignright size-medium\"><a href=\"https:\/\/www.lirapopular.cl\/lirapopularxix\/wp-content\/uploads\/2021\/09\/LO0012663.jpg\"><img loading=\"lazy\" decoding=\"async\" width=\"300\" height=\"208\" src=\"https:\/\/www.lirapopular.cl\/lirapopularxix\/wp-content\/uploads\/2021\/09\/LO0012663-300x208.jpg\" alt=\"\" class=\"wp-image-22910\" srcset=\"https:\/\/www.lirapopular.cl\/lirapopularxix\/wp-content\/uploads\/2021\/09\/LO0012663-300x208.jpg 300w, https:\/\/www.lirapopular.cl\/lirapopularxix\/wp-content\/uploads\/2021\/09\/LO0012663-768x531.jpg 768w, https:\/\/www.lirapopular.cl\/lirapopularxix\/wp-content\/uploads\/2021\/09\/LO0012663.jpg 1000w\" sizes=\"auto, (max-width: 300px) 100vw, 300px\" \/><\/a><figcaption>Archivo de Literatura Oral<br \/>Colecci\u00f3n Alamiro de \u00c1vila<\/figcaption><\/figure><\/div>\n\n\n\n<p>Autor: Justo Mirales.<br \/>Impresor: Sin informaci\u00f3n<br \/>Tama\u00f1o: 38&#215;55 cm<br \/>Clasificaci\u00f3n: BN C\u00f3digo: LO0012663<\/p>\n\n\n\n<ul class=\"wp-block-list\"><li><a href=\"https:\/\/www.lirapopular.cl\/lirapopularxix\/2021\/09\/19\/himno-de-iquique-1\/\">Himno de Iquique<\/a><\/li><li><a href=\"https:\/\/www.lirapopular.cl\/lirapopularxix\/2021\/09\/19\/himno-a-balmaceda-2\/\">Himno a Balmaceda<\/a><\/li><li><a href=\"https:\/\/www.lirapopular.cl\/lirapopularxix\/2021\/09\/19\/velasquez-prisionero-3\/\">Vel\u00e1squez prisionero<\/a><\/li><li><a href=\"https:\/\/www.lirapopular.cl\/lirapopularxix\/2021\/09\/19\/la-prision-de-briseno-4\/\">La prisi\u00f3n de Brise\u00f1o<\/a><\/li><li><a href=\"https:\/\/www.lirapopular.cl\/lirapopularxix\/2021\/09\/19\/a-adrian-callorda-5\/\">A Adri\u00e1n Callorda<\/a><\/li><li><a href=\"https:\/\/www.lirapopular.cl\/lirapopularxix\/2021\/09\/19\/himno-al-proscrito-6\/\">Himno al proscrito<\/a><\/li><li><a href=\"https:\/\/www.lirapopular.cl\/lirapopularxix\/2021\/09\/19\/himno-a-reyes-7\/\">Himno a Reyes<\/a><\/li><li><a href=\"https:\/\/www.lirapopular.cl\/lirapopularxix\/2021\/09\/19\/el-esclavo-8\/\">El esclavo<\/a><\/li><\/ul>\n\n\n\n<p>Nota: Documento fechado el 2 de marzo de 1898.<br \/>Este ejemplar tiene escrito a mano con l\u00e1piz azul \u201c6\u201d y con plum\u00f3n &#8220;337&#8221;.<br \/>Documento optimizado digitalmente.<\/p>\n\n\n\n<p>Informaci\u00f3n adicional en el documento:<\/p>\n\n\n\n<p>PRECIO<br \/>5 cts. Ejemplar<br \/>en Santiago i en provincias<\/p>\n\n\n\n<p>DIRECCION<br \/>Bandera 43 nuevo<br \/>Alberto Rojas Arancibia<\/p>\n\n\n\n<p>POR MAYOR<br \/>EN SANTIAGO EN LA OFICINA, 2 1\/2 CTS<br \/>En Provincias 3 ets.<\/p>\n\n\n\n<p>EDICION<br \/>de 50.000 ejemplares<\/p>\n\n\n\n<p>NOTA: Es propiedad del autor, quien nos ha autorizado para esta publicacion en la intelijencia de que ella no se hace con fines pol\u00edticos ni mucho m\u00e9nos en odio a ninguna causa, pues el \u00fanico objeto es que el pueblo obtenga estas canciones a un infimo precio i como un recuerdo de tiempos que ya pasaron.\u2014ALBERTO ROJAS ARANCIBIA. \u2014 Editor<\/p>\n","protected":false},"excerpt":{"rendered":"<p>Autor: Justo Mirales.Impresor: Sin informaci\u00f3nTama\u00f1o: 38&#215;55 cmClasificaci\u00f3n: BN C\u00f3digo: LO0012663 Himno de Iquique Himno a Balmaceda Vel\u00e1squez prisionero La prisi\u00f3n de Brise\u00f1o A Adri\u00e1n Callorda Himno al proscrito Himno a Reyes El esclavo Nota: Documento fechado el 2 de marzo de 1898.Este ejemplar tiene escrito a mano con l\u00e1piz azul \u201c6\u201d y con plum\u00f3n &#8220;337&#8221;.Documento [&hellip;]<\/p>\n","protected":false},"author":1,"featured_media":0,"parent":0,"menu_order":0,"comment_status":"closed","ping_status":"closed","template":"","meta":{"footnotes":""},"class_list":["post-22907","page","type-page","status-publish","hentry"],"jetpack_sharing_enabled":true,"_links":{"self":[{"href":"https:\/\/www.lirapopular.cl\/lirapopularxix\/wp-json\/wp\/v2\/pages\/22907","targetHints":{"allow":["GET"]}}],"collection":[{"href":"https:\/\/www.lirapopular.cl\/lirapopularxix\/wp-json\/wp\/v2\/pages"}],"about":[{"href":"https:\/\/www.lirapopular.cl\/lirapopularxix\/wp-json\/wp\/v2\/types\/page"}],"author":[{"embeddable":true,"href":"https:\/\/www.lirapopular.cl\/lirapopularxix\/wp-json\/wp\/v2\/users\/1"}],"replies":[{"embeddable":true,"href":"https:\/\/www.lirapopular.cl\/lirapopularxix\/wp-json\/wp\/v2\/comments?post=22907"}],"version-history":[{"count":0,"href":"https:\/\/www.lirapopular.cl\/lirapopularxix\/wp-json\/wp\/v2\/pages\/22907\/revisions"}],"wp:attachment":[{"href":"https:\/\/www.lirapopular.cl\/lirapopularxix\/wp-json\/wp\/v2\/media?parent=22907"}],"curies":[{"name":"wp","href":"https:\/\/api.w.org\/{rel}","templated":true}]}}