{"id":22881,"date":"2021-09-18T15:49:53","date_gmt":"2021-09-18T19:49:53","guid":{"rendered":"https:\/\/www.lirapopular.cl\/lirapopularxix\/?page_id=22881"},"modified":"2021-09-18T15:49:53","modified_gmt":"2021-09-18T19:49:53","slug":"la-lira-popular-num-62","status":"publish","type":"page","link":"https:\/\/www.lirapopular.cl\/lirapopularxix\/la-lira-popular-num-62\/","title":{"rendered":"LA LIRA POPULAR N\u00fam. 62 <br>Amores del diablo viejo <br>Un padre da de machetazos a un soldado que intenta violar a su hija"},"content":{"rendered":"\n<div class=\"wp-block-image\"><figure class=\"alignright size-medium\"><a href=\"https:\/\/www.lirapopular.cl\/lirapopularxix\/wp-content\/uploads\/2021\/09\/LO0012514.jpg\"><img decoding=\"async\" src=\"https:\/\/www.lirapopular.cl\/lirapopularxix\/wp-content\/uploads\/2021\/09\/LO0012514-210x300.jpg\" alt=\"\" class=\"wp-image-22884\"\/><\/a><figcaption>Archivo de Literatura Oral<br \/>Colecci\u00f3n Alamiro de \u00c1vila<\/figcaption><\/figure><\/div>\n\n\n\n<p>Autor: Juan Bautista Peralta. Es propiedad del autor.\u2014Se prohibe la reimpresi\u00f3n de estas poes\u00edas. G\u00e1lvez 635<br \/>Impresor: Imprenta \u00abEl Debate\u00bb\u2014San Diego 291<br \/>Tama\u00f1o: 55 x 38 cm<br \/>Clasificaci\u00f3n: C\u00f3digos BN LO0012514<\/p>\n\n\n\n<ul class=\"wp-block-list\"><li><a href=\"https:\/\/www.lirapopular.cl\/lirapopularxix\/2021\/09\/18\/amores-del-diablo-viejonacimiento-del-diablo-chicoen-la-italia\/\">Amores del Diablo Viejo. Nacimiento del Diablo Chico en la Italia<\/a><\/li><li><a href=\"https:\/\/www.lirapopular.cl\/lirapopularxix\/2021\/09\/18\/un-padre-da-de-machetzos\/\">Un padre da de machetazos a un soldado que intenta violar su hija<\/a><\/li><li><a href=\"https:\/\/www.lirapopular.cl\/lirapopularxix\/2021\/09\/18\/cronica-criminal-2\/\">Cr\u00f3nica criminal<\/a><\/li><li><a href=\"https:\/\/www.lirapopular.cl\/lirapopularxix\/2021\/09\/18\/las-eleccionestriunfo-de-la-coalicionlo-que-dice-el-popular\/\">Las elecciones. Triunfo de la coalici\u00f3n- Lo que dice &#8220;El Popular&#8221;<\/a><\/li><li><a href=\"https:\/\/www.lirapopular.cl\/lirapopularxix\/2021\/09\/18\/el-ayuno-de-jesusen-el-desierto\/\">El ayuno de Jes\u00fas en el desierto<\/a><\/li><li><a href=\"https:\/\/www.lirapopular.cl\/lirapopularxix\/2021\/09\/18\/verso-liricopor-literatura\/\">Verso l\u00edrico por literatura<\/a><\/li><\/ul>\n\n\n\n<p>Nota: Este ejemplar tiene escrito a mano con plum\u00f3n \u201c188\u201d, por el reverso con bol\u00edgrafo &#8220;122&#8221;.<br \/>B. Nacional la data en 1903.<br \/>Documento optimizado digitalmente.<\/p>\n","protected":false},"excerpt":{"rendered":"<p>Autor: Juan Bautista Peralta. Es propiedad del autor.\u2014Se prohibe la reimpresi\u00f3n de estas poes\u00edas. G\u00e1lvez 635Impresor: Imprenta \u00abEl Debate\u00bb\u2014San Diego 291Tama\u00f1o: 55 x 38 cmClasificaci\u00f3n: C\u00f3digos BN LO0012514 Amores del Diablo Viejo. Nacimiento del Diablo Chico en la Italia Un padre da de machetazos a un soldado que intenta violar su hija Cr\u00f3nica criminal Las [&hellip;]<\/p>\n","protected":false},"author":1,"featured_media":0,"parent":0,"menu_order":0,"comment_status":"closed","ping_status":"closed","template":"","meta":{"footnotes":""},"class_list":["post-22881","page","type-page","status-publish","hentry"],"jetpack_sharing_enabled":true,"_links":{"self":[{"href":"https:\/\/www.lirapopular.cl\/lirapopularxix\/wp-json\/wp\/v2\/pages\/22881","targetHints":{"allow":["GET"]}}],"collection":[{"href":"https:\/\/www.lirapopular.cl\/lirapopularxix\/wp-json\/wp\/v2\/pages"}],"about":[{"href":"https:\/\/www.lirapopular.cl\/lirapopularxix\/wp-json\/wp\/v2\/types\/page"}],"author":[{"embeddable":true,"href":"https:\/\/www.lirapopular.cl\/lirapopularxix\/wp-json\/wp\/v2\/users\/1"}],"replies":[{"embeddable":true,"href":"https:\/\/www.lirapopular.cl\/lirapopularxix\/wp-json\/wp\/v2\/comments?post=22881"}],"version-history":[{"count":0,"href":"https:\/\/www.lirapopular.cl\/lirapopularxix\/wp-json\/wp\/v2\/pages\/22881\/revisions"}],"wp:attachment":[{"href":"https:\/\/www.lirapopular.cl\/lirapopularxix\/wp-json\/wp\/v2\/media?parent=22881"}],"curies":[{"name":"wp","href":"https:\/\/api.w.org\/{rel}","templated":true}]}}