{"id":22865,"date":"2021-09-18T15:01:41","date_gmt":"2021-09-18T19:01:41","guid":{"rendered":"https:\/\/www.lirapopular.cl\/lirapopularxix\/?page_id=22865"},"modified":"2021-09-18T15:01:41","modified_gmt":"2021-09-18T19:01:41","slug":"homicidio-en-san-bernardo","status":"publish","type":"page","link":"https:\/\/www.lirapopular.cl\/lirapopularxix\/homicidio-en-san-bernardo\/","title":{"rendered":"Homicidio en San Bernardo"},"content":{"rendered":"\n<div class=\"wp-block-image\"><figure class=\"alignright size-medium\"><a href=\"http:\/\/https:\/\/www.lirapopular.cl\/lirapopularxix\/wp-content\/uploads\/2021\/09\/509-1.jpg\"><img decoding=\"async\" src=\"http:\/\/https:\/\/www.lirapopular.cl\/lirapopularxix\/wp-content\/uploads\/2021\/09\/509-1-300x231.jpg\" alt=\"\" class=\"wp-image-22868\"\/><\/a><figcaption>Colecci\u00f3n Lira Popular de la<br \/>Universidad de Chile<\/figcaption><\/figure><\/div>\n\n\n\n<p>Autor: Pedro Villegas.<br \/>Impresor: Impreso por P. Ram\u00edrez.\u2014 Ech\u00e1urren 6<br \/>Tama\u00f1o: 25,6 x 33 cm<br \/>Clasificaci\u00f3n: 509 V732h Caja N\u00b03b<\/p>\n\n\n\n<ul class=\"wp-block-list\"><li><a href=\"https:\/\/www.lirapopular.cl\/lirapopularxix\/2021\/09\/18\/el-centavo-chico\/\">El centavo chico<\/a><\/li><li><a href=\"https:\/\/www.lirapopular.cl\/lirapopularxix\/2021\/09\/18\/homicidio-en-san-bernardo\/\">Homicidio en San Bernardo. Salteo frustrado en que el hechor muere a manos de sus compa\u00f1eros<\/a><\/li><li><a href=\"https:\/\/www.lirapopular.cl\/lirapopularxix\/2021\/09\/18\/contrapuntoentre-un-caballero-i-un-huaso\/\">Contrapunto entre un caballero y un huaso<\/a><\/li><li><a href=\"https:\/\/www.lirapopular.cl\/lirapopularxix\/2021\/09\/18\/contestacion-del-huaso-6\/\">Contestaci\u00f3n del huaso<\/a><\/li><\/ul>\n\n\n\n<p>Nota: Este ejemplar tiene escrito a mano con l\u00e1piz rojo \u201c509\u201d.<br \/>Documento optimizado digitalmente.<\/p>\n","protected":false},"excerpt":{"rendered":"<p>Autor: Pedro Villegas.Impresor: Impreso por P. Ram\u00edrez.\u2014 Ech\u00e1urren 6Tama\u00f1o: 25,6 x 33 cmClasificaci\u00f3n: 509 V732h Caja N\u00b03b El centavo chico Homicidio en San Bernardo. Salteo frustrado en que el hechor muere a manos de sus compa\u00f1eros Contrapunto entre un caballero y un huaso Contestaci\u00f3n del huaso Nota: Este ejemplar tiene escrito a mano con l\u00e1piz [&hellip;]<\/p>\n","protected":false},"author":1,"featured_media":0,"parent":0,"menu_order":0,"comment_status":"closed","ping_status":"closed","template":"","meta":{"footnotes":""},"class_list":["post-22865","page","type-page","status-publish","hentry"],"jetpack_sharing_enabled":true,"_links":{"self":[{"href":"https:\/\/www.lirapopular.cl\/lirapopularxix\/wp-json\/wp\/v2\/pages\/22865","targetHints":{"allow":["GET"]}}],"collection":[{"href":"https:\/\/www.lirapopular.cl\/lirapopularxix\/wp-json\/wp\/v2\/pages"}],"about":[{"href":"https:\/\/www.lirapopular.cl\/lirapopularxix\/wp-json\/wp\/v2\/types\/page"}],"author":[{"embeddable":true,"href":"https:\/\/www.lirapopular.cl\/lirapopularxix\/wp-json\/wp\/v2\/users\/1"}],"replies":[{"embeddable":true,"href":"https:\/\/www.lirapopular.cl\/lirapopularxix\/wp-json\/wp\/v2\/comments?post=22865"}],"version-history":[{"count":0,"href":"https:\/\/www.lirapopular.cl\/lirapopularxix\/wp-json\/wp\/v2\/pages\/22865\/revisions"}],"wp:attachment":[{"href":"https:\/\/www.lirapopular.cl\/lirapopularxix\/wp-json\/wp\/v2\/media?parent=22865"}],"curies":[{"name":"wp","href":"https:\/\/api.w.org\/{rel}","templated":true}]}}