{"id":22849,"date":"2021-09-18T14:24:12","date_gmt":"2021-09-18T18:24:12","guid":{"rendered":"https:\/\/www.lirapopular.cl\/lirapopularxix\/?page_id=22849"},"modified":"2021-09-18T14:24:12","modified_gmt":"2021-09-18T18:24:12","slug":"los-versos-del-colera","status":"publish","type":"page","link":"https:\/\/www.lirapopular.cl\/lirapopularxix\/los-versos-del-colera\/","title":{"rendered":"Los Versos del C\u00f3lera"},"content":{"rendered":"\n<div class=\"wp-block-image\"><figure class=\"alignright size-medium\"><a href=\"http:\/\/https:\/\/www.lirapopular.cl\/lirapopularxix\/wp-content\/uploads\/2021\/09\/508-1.jpg\"><img decoding=\"async\" src=\"http:\/\/https:\/\/www.lirapopular.cl\/lirapopularxix\/wp-content\/uploads\/2021\/09\/508-1-213x300.jpg\" alt=\"\" class=\"wp-image-22852\"\/><\/a><figcaption>Colecci\u00f3n Lira Popular de la<br \/>Universidad de Chile<\/figcaption><\/figure><\/div>\n\n\n\n<p>Autor: Pedro Villegas.<br \/>Impresor: Sin informaci\u00f3n<br \/>Tama\u00f1o: 21,4 x 31,3 cm<br \/>Clasificaci\u00f3n: 508 V732v Caja N\u00b03b<\/p>\n\n\n\n<ul class=\"wp-block-list\"><li><a href=\"https:\/\/www.lirapopular.cl\/lirapopularxix\/2021\/09\/18\/si-el-colera-viene-aqui\/\">Si el c\u00f3lera viene aqu\u00ed<\/a><\/li><li><a href=\"https:\/\/www.lirapopular.cl\/lirapopularxix\/2021\/09\/18\/el-colera-en-la-arjentina\/\">El c\u00f3lera en la Argentina<\/a><\/li><li><a href=\"https:\/\/www.lirapopular.cl\/lirapopularxix\/2021\/09\/18\/en-la-cuesta-de-berberia\/\">En la cuesta de Berber\u00eda<\/a><\/li><\/ul>\n\n\n\n<p>Nota: La pandemia de c\u00f3lera en Chile fu\u00e9 entre 1886 y 1887.<br \/>Los versos no est\u00e1n titulados, usamos su primera l\u00ednea.<br \/>Este ejemplar tiene escrito a mano con l\u00e1piz rojo \u201c508\u201d.<br \/>Documento optimizado digitalmente.<\/p>\n","protected":false},"excerpt":{"rendered":"<p>Autor: Pedro Villegas.Impresor: Sin informaci\u00f3nTama\u00f1o: 21,4 x 31,3 cmClasificaci\u00f3n: 508 V732v Caja N\u00b03b Si el c\u00f3lera viene aqu\u00ed El c\u00f3lera en la Argentina En la cuesta de Berber\u00eda Nota: La pandemia de c\u00f3lera en Chile fu\u00e9 entre 1886 y 1887.Los versos no est\u00e1n titulados, usamos su primera l\u00ednea.Este ejemplar tiene escrito a mano con l\u00e1piz [&hellip;]<\/p>\n","protected":false},"author":1,"featured_media":0,"parent":0,"menu_order":0,"comment_status":"closed","ping_status":"closed","template":"","meta":{"footnotes":""},"class_list":["post-22849","page","type-page","status-publish","hentry"],"jetpack_sharing_enabled":true,"_links":{"self":[{"href":"https:\/\/www.lirapopular.cl\/lirapopularxix\/wp-json\/wp\/v2\/pages\/22849","targetHints":{"allow":["GET"]}}],"collection":[{"href":"https:\/\/www.lirapopular.cl\/lirapopularxix\/wp-json\/wp\/v2\/pages"}],"about":[{"href":"https:\/\/www.lirapopular.cl\/lirapopularxix\/wp-json\/wp\/v2\/types\/page"}],"author":[{"embeddable":true,"href":"https:\/\/www.lirapopular.cl\/lirapopularxix\/wp-json\/wp\/v2\/users\/1"}],"replies":[{"embeddable":true,"href":"https:\/\/www.lirapopular.cl\/lirapopularxix\/wp-json\/wp\/v2\/comments?post=22849"}],"version-history":[{"count":0,"href":"https:\/\/www.lirapopular.cl\/lirapopularxix\/wp-json\/wp\/v2\/pages\/22849\/revisions"}],"wp:attachment":[{"href":"https:\/\/www.lirapopular.cl\/lirapopularxix\/wp-json\/wp\/v2\/media?parent=22849"}],"curies":[{"name":"wp","href":"https:\/\/api.w.org\/{rel}","templated":true}]}}