{"id":22833,"date":"2021-09-18T13:49:17","date_gmt":"2021-09-18T17:49:17","guid":{"rendered":"https:\/\/www.lirapopular.cl\/lirapopularxix\/?page_id=22833"},"modified":"2021-09-18T13:49:17","modified_gmt":"2021-09-18T17:49:17","slug":"las-honras-del-almirante-lynch","status":"publish","type":"page","link":"https:\/\/www.lirapopular.cl\/lirapopularxix\/las-honras-del-almirante-lynch\/","title":{"rendered":"LAS HONRAS DEL ALMIRATE LYNCH"},"content":{"rendered":"\n<div class=\"wp-block-image\"><figure class=\"alignright size-medium\"><a href=\"http:\/\/https:\/\/www.lirapopular.cl\/lirapopularxix\/wp-content\/uploads\/2021\/09\/507-1.jpg\"><img decoding=\"async\" src=\"http:\/\/https:\/\/www.lirapopular.cl\/lirapopularxix\/wp-content\/uploads\/2021\/09\/507-1-206x300.jpg\" alt=\"\" class=\"wp-image-22836\"\/><\/a><figcaption>Colecci\u00f3n Lira Popular de la<br \/>Universidad de Chile<\/figcaption><\/figure><\/div>\n\n\n\n<p>Autor: Pedro Villegas.<br \/>Impresor: Sin informaci\u00f3n<br \/>Tama\u00f1o: 21,3 x 32,4 cm<br \/>Clasificaci\u00f3n: 507 V732h Caja N\u00b03b<\/p>\n\n\n\n<ul class=\"wp-block-list\"><li><a href=\"https:\/\/www.lirapopular.cl\/lirapopularxix\/2021\/09\/18\/den-gloria-al-contra-almirante\/\">Den gloria al contralmirante<\/a><\/li><li><a href=\"https:\/\/www.lirapopular.cl\/lirapopularxix\/2021\/09\/18\/recuerden-el-triste-dia\/\">Recuerden el triste d\u00eda<\/a><\/li><li><a href=\"https:\/\/www.lirapopular.cl\/lirapopularxix\/2021\/09\/18\/dos-pastores-peregrinos\/\">Dos pastores peregrinos<\/a><\/li><\/ul>\n\n\n\n<p>Nota: Los versos no est\u00e1n titulados, usamos su primera l\u00ednea.<br \/>Este ejemplar tiene escrito a mano con l\u00e1piz rojo \u201c507\u201d.<br \/>Por error tipogr\u00e1fico aparece firmada como &#8220;Pedro Vellegas&#8221;<br \/>Documento optimizado digitalmente.<\/p>\n","protected":false},"excerpt":{"rendered":"<p>Autor: Pedro Villegas.Impresor: Sin informaci\u00f3nTama\u00f1o: 21,3 x 32,4 cmClasificaci\u00f3n: 507 V732h Caja N\u00b03b Den gloria al contralmirante Recuerden el triste d\u00eda Dos pastores peregrinos Nota: Los versos no est\u00e1n titulados, usamos su primera l\u00ednea.Este ejemplar tiene escrito a mano con l\u00e1piz rojo \u201c507\u201d.Por error tipogr\u00e1fico aparece firmada como &#8220;Pedro Vellegas&#8221;Documento optimizado digitalmente.<\/p>\n","protected":false},"author":1,"featured_media":0,"parent":0,"menu_order":0,"comment_status":"closed","ping_status":"closed","template":"","meta":{"footnotes":""},"class_list":["post-22833","page","type-page","status-publish","hentry"],"jetpack_sharing_enabled":true,"_links":{"self":[{"href":"https:\/\/www.lirapopular.cl\/lirapopularxix\/wp-json\/wp\/v2\/pages\/22833","targetHints":{"allow":["GET"]}}],"collection":[{"href":"https:\/\/www.lirapopular.cl\/lirapopularxix\/wp-json\/wp\/v2\/pages"}],"about":[{"href":"https:\/\/www.lirapopular.cl\/lirapopularxix\/wp-json\/wp\/v2\/types\/page"}],"author":[{"embeddable":true,"href":"https:\/\/www.lirapopular.cl\/lirapopularxix\/wp-json\/wp\/v2\/users\/1"}],"replies":[{"embeddable":true,"href":"https:\/\/www.lirapopular.cl\/lirapopularxix\/wp-json\/wp\/v2\/comments?post=22833"}],"version-history":[{"count":0,"href":"https:\/\/www.lirapopular.cl\/lirapopularxix\/wp-json\/wp\/v2\/pages\/22833\/revisions"}],"wp:attachment":[{"href":"https:\/\/www.lirapopular.cl\/lirapopularxix\/wp-json\/wp\/v2\/media?parent=22833"}],"curies":[{"name":"wp","href":"https:\/\/api.w.org\/{rel}","templated":true}]}}