{"id":22817,"date":"2021-09-18T13:10:15","date_gmt":"2021-09-18T17:10:15","guid":{"rendered":"https:\/\/www.lirapopular.cl\/lirapopularxix\/?page_id=22817"},"modified":"2021-09-18T13:10:15","modified_gmt":"2021-09-18T17:10:15","slug":"el-asesinato-de-chaparro-y-el-salteo-de-maldonado","status":"publish","type":"page","link":"https:\/\/www.lirapopular.cl\/lirapopularxix\/el-asesinato-de-chaparro-y-el-salteo-de-maldonado\/","title":{"rendered":"EL ASESINATO DE CHAPARRO Y EL SALTEO DE MALDONADO"},"content":{"rendered":"\n<div class=\"wp-block-image\"><figure class=\"alignright size-medium\"><a href=\"http:\/\/https:\/\/www.lirapopular.cl\/lirapopularxix\/wp-content\/uploads\/2021\/09\/506-1.jpg\"><img decoding=\"async\" src=\"http:\/\/https:\/\/www.lirapopular.cl\/lirapopularxix\/wp-content\/uploads\/2021\/09\/506-1-196x300.jpg\" alt=\"\" class=\"wp-image-22823\"\/><\/a><figcaption>Colecci\u00f3n Lira Popular de la<br \/>Universidad de Chile<\/figcaption><\/figure><\/div>\n\n\n\n<p>Autor: Pedro Villegas.<br \/>Impresor: Sin informaci\u00f3n<br \/>Tama\u00f1o: 20,5 x 31,9 cm<br \/>Clasificaci\u00f3n: 506 V732a Caja N\u00b03b<\/p>\n\n\n\n<ul class=\"wp-block-list\"><li><a href=\"https:\/\/www.lirapopular.cl\/lirapopularxix\/2021\/09\/18\/fue-asesinado\/\">Fu\u00e9 asesinado, se\u00f1ores<\/a><\/li><li><a href=\"https:\/\/www.lirapopular.cl\/lirapopularxix\/2021\/09\/18\/en-la-misma-capital\/\">En la misma capital<\/a><\/li><li><a href=\"https:\/\/www.lirapopular.cl\/lirapopularxix\/2021\/09\/18\/retirenme-este-serrano\/\">Ret\u00edrenme este serrano<\/a><\/li><\/ul>\n\n\n\n<p>Nota: Los versos no est\u00e1n titulados, usamos su primera l\u00ednea.<br \/>Este ejemplar tiene escrito a mano con l\u00e1piz rojo \u201c506\u201d.<br \/>Documento optimizado digitalmente.<\/p>\n","protected":false},"excerpt":{"rendered":"<p>Autor: Pedro Villegas.Impresor: Sin informaci\u00f3nTama\u00f1o: 20,5 x 31,9 cmClasificaci\u00f3n: 506 V732a Caja N\u00b03b Fu\u00e9 asesinado, se\u00f1ores En la misma capital Ret\u00edrenme este serrano Nota: Los versos no est\u00e1n titulados, usamos su primera l\u00ednea.Este ejemplar tiene escrito a mano con l\u00e1piz rojo \u201c506\u201d.Documento optimizado digitalmente.<\/p>\n","protected":false},"author":1,"featured_media":0,"parent":0,"menu_order":0,"comment_status":"closed","ping_status":"closed","template":"","meta":{"footnotes":""},"class_list":["post-22817","page","type-page","status-publish","hentry"],"jetpack_sharing_enabled":true,"_links":{"self":[{"href":"https:\/\/www.lirapopular.cl\/lirapopularxix\/wp-json\/wp\/v2\/pages\/22817","targetHints":{"allow":["GET"]}}],"collection":[{"href":"https:\/\/www.lirapopular.cl\/lirapopularxix\/wp-json\/wp\/v2\/pages"}],"about":[{"href":"https:\/\/www.lirapopular.cl\/lirapopularxix\/wp-json\/wp\/v2\/types\/page"}],"author":[{"embeddable":true,"href":"https:\/\/www.lirapopular.cl\/lirapopularxix\/wp-json\/wp\/v2\/users\/1"}],"replies":[{"embeddable":true,"href":"https:\/\/www.lirapopular.cl\/lirapopularxix\/wp-json\/wp\/v2\/comments?post=22817"}],"version-history":[{"count":0,"href":"https:\/\/www.lirapopular.cl\/lirapopularxix\/wp-json\/wp\/v2\/pages\/22817\/revisions"}],"wp:attachment":[{"href":"https:\/\/www.lirapopular.cl\/lirapopularxix\/wp-json\/wp\/v2\/media?parent=22817"}],"curies":[{"name":"wp","href":"https:\/\/api.w.org\/{rel}","templated":true}]}}