{"id":22800,"date":"2021-09-18T10:53:46","date_gmt":"2021-09-18T14:53:46","guid":{"rendered":"https:\/\/www.lirapopular.cl\/lirapopularxix\/?page_id=22800"},"modified":"2021-09-18T10:53:46","modified_gmt":"2021-09-18T14:53:46","slug":"ejecucion-de-echavarria-i-barrera","status":"publish","type":"page","link":"https:\/\/www.lirapopular.cl\/lirapopularxix\/ejecucion-de-echavarria-i-barrera\/","title":{"rendered":"Ejecucion de Echavarr\u00eda i Barrera"},"content":{"rendered":"\n<div class=\"wp-block-image\"><figure class=\"alignright size-medium\"><a href=\"http:\/\/https:\/\/www.lirapopular.cl\/lirapopularxix\/wp-content\/uploads\/2021\/09\/504-1.jpg\"><img decoding=\"async\" src=\"http:\/\/https:\/\/www.lirapopular.cl\/lirapopularxix\/wp-content\/uploads\/2021\/09\/504-1-300x219.jpg\" alt=\"\" class=\"wp-image-22803\"\/><\/a><figcaption>Colecci\u00f3n Lira Popular de la<br \/>Universidad de Chile<\/figcaption><\/figure><\/div>\n\n\n\n<p>Autor: Pedro Villegas.<br \/>Impresor: Impreso por P Ramirez\u2014Ech\u00e1urren 6.<br \/>Tama\u00f1o: 24,7 x 34,8 cm<br \/>Clasificaci\u00f3n 504 V732e Caja N\u00b03b<\/p>\n\n\n\n<ul class=\"wp-block-list\"><li><a href=\"https:\/\/www.lirapopular.cl\/lirapopularxix\/2021\/09\/18\/dos-reos-de-muerte\/\">Dos reos de muerte<\/a><\/li><li><a href=\"https:\/\/www.lirapopular.cl\/lirapopularxix\/2021\/09\/18\/ejecucion-de-echavarria-i-barrera\/\">Ejecuci\u00f3n de Echaverr\u00eda y Barrera, autores del asesinato de toda la familia Bascur, compuesta de siete personas<\/a><\/li><li><a href=\"https:\/\/www.lirapopular.cl\/lirapopularxix\/2021\/09\/18\/otros-detales\/\">Otros detalles<\/a><\/li><li><a href=\"https:\/\/www.lirapopular.cl\/lirapopularxix\/2021\/09\/18\/catastrofe-en-s-ramon\/\">Cat\u00e1strofe en S. Ram\u00f3n.<\/a><\/li><\/ul>\n\n\n\n<p>Nota: Este ejemplar tiene escrito a mano con l\u00e1piz rojo \u201c504\u201d.<br \/>Documento optimizado digitalmente.<\/p>\n","protected":false},"excerpt":{"rendered":"<p>Autor: Pedro Villegas.Impresor: Impreso por P Ramirez\u2014Ech\u00e1urren 6.Tama\u00f1o: 24,7 x 34,8 cmClasificaci\u00f3n 504 V732e Caja N\u00b03b Dos reos de muerte Ejecuci\u00f3n de Echaverr\u00eda y Barrera, autores del asesinato de toda la familia Bascur, compuesta de siete personas Otros detalles Cat\u00e1strofe en S. Ram\u00f3n. Nota: Este ejemplar tiene escrito a mano con l\u00e1piz rojo \u201c504\u201d.Documento optimizado [&hellip;]<\/p>\n","protected":false},"author":1,"featured_media":0,"parent":0,"menu_order":0,"comment_status":"closed","ping_status":"closed","template":"","meta":{"footnotes":""},"class_list":["post-22800","page","type-page","status-publish","hentry"],"jetpack_sharing_enabled":true,"_links":{"self":[{"href":"https:\/\/www.lirapopular.cl\/lirapopularxix\/wp-json\/wp\/v2\/pages\/22800","targetHints":{"allow":["GET"]}}],"collection":[{"href":"https:\/\/www.lirapopular.cl\/lirapopularxix\/wp-json\/wp\/v2\/pages"}],"about":[{"href":"https:\/\/www.lirapopular.cl\/lirapopularxix\/wp-json\/wp\/v2\/types\/page"}],"author":[{"embeddable":true,"href":"https:\/\/www.lirapopular.cl\/lirapopularxix\/wp-json\/wp\/v2\/users\/1"}],"replies":[{"embeddable":true,"href":"https:\/\/www.lirapopular.cl\/lirapopularxix\/wp-json\/wp\/v2\/comments?post=22800"}],"version-history":[{"count":0,"href":"https:\/\/www.lirapopular.cl\/lirapopularxix\/wp-json\/wp\/v2\/pages\/22800\/revisions"}],"wp:attachment":[{"href":"https:\/\/www.lirapopular.cl\/lirapopularxix\/wp-json\/wp\/v2\/media?parent=22800"}],"curies":[{"name":"wp","href":"https:\/\/api.w.org\/{rel}","templated":true}]}}